{"id":2124,"date":"2020-12-19T19:35:06","date_gmt":"2020-12-19T12:35:06","guid":{"rendered":"http:\/\/remcuanhuy.vn\/r\/?post_type=product&#038;p=2124"},"modified":"2026-01-21T01:02:04","modified_gmt":"2026-01-20T18:02:04","slug":"rem-cau-vong-rcv01","status":"publish","type":"product","link":"https:\/\/remcuanhuy.vn\/r\/mua\/rem-cau-vong-dep-tai-ha-noi\/rem-cau-vong-rcv01\/","title":{"rendered":"R\u00e8m C\u1ea7u V\u1ed3ng RCV01"},"content":{"rendered":"<p><a href=\"https:\/\/remcuanhuy.vn\/r\/wp-content\/uploads\/2019\/04\/rem-cau-vong_dep-1.jpg\"><img loading=\"lazy\" decoding=\"async\" class=\"alignnone size-full wp-image-2125\" src=\"https:\/\/remcuanhuy.vn\/r\/wp-content\/uploads\/2019\/04\/rem-cau-vong_dep-1.jpg\" alt=\"\" width=\"1600\" height=\"1200\" srcset=\"https:\/\/remcuanhuy.vn\/r\/wp-content\/uploads\/2019\/04\/rem-cau-vong_dep-1.jpg 1600w, https:\/\/remcuanhuy.vn\/r\/wp-content\/uploads\/2019\/04\/rem-cau-vong_dep-1-600x450.jpg 600w, https:\/\/remcuanhuy.vn\/r\/wp-content\/uploads\/2019\/04\/rem-cau-vong_dep-1-64x48.jpg 64w, https:\/\/remcuanhuy.vn\/r\/wp-content\/uploads\/2019\/04\/rem-cau-vong_dep-1-300x225.jpg 300w, https:\/\/remcuanhuy.vn\/r\/wp-content\/uploads\/2019\/04\/rem-cau-vong_dep-1-768x576.jpg 768w, https:\/\/remcuanhuy.vn\/r\/wp-content\/uploads\/2019\/04\/rem-cau-vong_dep-1-1024x768.jpg 1024w, https:\/\/remcuanhuy.vn\/r\/wp-content\/uploads\/2019\/04\/rem-cau-vong_dep-1-205x154.jpg 205w, https:\/\/remcuanhuy.vn\/r\/wp-content\/uploads\/2019\/04\/rem-cau-vong_dep-1-1170x878.jpg 1170w\" sizes=\"(max-width: 1600px) 100vw, 1600px\" \/><\/a><\/p>\n","protected":false},"excerpt":{"rendered":"<p>R\u00e8m c\u1ea7u v\u1ed3ng m\u00e0u xanh \u00f4 liu r\u1ea5t \u0111\u1eb9p, l\u00e0 l\u1ef1a ch\u1ecdn ph\u00f9 h\u1ee3p v\u1edbi nhi\u1ec1u kh\u00f4ng gian t\u1eeb v\u0103n ph\u00f2ng cho \u0111\u1ebfn vi\u1ec7c trang tr\u00ed nh\u00e0 c\u1eeda, c\u0103n h\u1ed9 gia \u0111\u00ecnh. \u0110\u00e2y l\u00e0 s\u1ea3n ph\u1ea9m r\u1ea5t \u0111\u00e1ng \u0111\u1ec3 kh\u00e1ch h\u00e0ng l\u1ef1a ch\u1ecdn nh\u1ea5t l\u00e0 v\u1edbi nh\u1eefng gia ch\u1ee7 h\u1ee3p m\u1ec7nh m\u1ed9c, c\u1ea7n s\u1ef1 y\u00ean t\u0129nh d\u1ecbu m\u00e1t v\u00e0o m\u00f9a h\u00e8.<\/p>\n","protected":false},"featured_media":2125,"comment_status":"open","ping_status":"closed","template":"","meta":[],"product_cat":[91],"product_tag":[102,100,101],"_links":{"self":[{"href":"https:\/\/remcuanhuy.vn\/r\/wp-json\/wp\/v2\/product\/2124"}],"collection":[{"href":"https:\/\/remcuanhuy.vn\/r\/wp-json\/wp\/v2\/product"}],"about":[{"href":"https:\/\/remcuanhuy.vn\/r\/wp-json\/wp\/v2\/types\/product"}],"replies":[{"embeddable":true,"href":"https:\/\/remcuanhuy.vn\/r\/wp-json\/wp\/v2\/comments?post=2124"}],"wp:featuredmedia":[{"embeddable":true,"href":"https:\/\/remcuanhuy.vn\/r\/wp-json\/wp\/v2\/media\/2125"}],"wp:attachment":[{"href":"https:\/\/remcuanhuy.vn\/r\/wp-json\/wp\/v2\/media?parent=2124"}],"wp:term":[{"taxonomy":"product_cat","embeddable":true,"href":"https:\/\/remcuanhuy.vn\/r\/wp-json\/wp\/v2\/product_cat?post=2124"},{"taxonomy":"product_tag","embeddable":true,"href":"https:\/\/remcuanhuy.vn\/r\/wp-json\/wp\/v2\/product_tag?post=2124"}],"curies":[{"name":"wp","href":"https:\/\/api.w.org\/{rel}","templated":true}]}}