{"id":2167,"date":"2020-12-21T20:06:39","date_gmt":"2020-12-21T13:06:39","guid":{"rendered":"http:\/\/remcuanhuy.vn\/r\/?post_type=product&#038;p=2167"},"modified":"2026-01-21T01:02:29","modified_gmt":"2026-01-20T18:02:29","slug":"rem-cau-vong-rcv03","status":"publish","type":"product","link":"https:\/\/remcuanhuy.vn\/r\/mua\/rem-cau-vong-dep-tai-ha-noi\/rem-cau-vong-rcv03\/","title":{"rendered":"R\u00e8m C\u1ea7u V\u1ed3ng RCV03"},"content":{"rendered":"<p><a href=\"https:\/\/remcuanhuy.vn\/r\/wp-content\/uploads\/2019\/04\/rem-cau-vong_dep-2.jpg\"><img loading=\"lazy\" decoding=\"async\" class=\"alignnone size-full wp-image-2168\" src=\"https:\/\/remcuanhuy.vn\/r\/wp-content\/uploads\/2019\/04\/rem-cau-vong_dep-2.jpg\" alt=\"\" width=\"960\" height=\"1280\" srcset=\"https:\/\/remcuanhuy.vn\/r\/wp-content\/uploads\/2019\/04\/rem-cau-vong_dep-2.jpg 960w, https:\/\/remcuanhuy.vn\/r\/wp-content\/uploads\/2019\/04\/rem-cau-vong_dep-2-262x349.jpg 262w, https:\/\/remcuanhuy.vn\/r\/wp-content\/uploads\/2019\/04\/rem-cau-vong_dep-2-600x800.jpg 600w, https:\/\/remcuanhuy.vn\/r\/wp-content\/uploads\/2019\/04\/rem-cau-vong_dep-2-64x85.jpg 64w, https:\/\/remcuanhuy.vn\/r\/wp-content\/uploads\/2019\/04\/rem-cau-vong_dep-2-225x300.jpg 225w, https:\/\/remcuanhuy.vn\/r\/wp-content\/uploads\/2019\/04\/rem-cau-vong_dep-2-768x1024.jpg 768w, https:\/\/remcuanhuy.vn\/r\/wp-content\/uploads\/2019\/04\/rem-cau-vong_dep-2-116x154.jpg 116w\" sizes=\"(max-width: 960px) 100vw, 960px\" \/><\/a><\/p>\n","protected":false},"excerpt":{"rendered":"<p>R\u00e8m c\u1ea7u v\u1ed3ng n\u00e2u s\u1eabm d\u1ecbu m\u00e1t v\u00e0o m\u00f9a h\u00e8, t\u1ea1o cho c\u0103n ph\u00f2ng ng\u1ee7 m\u1ed9t kh\u00f4ng gian th\u01b0 gi\u00e3n v\u00e0o nh\u1eefng ng\u00e0y h\u00e8 n\u00f3ng n\u1ef1c, gi\u00fap b\u1ea1n c\u00f3 m\u1ed9t gi\u1ea5c ng\u1ee7 s\u00e2u v\u00e0 ti\u1ec7n l\u1ee3i h\u01a1n khi \u00f4 c\u1eeda s\u1ed5 c\u1ed1 \u0111\u1ecbnh \u0111\u01b0\u1ee3c trang tr\u00ed l\u01b0u \u0111\u1ed9ng h\u01a1n b\u1eb1ng r\u00e8m r\u00e8m c\u1ea7u v\u1ed3ng.<\/p>\n","protected":false},"featured_media":2168,"comment_status":"open","ping_status":"closed","template":"","meta":[],"product_cat":[91],"product_tag":[132],"_links":{"self":[{"href":"https:\/\/remcuanhuy.vn\/r\/wp-json\/wp\/v2\/product\/2167"}],"collection":[{"href":"https:\/\/remcuanhuy.vn\/r\/wp-json\/wp\/v2\/product"}],"about":[{"href":"https:\/\/remcuanhuy.vn\/r\/wp-json\/wp\/v2\/types\/product"}],"replies":[{"embeddable":true,"href":"https:\/\/remcuanhuy.vn\/r\/wp-json\/wp\/v2\/comments?post=2167"}],"wp:featuredmedia":[{"embeddable":true,"href":"https:\/\/remcuanhuy.vn\/r\/wp-json\/wp\/v2\/media\/2168"}],"wp:attachment":[{"href":"https:\/\/remcuanhuy.vn\/r\/wp-json\/wp\/v2\/media?parent=2167"}],"wp:term":[{"taxonomy":"product_cat","embeddable":true,"href":"https:\/\/remcuanhuy.vn\/r\/wp-json\/wp\/v2\/product_cat?post=2167"},{"taxonomy":"product_tag","embeddable":true,"href":"https:\/\/remcuanhuy.vn\/r\/wp-json\/wp\/v2\/product_tag?post=2167"}],"curies":[{"name":"wp","href":"https:\/\/api.w.org\/{rel}","templated":true}]}}