{"id":2307,"date":"2019-05-13T14:05:09","date_gmt":"2019-05-13T07:05:09","guid":{"rendered":"http:\/\/remcuanhuy.vn\/r\/?post_type=product&#038;p=2307"},"modified":"2025-12-17T04:55:47","modified_gmt":"2025-12-16T21:55:47","slug":"rem-vai-hoa-tiet-1-lop-mau-xam-anh-bac-can-nang-rvht15","status":"publish","type":"product","link":"https:\/\/remcuanhuy.vn\/r\/mua\/rem-vai-hoa-tiet\/rem-vai-hoa-tiet-1-lop-mau-xam-anh-bac-can-nang-rvht15\/","title":{"rendered":"R\u00e8m V\u1ea3i H\u1ecda Ti\u1ebft 1 L\u1edbp &#8211; M\u00e0u X\u00e1m \u00c1nh B\u1ea1c C\u1ea3n N\u1eafng RVHT15"},"content":{"rendered":"<p><a href=\"https:\/\/remcuanhuy.vn\/r\/wp-content\/uploads\/2019\/05\/rem-vai-hoa-tiet_dep-43.jpg\"><img loading=\"lazy\" decoding=\"async\" class=\"aligncenter size-full wp-image-2316\" src=\"https:\/\/remcuanhuy.vn\/r\/wp-content\/uploads\/2019\/05\/rem-vai-hoa-tiet_dep-43.jpg\" alt=\"\" width=\"720\" height=\"960\" srcset=\"https:\/\/remcuanhuy.vn\/r\/wp-content\/uploads\/2019\/05\/rem-vai-hoa-tiet_dep-43.jpg 720w, https:\/\/remcuanhuy.vn\/r\/wp-content\/uploads\/2019\/05\/rem-vai-hoa-tiet_dep-43-262x349.jpg 262w, https:\/\/remcuanhuy.vn\/r\/wp-content\/uploads\/2019\/05\/rem-vai-hoa-tiet_dep-43-600x800.jpg 600w, https:\/\/remcuanhuy.vn\/r\/wp-content\/uploads\/2019\/05\/rem-vai-hoa-tiet_dep-43-64x85.jpg 64w, https:\/\/remcuanhuy.vn\/r\/wp-content\/uploads\/2019\/05\/rem-vai-hoa-tiet_dep-43-225x300.jpg 225w, https:\/\/remcuanhuy.vn\/r\/wp-content\/uploads\/2019\/05\/rem-vai-hoa-tiet_dep-43-116x154.jpg 116w\" sizes=\"(max-width: 720px) 100vw, 720px\" \/><\/a><\/p>\n","protected":false},"excerpt":{"rendered":"<p>R\u00e8m v\u1ea3i h\u1ecda ti\u1ebft m\u00e0u x\u00e1m \u00e1nh b\u1ea1c m\u1ed9t l\u1edbp v\u1ea3i c\u1ea3n n\u1eafng. C\u00f3 c\u00e1c h\u1ecda ti\u1ebft hoa v\u0103n ch\u00ecm mang theo nh\u1eefng \u0111\u01b0\u1eddng kim m\u0169i ch\u1ec9 \u1ea5n t\u01b0\u1ee3ng trong t\u1eebng chi ti\u1ebft. \u0110\u00e2y l\u00e0 m\u1eabu r\u00e8m phong th\u1ee7y r\u1ea5t ph\u00f9 h\u1ee3p v\u1edbi gia ch\u1ee7 c\u00f3 m\u1ec7nh kim.<\/p>\n<ul>\n<li>Gi\u00e1 th\u00e0nh: t\u00ednh theo m\u00e9t ngang c\u1eeda \u0111\u00e3 bao g\u1ed3m c\u00f4ng l\u1eafp \u0111\u1eb7t ho\u00e0n thi\u1ec7n.<\/li>\n<li>\u01afu \u0111i\u1ec3m: D\u1ec5 v\u1ec7 sinh, kh\u00f4ng b\u1eaft b\u1ee5i, gi\u00e1 th\u00e0nh t\u1ea7m trung, kh\u00e1 \u0111\u1eb9p v\u00e0 c\u00e1 t\u00ednh, d\u1ec5 k\u1ebft h\u1ee3p v\u1edbi n\u1ed9i th\u1ea5t phong th\u1ee7y.<\/li>\n<li>T\u00e1c D\u1ee5ng: c\u1ea3n n\u1eafng, ch\u1eafn s\u00e1ng, ch\u1ed1ng \u1ed3n, ri\u00eang t\u01b0, l\u00e0m \u0111\u1eb9p, \u0111i\u1ec1u ti\u1ebft c\u1ea3m x\u00fac, phong th\u1ee7y.<\/li>\n<\/ul>\n","protected":false},"featured_media":2316,"comment_status":"open","ping_status":"closed","template":"","meta":[],"product_cat":[79],"product_tag":[391,361,354],"_links":{"self":[{"href":"https:\/\/remcuanhuy.vn\/r\/wp-json\/wp\/v2\/product\/2307"}],"collection":[{"href":"https:\/\/remcuanhuy.vn\/r\/wp-json\/wp\/v2\/product"}],"about":[{"href":"https:\/\/remcuanhuy.vn\/r\/wp-json\/wp\/v2\/types\/product"}],"replies":[{"embeddable":true,"href":"https:\/\/remcuanhuy.vn\/r\/wp-json\/wp\/v2\/comments?post=2307"}],"wp:featuredmedia":[{"embeddable":true,"href":"https:\/\/remcuanhuy.vn\/r\/wp-json\/wp\/v2\/media\/2316"}],"wp:attachment":[{"href":"https:\/\/remcuanhuy.vn\/r\/wp-json\/wp\/v2\/media?parent=2307"}],"wp:term":[{"taxonomy":"product_cat","embeddable":true,"href":"https:\/\/remcuanhuy.vn\/r\/wp-json\/wp\/v2\/product_cat?post=2307"},{"taxonomy":"product_tag","embeddable":true,"href":"https:\/\/remcuanhuy.vn\/r\/wp-json\/wp\/v2\/product_tag?post=2307"}],"curies":[{"name":"wp","href":"https:\/\/api.w.org\/{rel}","templated":true}]}}