{"id":2345,"date":"2019-05-17T10:17:58","date_gmt":"2019-05-17T03:17:58","guid":{"rendered":"http:\/\/remcuanhuy.vn\/r\/?post_type=product&#038;p=2345"},"modified":"2026-04-14T19:49:24","modified_gmt":"2026-04-14T12:49:24","slug":"rem-vai-hoa-tiet-2-lop-can-nang-mau-dua-can-rvht25","status":"publish","type":"product","link":"https:\/\/remcuanhuy.vn\/r\/mua\/rem-vai-hoa-tiet\/rem-vai-hoa-tiet-2-lop-can-nang-mau-dua-can-rvht25\/","title":{"rendered":"R\u00e8m V\u1ea3i H\u1ecda Ti\u1ebft 2 L\u1edbp C\u1ea3n N\u1eafng, M\u00e0u D\u1eeba C\u1ea1n RVHT25"},"content":{"rendered":"<p><a href=\"https:\/\/remcuanhuy.vn\/r\/wp-content\/uploads\/2019\/05\/rem-vai-hoa-tiet_dep-31.jpg\"><img loading=\"lazy\" decoding=\"async\" class=\"aligncenter size-full wp-image-2348\" src=\"https:\/\/remcuanhuy.vn\/r\/wp-content\/uploads\/2019\/05\/rem-vai-hoa-tiet_dep-31.jpg\" alt=\"\" width=\"720\" height=\"960\" srcset=\"https:\/\/remcuanhuy.vn\/r\/wp-content\/uploads\/2019\/05\/rem-vai-hoa-tiet_dep-31.jpg 720w, https:\/\/remcuanhuy.vn\/r\/wp-content\/uploads\/2019\/05\/rem-vai-hoa-tiet_dep-31-262x349.jpg 262w, https:\/\/remcuanhuy.vn\/r\/wp-content\/uploads\/2019\/05\/rem-vai-hoa-tiet_dep-31-600x800.jpg 600w, https:\/\/remcuanhuy.vn\/r\/wp-content\/uploads\/2019\/05\/rem-vai-hoa-tiet_dep-31-64x85.jpg 64w, https:\/\/remcuanhuy.vn\/r\/wp-content\/uploads\/2019\/05\/rem-vai-hoa-tiet_dep-31-225x300.jpg 225w, https:\/\/remcuanhuy.vn\/r\/wp-content\/uploads\/2019\/05\/rem-vai-hoa-tiet_dep-31-116x154.jpg 116w\" sizes=\"(max-width: 720px) 100vw, 720px\" \/><\/a><\/p>\n","protected":false},"excerpt":{"rendered":"<p>R\u00e8m v\u1ea3i h\u1ecda ti\u1ebft tone m\u00e0u d\u1eeba c\u1ea1n thi\u1ebft k\u1ebf theo phong c\u00e1ch r\u00e8m dun kh\u00e1 \u0111\u1eb9p. Mi\u1ec5n ph\u00ed t\u01b0 v\u1ea5n l\u1eafp \u0111\u1eb7t ho\u00e0n thi\u1ec7n t\u1ea1i nh\u00e0.<\/p>\n<p>Gi\u00e1 tr\u00ean t\u00ednh theo 1 m\u00e9t nganh c\u1eeda + chi\u1ec1u cao mi\u1ec5n ph\u00ed 2m8 \u0111\u1ed5 l\u1ea1i<\/p>\n","protected":false},"featured_media":2348,"comment_status":"open","ping_status":"closed","template":"","meta":[],"product_cat":[79],"product_tag":[365,368,253,369],"_links":{"self":[{"href":"https:\/\/remcuanhuy.vn\/r\/wp-json\/wp\/v2\/product\/2345"}],"collection":[{"href":"https:\/\/remcuanhuy.vn\/r\/wp-json\/wp\/v2\/product"}],"about":[{"href":"https:\/\/remcuanhuy.vn\/r\/wp-json\/wp\/v2\/types\/product"}],"replies":[{"embeddable":true,"href":"https:\/\/remcuanhuy.vn\/r\/wp-json\/wp\/v2\/comments?post=2345"}],"wp:featuredmedia":[{"embeddable":true,"href":"https:\/\/remcuanhuy.vn\/r\/wp-json\/wp\/v2\/media\/2348"}],"wp:attachment":[{"href":"https:\/\/remcuanhuy.vn\/r\/wp-json\/wp\/v2\/media?parent=2345"}],"wp:term":[{"taxonomy":"product_cat","embeddable":true,"href":"https:\/\/remcuanhuy.vn\/r\/wp-json\/wp\/v2\/product_cat?post=2345"},{"taxonomy":"product_tag","embeddable":true,"href":"https:\/\/remcuanhuy.vn\/r\/wp-json\/wp\/v2\/product_tag?post=2345"}],"curies":[{"name":"wp","href":"https:\/\/api.w.org\/{rel}","templated":true}]}}