{"id":2401,"date":"2019-05-17T10:57:49","date_gmt":"2019-05-17T03:57:49","guid":{"rendered":"http:\/\/remcuanhuy.vn\/r\/?post_type=product&#038;p=2401"},"modified":"2025-10-14T17:11:01","modified_gmt":"2025-10-14T10:11:01","slug":"rem-vai-mot-mau-2-lop-mau-nau-tatin-rvmm11","status":"publish","type":"product","link":"https:\/\/remcuanhuy.vn\/r\/mua\/rem-vai-mot-mau\/rem-vai-mot-mau-2-lop-mau-nau-tatin-rvmm11\/","title":{"rendered":"R\u00e8m V\u1ea3i M\u1ed9t M\u00e0u 2 L\u1edbp M\u00e0u N\u00e2u Tatin RVMM11"},"content":{"rendered":"<p><a href=\"https:\/\/remcuanhuy.vn\/r\/wp-content\/uploads\/2019\/05\/rem-vai-mot-mau_dep-11.jpg\"><img loading=\"lazy\" decoding=\"async\" class=\"aligncenter size-full wp-image-2402\" src=\"https:\/\/remcuanhuy.vn\/r\/wp-content\/uploads\/2019\/05\/rem-vai-mot-mau_dep-11.jpg\" alt=\"\" width=\"1280\" height=\"960\" srcset=\"https:\/\/remcuanhuy.vn\/r\/wp-content\/uploads\/2019\/05\/rem-vai-mot-mau_dep-11.jpg 1280w, https:\/\/remcuanhuy.vn\/r\/wp-content\/uploads\/2019\/05\/rem-vai-mot-mau_dep-11-600x450.jpg 600w, https:\/\/remcuanhuy.vn\/r\/wp-content\/uploads\/2019\/05\/rem-vai-mot-mau_dep-11-64x48.jpg 64w, https:\/\/remcuanhuy.vn\/r\/wp-content\/uploads\/2019\/05\/rem-vai-mot-mau_dep-11-300x225.jpg 300w, https:\/\/remcuanhuy.vn\/r\/wp-content\/uploads\/2019\/05\/rem-vai-mot-mau_dep-11-768x576.jpg 768w, https:\/\/remcuanhuy.vn\/r\/wp-content\/uploads\/2019\/05\/rem-vai-mot-mau_dep-11-1024x768.jpg 1024w, https:\/\/remcuanhuy.vn\/r\/wp-content\/uploads\/2019\/05\/rem-vai-mot-mau_dep-11-205x154.jpg 205w, https:\/\/remcuanhuy.vn\/r\/wp-content\/uploads\/2019\/05\/rem-vai-mot-mau_dep-11-1170x878.jpg 1170w\" sizes=\"(max-width: 1280px) 100vw, 1280px\" \/><\/a><\/p>\n","protected":false},"excerpt":{"rendered":"<p>R\u00e8m v\u1ea3i m\u1ed9t m\u00e0u, tone m\u00e0u n\u00e2u tatin 2 l\u1edbp (V\u1ea3i Th\u00f4 + Voan) thi\u1ebft k\u1ebf sang tr\u1ecdng. Khi ph\u1ed1i h\u1ee3p v\u1edbi 3 m\u00f3n v\u1eadt d\u1ee5ng n\u1ed9i th\u1ea5t c\u00f9ng m\u00e0u b\u00ean trong ph\u00f2ng, s\u1ebd l\u00e0m cho n\u1ed9i th\u1ea5t c\u0103n h\u1ed9 b\u1ea1n th\u00eam ph\u1ea7n \u0111\u1eb9p lung linh.<\/p>\n<ul>\n<li>\u01afu \u0111i\u1ec3m: sang tr\u1ecdng, tinh t\u1ebf, d\u1ec5 ph\u1ed1i m\u00e0u, kh\u00f4ng b\u1eaft b\u1ee5i<\/li>\n<li>Ch\u1ee9c n\u0103ng: c\u1ea3n n\u1eafng, ch\u1eafn s\u00e1ng, l\u00e0m \u0111\u1eb9p<\/li>\n<li>Gi\u00e1 th\u00e0nh: gi\u00e1 tr\u00ean t\u00ednh theo 1 m\u00e9t ngang c\u1eeda<\/li>\n<\/ul>\n","protected":false},"featured_media":2402,"comment_status":"open","ping_status":"closed","template":"","meta":[],"product_cat":[86],"product_tag":[133,360,361,355,253],"_links":{"self":[{"href":"https:\/\/remcuanhuy.vn\/r\/wp-json\/wp\/v2\/product\/2401"}],"collection":[{"href":"https:\/\/remcuanhuy.vn\/r\/wp-json\/wp\/v2\/product"}],"about":[{"href":"https:\/\/remcuanhuy.vn\/r\/wp-json\/wp\/v2\/types\/product"}],"replies":[{"embeddable":true,"href":"https:\/\/remcuanhuy.vn\/r\/wp-json\/wp\/v2\/comments?post=2401"}],"wp:featuredmedia":[{"embeddable":true,"href":"https:\/\/remcuanhuy.vn\/r\/wp-json\/wp\/v2\/media\/2402"}],"wp:attachment":[{"href":"https:\/\/remcuanhuy.vn\/r\/wp-json\/wp\/v2\/media?parent=2401"}],"wp:term":[{"taxonomy":"product_cat","embeddable":true,"href":"https:\/\/remcuanhuy.vn\/r\/wp-json\/wp\/v2\/product_cat?post=2401"},{"taxonomy":"product_tag","embeddable":true,"href":"https:\/\/remcuanhuy.vn\/r\/wp-json\/wp\/v2\/product_tag?post=2401"}],"curies":[{"name":"wp","href":"https:\/\/api.w.org\/{rel}","templated":true}]}}