{"id":2540,"date":"2019-05-18T12:20:49","date_gmt":"2019-05-18T05:20:49","guid":{"rendered":"http:\/\/remcuanhuy.vn\/r\/?post_type=product&#038;p=2540"},"modified":"2025-05-31T05:41:59","modified_gmt":"2025-05-30T22:41:59","slug":"rem-cuon-uc-nha-hang-mau-nau-can-nang-chuoi-cong-trinh-lotteria","status":"publish","type":"product","link":"https:\/\/remcuanhuy.vn\/r\/mua\/rem-cuon\/rem-cuon-uc-nha-hang-mau-nau-can-nang-chuoi-cong-trinh-lotteria\/","title":{"rendered":"R\u00e8m Cu\u1ed1n \u00dac Nh\u00e0 H\u00e0ng M\u00e0u N\u00e2u C\u1ea3n N\u1eafng &#8211; Chu\u1ed7i C\u00f4ng Tr\u00ecnh Lotteria"},"content":{"rendered":"<p><a href=\"https:\/\/remcuanhuy.vn\/r\/wp-content\/uploads\/2019\/05\/rem-cuon_dep-3.jpg\"><img loading=\"lazy\" decoding=\"async\" class=\"aligncenter size-full wp-image-2541\" src=\"https:\/\/remcuanhuy.vn\/r\/wp-content\/uploads\/2019\/05\/rem-cuon_dep-3.jpg\" alt=\"\" width=\"1280\" height=\"960\" srcset=\"https:\/\/remcuanhuy.vn\/r\/wp-content\/uploads\/2019\/05\/rem-cuon_dep-3.jpg 1280w, https:\/\/remcuanhuy.vn\/r\/wp-content\/uploads\/2019\/05\/rem-cuon_dep-3-600x450.jpg 600w, https:\/\/remcuanhuy.vn\/r\/wp-content\/uploads\/2019\/05\/rem-cuon_dep-3-64x48.jpg 64w, https:\/\/remcuanhuy.vn\/r\/wp-content\/uploads\/2019\/05\/rem-cuon_dep-3-300x225.jpg 300w, https:\/\/remcuanhuy.vn\/r\/wp-content\/uploads\/2019\/05\/rem-cuon_dep-3-768x576.jpg 768w, https:\/\/remcuanhuy.vn\/r\/wp-content\/uploads\/2019\/05\/rem-cuon_dep-3-1024x768.jpg 1024w, https:\/\/remcuanhuy.vn\/r\/wp-content\/uploads\/2019\/05\/rem-cuon_dep-3-205x154.jpg 205w, https:\/\/remcuanhuy.vn\/r\/wp-content\/uploads\/2019\/05\/rem-cuon_dep-3-1170x878.jpg 1170w\" sizes=\"(max-width: 1280px) 100vw, 1280px\" \/><\/a><\/p>\n","protected":false},"excerpt":{"rendered":"<blockquote><p>M\u00e0n <strong>r\u00e8m cu\u1ed1n \u00fac<\/strong> m\u00e0u n\u00e2u c\u1ea3n n\u1eafng 99%. thi\u1ebft k\u1ebf phong c\u00e1ch l\u1ecbch s\u1ef1, d\u00f9ng cho c\u00e1c kh\u00f4ng gian v\u0103n ph\u00f2ng, nh\u00e0 h\u00e0ng, kh\u00e1ch s\u1ea1n. Ho\u1eb7c ph\u00f2ng kh\u00e1ch c\u1ee7a m\u1ecdi gia \u0111\u00ecnh, cho c\u00e1c c\u0103n h\u1ed9 chung c\u01b0.<\/p><\/blockquote>\n<ul>\n<li>Gi\u00e1 th\u00e0nh: t\u00ednh theo m\u00e9t vu\u00f4ng c\u1eeda<\/li>\n<li>\u01afu \u0111i\u1ec3m: L\u01b0u \u0111\u1ed9ng d\u1ec5 d\u00e0ng \u0111i\u1ec1u ti\u1ebft l\u01b0\u1ee3ng \u00e1nh s\u00e1ng nhi\u1ec1u hay \u00edt, cho kh\u00f4ng gian c\u0103n ph\u00f2ng c\u00f3 \u00e1nh s\u00e1ng nh\u01b0 \u00fd. D\u1ec5 v\u1ec7 sinh, kh\u00f4ng b\u1eaft b\u1ee5i, ch\u1ed1ng \u1ed3n.<\/li>\n<li>Ch\u1ee9c n\u0103ng: L\u00e0m \u0111\u1eb9p, c\u1ea3n n\u1eafng, ch\u1eafn s\u00e1ng, \u0111i\u1ec1u ti\u1ebft \u00e1nh s\u00e1ng, Gi\u00fap kh\u00f4ng gian tr\u1edf n\u00ean ri\u00eang t\u01b0 h\u01a1n.<\/li>\n<\/ul>\n","protected":false},"featured_media":2541,"comment_status":"open","ping_status":"closed","template":"","meta":[],"product_cat":[87],"product_tag":[359,388,390,133,389,364],"_links":{"self":[{"href":"https:\/\/remcuanhuy.vn\/r\/wp-json\/wp\/v2\/product\/2540"}],"collection":[{"href":"https:\/\/remcuanhuy.vn\/r\/wp-json\/wp\/v2\/product"}],"about":[{"href":"https:\/\/remcuanhuy.vn\/r\/wp-json\/wp\/v2\/types\/product"}],"replies":[{"embeddable":true,"href":"https:\/\/remcuanhuy.vn\/r\/wp-json\/wp\/v2\/comments?post=2540"}],"wp:featuredmedia":[{"embeddable":true,"href":"https:\/\/remcuanhuy.vn\/r\/wp-json\/wp\/v2\/media\/2541"}],"wp:attachment":[{"href":"https:\/\/remcuanhuy.vn\/r\/wp-json\/wp\/v2\/media?parent=2540"}],"wp:term":[{"taxonomy":"product_cat","embeddable":true,"href":"https:\/\/remcuanhuy.vn\/r\/wp-json\/wp\/v2\/product_cat?post=2540"},{"taxonomy":"product_tag","embeddable":true,"href":"https:\/\/remcuanhuy.vn\/r\/wp-json\/wp\/v2\/product_tag?post=2540"}],"curies":[{"name":"wp","href":"https:\/\/api.w.org\/{rel}","templated":true}]}}