{"id":2600,"date":"2019-05-18T12:50:35","date_gmt":"2019-05-18T05:50:35","guid":{"rendered":"http:\/\/remcuanhuy.vn\/r\/?post_type=product&#038;p=2600"},"modified":"2020-12-15T17:36:46","modified_gmt":"2020-12-15T10:36:46","slug":"rem-cuon-uc-can-nang-mau-men-ngoc-rc33","status":"publish","type":"product","link":"https:\/\/remcuanhuy.vn\/r\/mua\/rem-cuon\/rem-cuon-uc-can-nang-mau-men-ngoc-rc33\/","title":{"rendered":"R\u00e8m Cu\u1ed1n \u00dac C\u1ea3n N\u1eafng M\u00e0u Men Ng\u1ecdc RC33"},"content":{"rendered":"<p><a href=\"https:\/\/remcuanhuy.vn\/r\/wp-content\/uploads\/2019\/05\/rem-cuon_dep-33.jpg\"><img loading=\"lazy\" decoding=\"async\" class=\"aligncenter size-full wp-image-2601\" src=\"https:\/\/remcuanhuy.vn\/r\/wp-content\/uploads\/2019\/05\/rem-cuon_dep-33.jpg\" alt=\"\" width=\"748\" height=\"587\" srcset=\"https:\/\/remcuanhuy.vn\/r\/wp-content\/uploads\/2019\/05\/rem-cuon_dep-33.jpg 748w, https:\/\/remcuanhuy.vn\/r\/wp-content\/uploads\/2019\/05\/rem-cuon_dep-33-600x471.jpg 600w, https:\/\/remcuanhuy.vn\/r\/wp-content\/uploads\/2019\/05\/rem-cuon_dep-33-64x50.jpg 64w, https:\/\/remcuanhuy.vn\/r\/wp-content\/uploads\/2019\/05\/rem-cuon_dep-33-300x235.jpg 300w, https:\/\/remcuanhuy.vn\/r\/wp-content\/uploads\/2019\/05\/rem-cuon_dep-33-196x154.jpg 196w\" sizes=\"(max-width: 748px) 100vw, 748px\" \/><\/a><\/p>\n","protected":false},"excerpt":{"rendered":"<p>Gi\u00e1 tr\u00ean t\u00ednh theo 1 m\u00e9t vu\u00f4ng c\u1eeda, Ho\u00e0n thi\u1ec7n nhanh trong v\u00f2ng 24h<\/p>\n<p>B\u1ea3o h\u00e0nh 2 n\u0103m, b\u1ea3o tr\u00ec tr\u1ecdn \u0111\u1eddi s\u1ea3n ph\u1ea9m<\/p>\n","protected":false},"featured_media":2601,"comment_status":"open","ping_status":"closed","template":"","meta":[],"product_cat":[87],"product_tag":[363,361],"_links":{"self":[{"href":"https:\/\/remcuanhuy.vn\/r\/wp-json\/wp\/v2\/product\/2600"}],"collection":[{"href":"https:\/\/remcuanhuy.vn\/r\/wp-json\/wp\/v2\/product"}],"about":[{"href":"https:\/\/remcuanhuy.vn\/r\/wp-json\/wp\/v2\/types\/product"}],"replies":[{"embeddable":true,"href":"https:\/\/remcuanhuy.vn\/r\/wp-json\/wp\/v2\/comments?post=2600"}],"wp:featuredmedia":[{"embeddable":true,"href":"https:\/\/remcuanhuy.vn\/r\/wp-json\/wp\/v2\/media\/2601"}],"wp:attachment":[{"href":"https:\/\/remcuanhuy.vn\/r\/wp-json\/wp\/v2\/media?parent=2600"}],"wp:term":[{"taxonomy":"product_cat","embeddable":true,"href":"https:\/\/remcuanhuy.vn\/r\/wp-json\/wp\/v2\/product_cat?post=2600"},{"taxonomy":"product_tag","embeddable":true,"href":"https:\/\/remcuanhuy.vn\/r\/wp-json\/wp\/v2\/product_tag?post=2600"}],"curies":[{"name":"wp","href":"https:\/\/api.w.org\/{rel}","templated":true}]}}