{"id":2890,"date":"2016-08-04T11:15:19","date_gmt":"2016-08-04T11:15:19","guid":{"rendered":"http:\/\/flatsome.dev\/?page_id=8412"},"modified":"2022-12-31T22:01:11","modified_gmt":"2022-12-31T15:01:11","slug":"our-stores","status":"publish","type":"page","link":"https:\/\/remcuanhuy.vn\/r\/our-stores\/","title":{"rendered":"H\u1ec7 Th\u1ed1ng C\u00e1c C\u1eeda H\u00e0ng"},"content":{"rendered":"[\/vc_column_text][\/vc_column][\/vc_row][vc_row][vc_column][vc_column_text]\n\n  <div class=\"banner has-hover has-parallax\" id=\"banner-1476785884\">\n          <div class=\"banner-inner fill\">\n        <div class=\"banner-bg fill\" data-parallax=\"-2\" data-parallax-container=\".banner\" data-parallax-background>\n            <div class=\"bg fill bg-fill \"><\/div>\n                        <div class=\"overlay\"><\/div>            \n                    <\/div>\n\t\t\n        <div class=\"banner-layers container\">\n            <div class=\"fill banner-link\"><\/div>               <div id=\"text-box-87136694\" class=\"text-box banner-layer x50 md-x50 lg-x50 y50 md-y50 lg-y50 res-text\">\n                                <div class=\"text-box-content text dark\">\n              \n              <div class=\"text-inner text-center\">\n                  \n<h3 class=\"uppercase\"><strong>C\u00e1c C\u1eeda H\u00e0ng<\/strong><\/h3>\n<div class=\"is-divider divider clearfix\" ><\/div><div class=\"social-icons share-icons share-row relative\" ><a href=\"whatsapp:\/\/send?text=H%E1%BB%87%20Th%E1%BB%91ng%20C%C3%A1c%20C%E1%BB%ADa%20H%C3%A0ng - https:\/\/remcuanhuy.vn\/r\/our-stores\/\" data-action=\"share\/whatsapp\/share\" class=\"icon button circle is-outline tooltip whatsapp show-for-medium\" title=\"Share on WhatsApp\" aria-label=\"Share on WhatsApp\"><i class=\"icon-whatsapp\"><\/i><\/a><a href=\"https:\/\/www.facebook.com\/sharer.php?u=https:\/\/remcuanhuy.vn\/r\/our-stores\/\" data-label=\"Facebook\" onclick=\"window.open(this.href,this.title,'width=500,height=500,top=300px,left=300px');  return false;\" rel=\"noopener noreferrer nofollow\" target=\"_blank\" class=\"icon button circle is-outline tooltip facebook\" title=\"Share on Facebook\" aria-label=\"Share on Facebook\"><i class=\"icon-facebook\" ><\/i><\/a><a href=\"https:\/\/twitter.com\/share?url=https:\/\/remcuanhuy.vn\/r\/our-stores\/\" onclick=\"window.open(this.href,this.title,'width=500,height=500,top=300px,left=300px');  return false;\" rel=\"noopener noreferrer nofollow\" target=\"_blank\" class=\"icon button circle is-outline tooltip twitter\" title=\"Share on Twitter\" aria-label=\"Share on Twitter\"><i class=\"icon-twitter\" ><\/i><\/a><a href=\"mailto:enteryour@addresshere.com?subject=H%E1%BB%87%20Th%E1%BB%91ng%20C%C3%A1c%20C%E1%BB%ADa%20H%C3%A0ng&amp;body=Check%20this%20out:%20https:\/\/remcuanhuy.vn\/r\/our-stores\/\" rel=\"nofollow\" class=\"icon button circle is-outline tooltip email\" title=\"Email to a Friend\" aria-label=\"Email to a Friend\"><i class=\"icon-envelop\" ><\/i><\/a><a href=\"https:\/\/pinterest.com\/pin\/create\/button\/?url=https:\/\/remcuanhuy.vn\/r\/our-stores\/&amp;media=&amp;description=H%E1%BB%87%20Th%E1%BB%91ng%20C%C3%A1c%20C%E1%BB%ADa%20H%C3%A0ng\" onclick=\"window.open(this.href,this.title,'width=500,height=500,top=300px,left=300px');  return false;\" rel=\"noopener noreferrer nofollow\" target=\"_blank\" class=\"icon button circle is-outline tooltip pinterest\" title=\"Pin on Pinterest\" aria-label=\"Pin on Pinterest\"><i class=\"icon-pinterest\" ><\/i><\/a><a href=\"https:\/\/www.linkedin.com\/shareArticle?mini=true&url=https:\/\/remcuanhuy.vn\/r\/our-stores\/&title=H%E1%BB%87%20Th%E1%BB%91ng%20C%C3%A1c%20C%E1%BB%ADa%20H%C3%A0ng\" onclick=\"window.open(this.href,this.title,'width=500,height=500,top=300px,left=300px');  return false;\"  rel=\"noopener noreferrer nofollow\" target=\"_blank\" class=\"icon button circle is-outline tooltip linkedin\" title=\"Share on LinkedIn\" aria-label=\"Share on LinkedIn\"><i class=\"icon-linkedin\" ><\/i><\/a><\/div>              <\/div>\n           <\/div>\n                            \n<style>\n#text-box-87136694 {\n  width: 60%;\n}\n#text-box-87136694 .text-box-content {\n  font-size: 100%;\n}\n@media (min-width:550px) {\n  #text-box-87136694 {\n    width: 68%;\n  }\n}\n<\/style>\n    <\/div>\n         <\/div>\n      <\/div>\n\n            \n<style>\n#banner-1476785884 {\n  padding-top: 300px;\n}\n#banner-1476785884 .bg.bg-loaded {\n  background-image: 2860;\n}\n#banner-1476785884 .overlay {\n  background-color: rgba(0, 0, 0, 0.2);\n}\n#banner-1476785884 .ux-shape-divider--top svg {\n  height: 150px;\n  --divider-top-width: 100%;\n}\n#banner-1476785884 .ux-shape-divider--bottom svg {\n  height: 150px;\n  --divider-width: 100%;\n}\n<\/style>\n  <\/div>\n\n<div class=\"row\"  id=\"row-2089572012\">\n\n\t<div id=\"col-128350661\" class=\"col small-12 large-12\"  >\n\t\t\t\t<div class=\"col-inner\"  >\n\t\t\t\n\t\t\t\n<h3 class=\"lead\" style=\"text-align: left;\">\u0110\u1ecba ch\u1ec9 c\u00e1c chi nh\u00e1nh showrom R\u00e8m C\u1eeda Nh\u01b0 \u00dd<\/h3>\n\n\t\t<div class=\"tabbed-content\">\n\t\t\t\n\t\t\t<ul class=\"nav nav-line nav-vertical nav-uppercase nav-size-normal nav-left\"><li class=\"tab active has-icon\"><a href=\"#tab_hai-b\u00e0-tr\u01b0ng---h\u00e0-n\u1ed9i-(356-minh-khai)\"><span>Hai B\u00e0 Tr\u01b0ng - H\u00e0 N\u1ed9i (356 Minh Khai)<\/span><\/a><\/li>\n<li class=\"tab has-icon\"><a href=\"#tab_t\u00e2n-ph\u00fa---tphcm-(230c-phan-anh)\"><span>T\u00e2n Ph\u00fa - TPHCM (230C Phan Anh)<\/span><\/a><\/li>\n<li class=\"tab has-icon\"><a href=\"#tab_h\u00f3c-m\u00f4n---tphcm-(62\/12-th\u1edbi-tam-th\u00f4n-6)\"><span>H\u00f3c M\u00f4n - TPHCM (62\/12 Th\u1edbi Tam Th\u00f4n 6)<\/span><\/a><\/li>\n<li class=\"tab has-icon\"><a href=\"#tab_qu\u1eadn-long-bi\u00ean---h\u00e0-n\u1ed9i:-s\u1ed1-156-ph\u1ed1-ng\u00f4-gia-t\u1ef1\"><span>Qu\u1eadn Long Bi\u00ean - H\u00e0 N\u1ed9i: S\u1ed1 156 Ph\u1ed1 Ng\u00f4 Gia T\u1ef1<\/span><\/a><\/li>\n<li class=\"tab has-icon\"><a href=\"#tab_huy\u1ec7n-\u0110\u00f4ng-anh\"><span>Huy\u1ec7n \u0110\u00f4ng Anh<\/span><\/a><\/li><\/ul><div class=\"tab-panels\"><div class=\"panel active entry-content\" id=\"tab_hai-b\u00e0-tr\u01b0ng---h\u00e0-n\u1ed9i-(356-minh-khai)\"><iframe loading=\"lazy\" style=\"border: 0;\" tabindex=\"0\" src=\"https:\/\/www.google.com\/maps\/embed?pb=!1m14!1m8!1m3!1d14899.627245489159!2d105.8631281!3d20.9963723!3m2!1i1024!2i768!4f13.1!3m3!1m2!1s0x0%3A0xf4316fcd6e7bb3e5!2zUsOobSBD4butYSBOaMawIMOd!5e0!3m2!1svi!2s!4v1603209664159!5m2!1svi!2s\" width=\"600\" height=\"450\" frameborder=\"0\" allowfullscreen=\"allowfullscreen\" aria-hidden=\"false\"><\/iframe><\/p>\n<\/div>\n<div class=\"panel entry-content\" id=\"tab_t\u00e2n-ph\u00fa---tphcm-(230c-phan-anh)\">\n<p><iframe loading=\"lazy\" style=\"border: 0;\" tabindex=\"0\" src=\"https:\/\/www.google.com\/maps\/embed?pb=!1m18!1m12!1m3!1d3919.5690709787186!2d106.6208047148007!3d10.767656792327424!2m3!1f0!2f0!3f0!3m2!1i1024!2i768!4f13.1!3m3!1m2!1s0x31752c23de5b1dd3%3A0x4918ac79a8bacb36!2zMjMwYyBQaGFuIEFuaCwgSGnhu4dwIFTDom4sIFTDom4gUGjDuiwgVGjDoG5oIHBo4buRIEjhu5MgQ2jDrSBNaW5o!5e0!3m2!1svi!2s!4v1606032639853!5m2!1svi!2s\" width=\"600\" height=\"450\" frameborder=\"0\" allowfullscreen=\"allowfullscreen\" aria-hidden=\"false\"><\/iframe><\/p>\n<\/div>\n<div class=\"panel entry-content\" id=\"tab_h\u00f3c-m\u00f4n---tphcm-(62\/12-th\u1edbi-tam-th\u00f4n-6)\">\n<p><iframe loading=\"lazy\" style=\"border: 0;\" tabindex=\"0\" src=\"https:\/\/www.google.com\/maps\/embed?pb=!1m18!1m12!1m3!1d1958.9657149454326!2d106.60568969535674!3d10.892815860196887!2m3!1f0!2f0!3f0!3m2!1i1024!2i768!4f13.1!3m3!1m2!1s0x3174d5f2c68109af%3A0xd6f4880fd79ee79a!2zxJDGsOG7nW5nIFRo4bubaSBUYW0gVGjDtG4gMTIsIFRo4bubaSBUYW0gVGjDtG4sIEjDs2MgTcO0biwgVGjDoG5oIHBo4buRIEjhu5MgQ2jDrSBNaW5oLCBWaeG7h3QgTmFt!5e0!3m2!1svi!2s!4v1606034460443!5m2!1svi!2s\" width=\"600\" height=\"450\" frameborder=\"0\" allowfullscreen=\"allowfullscreen\" aria-hidden=\"false\"><\/iframe><\/p>\n<\/div>\n<div class=\"panel entry-content\" id=\"tab_qu\u1eadn-long-bi\u00ean---h\u00e0-n\u1ed9i:-s\u1ed1-156-ph\u1ed1-ng\u00f4-gia-t\u1ef1\">\n\n\t<script type=\"text\/javascript\">\n  jQuery( document ).ready(function() {\n    function initialize() {\n        var styles = {\n            'flatsome':  [{\n            \"featureType\": \"administrative\",\n            \"stylers\": [\n              { \"visibility\": \"on\" }\n            ]\n          },\n          {\n            \"featureType\": \"road\",\n            \"stylers\": [\n              { \"visibility\": \"on\" },\n              { \"hue\": \"\" }\n            ]\n          },\n          {\n            \"stylers\": [\n\t\t\t  { \"visibility\": \"on\" },\n\t\t\t  { \"hue\": \"\" },\n\t\t\t  { \"saturation\": -30 }\n            ]\n          }\n        ]};\n\n        var myLatlng = new google.maps.LatLng(40.79028, -73.95972);\n        var myOptions = {\n            zoom: 17,\n            center: myLatlng,\n            mapTypeId: google.maps.MapTypeId.ROADMAP,\n            disableDefaultUI: true,\n            mapTypeId: 'flatsome',\n            draggable: true,\n            zoomControl: false,\n            zoomControlOptions: {\n              position: google.maps.ControlPosition.TOP_LEFT\n            },\n      \t\t\t\/\/ panControl: false,\n            \/\/ panControlOptions: {\n            \/\/   position: google.maps.ControlPosition.TOP_LEFT\n            \/\/ },\n      \t\t\tmapTypeControl: false,\n            mapTypeControlOptions: {\n              position: google.maps.ControlPosition.TOP_LEFT\n            },\n      \t\t\t\/\/ scaleControl: false,\n            \/\/ scaleControlOptions: {\n            \/\/   position: google.maps.ControlPosition.TOP_LEFT\n            \/\/ },\n      \t\t\tstreetViewControl: false,\n            streetViewControlOptions: {\n              position: google.maps.ControlPosition.TOP_LEFT\n            },\n      \t\t\t\/\/ overviewMapControl: false,\n            \/\/ overviewMapControlOptions: {\n            \/\/   position: google.maps.ControlPosition.TOP_LEFT\n            \/\/ },\n            scrollwheel: false,\n            disableDoubleClickZoom: true\n        }\n        var map = new google.maps.Map(document.getElementById(\"map-2884823561-inner\"), myOptions);\n        var styledMapType = new google.maps.StyledMapType(styles['flatsome'], {name: 'flatsome'});\n        map.mapTypes.set('flatsome', styledMapType);\n\n        var marker = new google.maps.Marker({\n            position: myLatlng,\n            map: map,\n            title:\"\"\n        });\n    }\n\n    \/\/ Required to proceed\n    if (!(typeof google === 'object' && typeof google.maps === 'object')) {\n      return\n    }\n\n    initialize()\n    google.maps.event.addDomListener(window, 'resize', initialize);\n    });\n    <\/script>\n\n    <div class=\"google-map relative mb\" id=\"map-2884823561\">\n        <div class=\"map-height\" id=\"map-2884823561-inner\"><\/div>\n        <div id=\"map_overlay_top\"><\/div>\n        <div id=\"map_overlay_bottom\"><\/div>\n                  <div class=\"map_inner map-inner last-reset absolute x95 md-x95 lg-x95 y95 md-y95 lg-y95\">\n              N\u1ed9i dung \u0111ang c\u1eadp nh\u1eadp<\/p>\n         <\/div>\n       \n       \n<style>\n#map-2884823561 .map-inner {\n  background-color: #fff;\n  max-width: 30%;\n}\n#map-2884823561 .map-height {\n  height: 400px;\n}\n<\/style>\n    <\/div>\n\n\t<\/div>\n<div class=\"panel entry-content\" id=\"tab_huy\u1ec7n-\u0110\u00f4ng-anh\">\n\n\t<script type=\"text\/javascript\">\n  jQuery( document ).ready(function() {\n    function initialize() {\n        var styles = {\n            'flatsome':  [{\n            \"featureType\": \"administrative\",\n            \"stylers\": [\n              { \"visibility\": \"on\" }\n            ]\n          },\n          {\n            \"featureType\": \"road\",\n            \"stylers\": [\n              { \"visibility\": \"on\" },\n              { \"hue\": \"\" }\n            ]\n          },\n          {\n            \"stylers\": [\n\t\t\t  { \"visibility\": \"on\" },\n\t\t\t  { \"hue\": \"\" },\n\t\t\t  { \"saturation\": -30 }\n            ]\n          }\n        ]};\n\n        var myLatlng = new google.maps.LatLng(40.79028, -73.95972);\n        var myOptions = {\n            zoom: 17,\n            center: myLatlng,\n            mapTypeId: google.maps.MapTypeId.ROADMAP,\n            disableDefaultUI: true,\n            mapTypeId: 'flatsome',\n            draggable: true,\n            zoomControl: false,\n            zoomControlOptions: {\n              position: google.maps.ControlPosition.TOP_LEFT\n            },\n      \t\t\t\/\/ panControl: false,\n            \/\/ panControlOptions: {\n            \/\/   position: google.maps.ControlPosition.TOP_LEFT\n            \/\/ },\n      \t\t\tmapTypeControl: false,\n            mapTypeControlOptions: {\n              position: google.maps.ControlPosition.TOP_LEFT\n            },\n      \t\t\t\/\/ scaleControl: false,\n            \/\/ scaleControlOptions: {\n            \/\/   position: google.maps.ControlPosition.TOP_LEFT\n            \/\/ },\n      \t\t\tstreetViewControl: false,\n            streetViewControlOptions: {\n              position: google.maps.ControlPosition.TOP_LEFT\n            },\n      \t\t\t\/\/ overviewMapControl: false,\n            \/\/ overviewMapControlOptions: {\n            \/\/   position: google.maps.ControlPosition.TOP_LEFT\n            \/\/ },\n            scrollwheel: false,\n            disableDoubleClickZoom: true\n        }\n        var map = new google.maps.Map(document.getElementById(\"map-3692088229-inner\"), myOptions);\n        var styledMapType = new google.maps.StyledMapType(styles['flatsome'], {name: 'flatsome'});\n        map.mapTypes.set('flatsome', styledMapType);\n\n        var marker = new google.maps.Marker({\n            position: myLatlng,\n            map: map,\n            title:\"\"\n        });\n    }\n\n    \/\/ Required to proceed\n    if (!(typeof google === 'object' && typeof google.maps === 'object')) {\n      return\n    }\n\n    initialize()\n    google.maps.event.addDomListener(window, 'resize', initialize);\n    });\n    <\/script>\n\n    <div class=\"google-map relative mb\" id=\"map-3692088229\">\n        <div class=\"map-height\" id=\"map-3692088229-inner\"><\/div>\n        <div id=\"map_overlay_top\"><\/div>\n        <div id=\"map_overlay_bottom\"><\/div>\n                  <div class=\"map_inner map-inner last-reset absolute x95 md-x95 lg-x95 y95 md-y95 lg-y95\">\n              N\u1ed9i Dung \u0110ang C\u1eadp Nh\u1eadp<\/p>\n         <\/div>\n       \n       \n<style>\n#map-3692088229 .map-inner {\n  background-color: #fff;\n  max-width: 30%;\n}\n#map-3692088229 .map-height {\n  height: 400px;\n}\n<\/style>\n    <\/div>\n\n\t<\/div><\/div><\/div>\t\t<\/div>\n\t\t\t\t\t<\/div>\n\n\t<\/div>\n[\/vc_column_text][\/vc_column][\/vc_row][vc_row][vc_column][vc_column_text]\n","protected":false},"excerpt":{"rendered":"[\/vc_column_text][\/vc_column][\/vc_row][vc_row][vc_column][vc_column_text] [\/vc_column_text][\/vc_column][\/vc_row][vc_row][vc_column][vc_column_text]\n","protected":false},"author":1,"featured_media":0,"parent":0,"menu_order":0,"comment_status":"closed","ping_status":"closed","template":"page-blank.php","meta":{"footnotes":""},"_links":{"self":[{"href":"https:\/\/remcuanhuy.vn\/r\/wp-json\/wp\/v2\/pages\/2890"}],"collection":[{"href":"https:\/\/remcuanhuy.vn\/r\/wp-json\/wp\/v2\/pages"}],"about":[{"href":"https:\/\/remcuanhuy.vn\/r\/wp-json\/wp\/v2\/types\/page"}],"author":[{"embeddable":true,"href":"https:\/\/remcuanhuy.vn\/r\/wp-json\/wp\/v2\/users\/1"}],"replies":[{"embeddable":true,"href":"https:\/\/remcuanhuy.vn\/r\/wp-json\/wp\/v2\/comments?post=2890"}],"version-history":[{"count":17,"href":"https:\/\/remcuanhuy.vn\/r\/wp-json\/wp\/v2\/pages\/2890\/revisions"}],"predecessor-version":[{"id":3811,"href":"https:\/\/remcuanhuy.vn\/r\/wp-json\/wp\/v2\/pages\/2890\/revisions\/3811"}],"wp:attachment":[{"href":"https:\/\/remcuanhuy.vn\/r\/wp-json\/wp\/v2\/media?parent=2890"}],"curies":[{"name":"wp","href":"https:\/\/api.w.org\/{rel}","templated":true}]}}