{"id":30,"date":"2019-04-15T09:31:46","date_gmt":"2019-04-15T09:31:46","guid":{"rendered":"http:\/\/remcuanhuy.vn\/r\/?page_id=30"},"modified":"2020-10-25T18:03:39","modified_gmt":"2020-10-25T11:03:39","slug":"dieu-khoan","status":"publish","type":"page","link":"https:\/\/remcuanhuy.vn\/r\/dieu-khoan\/","title":{"rendered":"\u0110i\u1ec1u Kho\u1ea3n"},"content":{"rendered":"\n<h2 style=\"text-align: center;\">C\u00e1c \u0110i\u1ec1u Kho\u1ea3n \u0110i\u1ec1u Ki\u1ec7n<\/h2>\n<p><em>B\u00ean A l\u00e0 b\u00ean cung c\u1ea5p s\u1ea3n ph\u1ea9m d\u1ecbch v\u1ee5<\/em><\/p>\n<p><em> B\u00ean B l\u00e0 kh\u00e1ch h\u00e0ng, ng\u01b0\u1eddi tr\u1ef1c ti\u1ebfp s\u1eed d\u1ee5ng s\u1ea3n ph\u1ea9m d\u1ecbch v\u1ee5 c\u1ee7a b\u00ean A<\/em><\/p>\n<h3>\u0110i\u1ec1u Kho\u1ea3n H\u1ee3p \u0110\u1ed3ng &amp; H\u00f3a \u0110\u01a1n B\u00e1n L\u1ebb<\/h3>\n<p style=\"text-align: left;\">H\u1ee3p \u0111\u1ed3ng \u0111\u01b0\u1ee3c 2 b\u00ean tr\u1ef1c ti\u1ebfp k\u00fd k\u1ebft (n\u1ebfu c\u00f3). N\u1ebfu kh\u00f4ng c\u00f3 h\u1ee3p \u0111\u1ed3ng b\u00ean cung c\u1ea5p s\u1ea3n ph\u1ea9m d\u1ecbch v\u1ee5 ph\u1ea3i xu\u1ea5t tr\u00ecnh h\u00f3a \u0111\u01a1n b\u00e1n l\u1ebb v\u00e0 b\u00ean mua b\u1eaft bu\u1ed9c k\u00fd k\u1ebft x\u00e1c nh\u1eadn sau khi \u0111\u00e3 thanh to\u00e1n.&nbsp;<\/p>\n<p>H\u00f3a \u0111\u01a1n b\u00e1n l\u1ebb k\u00fd l\u00e0m 2 \u0111\u1ee3t:<\/p>\n<ul>\n<li>\u0111\u1ee3t 1 t\u01b0\u01a1ng \u0111\u01b0\u01a1ng v\u1edbi s\u1ed1 ti\u1ec1n \u0111\u1eb7t c\u1ecdc.<\/li>\n<li>\u0111\u1ee3t 2 t\u01b0\u01a1ng \u0111\u01b0\u01a1ng v\u1edbi thanh to\u00e1n to\u00e0n b\u1ed9 s\u1ed1 ti\u1ec1n c\u00f2n l\u1ea1i c\u1ee7a s\u1ea3n ph\u1ea9m b\u00ean A \u0111\u00e3 l\u1eafp \u0111\u1eb7t ho\u00e0n thi\u1ec7n<\/li>\n<\/ul>\n<h3>\u0110i\u1ec1u kho\u1ea3n thanh to\u00e1n chuy\u1ec3n kho\u1ea3n<\/h3>\n<p>B\u00ean B khi chuy\u1ec3n kho\u1ea3n c\u1ea7n ghi r\u00f5 m\u00e3 \u0111\u01a1n h\u00e0ng \u0111\u00e3 \u0111\u1eb7t mua tr\u00ean website remcuanhuy.vn trong ph\u1ea7n n\u1ed9i dung chuy\u1ec3n kho\u1ea3n. Ho\u1eb7c ghi r\u00f5 s\u1ed1 \u0111i\u1ec7n tho\u1ea1i trong m\u1ee5c &#8220;n\u1ed9i dung chuy\u1ec3n kho\u1ea3n&#8221;.<\/p>\n<h3>\u0110i\u1ec1u kho\u1ea3n thanh to\u00e1n tr\u1ef1c ti\u1ebfp<\/h3>\n<p>Thanh to\u00e1n tr\u1ef1c ti\u1ebfp t\u1ea1i c\u1eeda h\u00e0ng, ho\u1eb7c t\u1ea1i nh\u00e0, t\u1ea1i c\u00f4ng ty t\u1ed5 ch\u1ee9c c\u1ee7a b\u00ean B. Ho\u1eb7c thanh to\u00e1n tr\u1ef1c ti\u1ebfp t\u1ea1i c\u1eeda h\u00e0ng b\u00ean A. B\u00ean B b\u1eaft bu\u1ed9c ph\u1ea3i thanh to\u00e1n s\u1ed1 ti\u1ec1n \u0111\u1eb7t c\u1ecdc, gi\u00e1 tr\u1ecb t\u1ed1i thi\u1ec3u 30% t\u1ed5ng s\u1ed1 ti\u1ec1n c\u1ee7a \u0111\u01a1n h\u00e0ng tr\u01b0\u1edbc khi b\u00ean A ti\u1ebfn h\u00e0nh thi\u1ebft k\u1ebf, l\u1eafp \u0111\u1eb7t s\u1ea3n ph\u1ea9m<\/p>\n<h3>\u0110i\u1ec1u ki\u1ec7n \u00e1p d\u1ee5ng m\u00e3 khuy\u1ebfn m\u00e3i gi\u1ea3m gi\u00e1<\/h3>\n<ul>\n<li>T\u1ea5t c\u1ea3 c\u00e1c kh\u00e1ch h\u00e0ng \u0111\u00e3 v\u00e0 \u0111ang s\u1eed d\u1ee5ng, \u0110ang c\u00f3 \u00fd \u0111\u1ecbnh s\u1eed d\u1ee5ng s\u1ea3n ph\u1ea9m c\u1ee7a R\u00e8m C\u1eeda Nh\u01b0 \u00dd.<\/li>\n<li>C\u00e1c kh\u00e1ch h\u00e0ng sau \u0111\u00f3 ti\u1ebfp t\u1ee5c mua, ti\u1ebfp t\u1ee5c gi\u1edbi thi\u1ec7u.<\/li>\n<\/ul>\n<h3>\u0110i\u1ec1u ki\u1ec7n b\u1ea3o h\u00e0nh \u0111\u1ed5i sang s\u1ea3n ph\u1ea9m m\u1edbi<\/h3>\n<ul>\n<li>S\u1ea3n ph\u1ea9m kh\u00f4ng c\u00f3 d\u1ea5u hi\u1ec7u c\u1ee7a tr\u1ebb nh\u1ecf (ng\u01b0\u1eddi l\u1edbn) leo tr\u00e8o, c\u0103ng k\u00e9o, l\u00e0m \u0111\u1ee9t r\u00e1ch, b\u00f4i c\u00e1c v\u1eadt d\u1ee5ng nh\u1ecd, b\u1ea9n l\u00ean s\u1ea3n ph\u1ea9m<\/li>\n<li>S\u1ea3n ph\u1ea9m kh\u00f4ng c\u00f3 d\u1ea5u hi\u1ec7u b\u00ean B t\u1ef1 thay \u0111\u1ed5i, th\u00e1o l\u1eafp, ch\u1ec9nh s\u1eeda, di d\u1eddi kh\u1ecfi v\u1ecb tr\u00ed c\u0169.<\/li>\n<\/ul>\n<h3>\u0110i\u1ec1u ki\u1ec7n b\u1ea3o h\u00e0nh s\u1eeda ch\u1eefa, thay \u0111\u1ed5i ph\u1ee5 ki\u1ec7n r\u00e8m c\u1eeda mi\u1ec5n ph\u00ed<\/h3>\n<p>S\u1ea3n ph\u1ea9m kh\u00f4ng c\u00f3 d\u1ea5u hi\u1ec7u b\u00ean B t\u1ef1 thay \u0111\u1ed5i, th\u00e1o l\u1eafp, ch\u1ec9nh s\u1eeda, di d\u1eddi kh\u1ecfi v\u1ecb tr\u00ed c\u0169.<\/p>\n<h3>\u0110i\u1ec1u ki\u1ec7n b\u1ea3o tr\u00ec tr\u1ecdn \u0111\u1eddi s\u1ea3n ph\u1ea9m<\/h3>\n<p>T\u1ea5t c\u1ea3 c\u00e1c kh\u00e1ch h\u00e0ng \u0111ang s\u1eed d\u1ee5ng \u0111\u00fang s\u1ea3n ph\u1ea9m c\u1ee7a R\u00e8m C\u1eeda Nh\u01b0 \u00dd.&nbsp;<\/p>\n<h3>\u0110i\u1ec1u ki\u1ec7n gi\u1ea3m 60% chi ph\u00ed gi\u1eb7t l\u00e0 r\u00e8m d\u1ecbp t\u1ebft<\/h3>\n<ul>\n<li>Ch\u1ec9 \u00e1p d\u1ee5ng \u0111\u1ed1i v\u1edbi nh\u1eefng s\u1ea3n ph\u1ea9m c\u1ee7a R\u00e8m C\u1eeda Nh\u01b0 \u00dd \u0111\u00e3 l\u1eafp \u0111\u1eb7t<\/li>\n<li>Ch\u1ec9 \u00e1p d\u1ee5ng 1 l\u1ea7n duy nh\u1ea5t cho m\u1ed9t s\u1ea3n ph\u1ea9m<\/li>\n<li>\u00c1p d\u1ee5ng khuy\u1ebfn m\u00e3i v\u1edbi nh\u1eefng l\u1ea7n ti\u1ebfp theo khi b\u00ean B c\u00f3 ph\u00e1t sinh gi\u1edbi thi\u1ec7u s\u1ea3n ph\u1ea9m ho\u00e0n thi\u1ec7n \u0111\u1ebfn b\u1ea1n b\u00e8 ng\u01b0\u1eddi th\u00e2n.<\/li>\n<\/ul>\n","protected":false},"excerpt":{"rendered":"<p>C\u00e1c \u0110i\u1ec1u Kho\u1ea3n \u0110i\u1ec1u Ki\u1ec7n B\u00ean A l\u00e0 b\u00ean cung c\u1ea5p s\u1ea3n ph\u1ea9m d\u1ecbch v\u1ee5 B\u00ean B l\u00e0 kh\u00e1ch h\u00e0ng, ng\u01b0\u1eddi tr\u1ef1c ti\u1ebfp s\u1eed d\u1ee5ng s\u1ea3n ph\u1ea9m d\u1ecbch v\u1ee5 c\u1ee7a b\u00ean A \u0110i\u1ec1u Kho\u1ea3n H\u1ee3p \u0110\u1ed3ng &amp; H\u00f3a \u0110\u01a1n B\u00e1n L\u1ebb H\u1ee3p \u0111\u1ed3ng \u0111\u01b0\u1ee3c 2 b\u00ean tr\u1ef1c ti\u1ebfp k\u00fd k\u1ebft (n\u1ebfu c\u00f3). N\u1ebfu kh\u00f4ng c\u00f3 [&#8230;]\n","protected":false},"author":1,"featured_media":0,"parent":0,"menu_order":0,"comment_status":"closed","ping_status":"closed","template":"","meta":{"footnotes":""},"_links":{"self":[{"href":"https:\/\/remcuanhuy.vn\/r\/wp-json\/wp\/v2\/pages\/30"}],"collection":[{"href":"https:\/\/remcuanhuy.vn\/r\/wp-json\/wp\/v2\/pages"}],"about":[{"href":"https:\/\/remcuanhuy.vn\/r\/wp-json\/wp\/v2\/types\/page"}],"author":[{"embeddable":true,"href":"https:\/\/remcuanhuy.vn\/r\/wp-json\/wp\/v2\/users\/1"}],"replies":[{"embeddable":true,"href":"https:\/\/remcuanhuy.vn\/r\/wp-json\/wp\/v2\/comments?post=30"}],"version-history":[{"count":3,"href":"https:\/\/remcuanhuy.vn\/r\/wp-json\/wp\/v2\/pages\/30\/revisions"}],"predecessor-version":[{"id":3471,"href":"https:\/\/remcuanhuy.vn\/r\/wp-json\/wp\/v2\/pages\/30\/revisions\/3471"}],"wp:attachment":[{"href":"https:\/\/remcuanhuy.vn\/r\/wp-json\/wp\/v2\/media?parent=30"}],"curies":[{"name":"wp","href":"https:\/\/api.w.org\/{rel}","templated":true}]}}