{"id":2166,"date":"2020-12-20T20:40:11","date_gmt":"2020-12-20T13:40:11","guid":{"rendered":"http:\/\/remcuanhuy.vn\/r\/?post_type=product&#038;p=2166"},"modified":"2025-12-19T04:24:27","modified_gmt":"2025-12-18T21:24:27","slug":"rem-cau-vong-rcv02","status":"publish","type":"product","link":"https:\/\/remcuanhuy.vn\/r\/mua\/rem-cau-vong-dep-tai-ha-noi\/rem-cau-vong-rcv02\/","title":{"rendered":"R\u00e8m C\u1ea7u V\u1ed3ng RCV02"},"content":{"rendered":"<p><a href=\"https:\/\/remcuanhuy.vn\/r\/wp-content\/uploads\/2019\/04\/rem-cau-vong_dep-1.png\"><img loading=\"lazy\" decoding=\"async\" class=\"alignnone size-full wp-image-2165\" src=\"https:\/\/remcuanhuy.vn\/r\/wp-content\/uploads\/2019\/04\/rem-cau-vong_dep-1.png\" alt=\"\" width=\"600\" height=\"399\" srcset=\"https:\/\/remcuanhuy.vn\/r\/wp-content\/uploads\/2019\/04\/rem-cau-vong_dep-1.png 600w, https:\/\/remcuanhuy.vn\/r\/wp-content\/uploads\/2019\/04\/rem-cau-vong_dep-1-64x43.png 64w, https:\/\/remcuanhuy.vn\/r\/wp-content\/uploads\/2019\/04\/rem-cau-vong_dep-1-510x339.png 510w, https:\/\/remcuanhuy.vn\/r\/wp-content\/uploads\/2019\/04\/rem-cau-vong_dep-1-300x200.png 300w, https:\/\/remcuanhuy.vn\/r\/wp-content\/uploads\/2019\/04\/rem-cau-vong_dep-1-220x146.png 220w\" sizes=\"(max-width: 600px) 100vw, 600px\" \/><\/a><\/p>\n","protected":false},"excerpt":{"rendered":"<p>R\u00e8m c\u1ea7u v\u1ed3ng m\u00e0u n\u00e2u, phong c\u00e1ch hi\u1ec7n \u0111\u1ea1i ph\u00f9 h\u1ee3p cho kh\u00f4ng gian ph\u00f2ng kh\u00e1ch hay v\u0103n ph\u00f2ng c\u1ea7n t\u00ednh ch\u1ea5t trang nghi\u00eam, trang tr\u1ecdng v\u00e0 l\u1ecbch s\u1ef1<\/p>\n","protected":false},"featured_media":2165,"comment_status":"open","ping_status":"closed","template":"","meta":[],"product_cat":[91],"product_tag":[133],"_links":{"self":[{"href":"https:\/\/remcuanhuy.vn\/r\/wp-json\/wp\/v2\/product\/2166"}],"collection":[{"href":"https:\/\/remcuanhuy.vn\/r\/wp-json\/wp\/v2\/product"}],"about":[{"href":"https:\/\/remcuanhuy.vn\/r\/wp-json\/wp\/v2\/types\/product"}],"replies":[{"embeddable":true,"href":"https:\/\/remcuanhuy.vn\/r\/wp-json\/wp\/v2\/comments?post=2166"}],"wp:featuredmedia":[{"embeddable":true,"href":"https:\/\/remcuanhuy.vn\/r\/wp-json\/wp\/v2\/media\/2165"}],"wp:attachment":[{"href":"https:\/\/remcuanhuy.vn\/r\/wp-json\/wp\/v2\/media?parent=2166"}],"wp:term":[{"taxonomy":"product_cat","embeddable":true,"href":"https:\/\/remcuanhuy.vn\/r\/wp-json\/wp\/v2\/product_cat?post=2166"},{"taxonomy":"product_tag","embeddable":true,"href":"https:\/\/remcuanhuy.vn\/r\/wp-json\/wp\/v2\/product_tag?post=2166"}],"curies":[{"name":"wp","href":"https:\/\/api.w.org\/{rel}","templated":true}]}}