{"id":2169,"date":"2020-12-22T21:14:01","date_gmt":"2020-12-22T14:14:01","guid":{"rendered":"http:\/\/remcuanhuy.vn\/r\/?post_type=product&#038;p=2169"},"modified":"2026-03-16T22:21:07","modified_gmt":"2026-03-16T15:21:07","slug":"rem-cau-vong-rcv04","status":"publish","type":"product","link":"https:\/\/remcuanhuy.vn\/r\/mua\/rem-cau-vong-dep-tai-ha-noi\/rem-cau-vong-rcv04\/","title":{"rendered":"R\u00e8m C\u1ea7u V\u1ed3ng RCV04"},"content":{"rendered":"<p><a href=\"https:\/\/remcuanhuy.vn\/r\/wp-content\/uploads\/2019\/04\/rem-cau-vong_dep-2.png\"><img loading=\"lazy\" decoding=\"async\" class=\"alignnone size-full wp-image-2170\" src=\"https:\/\/remcuanhuy.vn\/r\/wp-content\/uploads\/2019\/04\/rem-cau-vong_dep-2.png\" alt=\"\" width=\"330\" height=\"330\" srcset=\"https:\/\/remcuanhuy.vn\/r\/wp-content\/uploads\/2019\/04\/rem-cau-vong_dep-2.png 330w, https:\/\/remcuanhuy.vn\/r\/wp-content\/uploads\/2019\/04\/rem-cau-vong_dep-2-100x100.png 100w, https:\/\/remcuanhuy.vn\/r\/wp-content\/uploads\/2019\/04\/rem-cau-vong_dep-2-64x64.png 64w, https:\/\/remcuanhuy.vn\/r\/wp-content\/uploads\/2019\/04\/rem-cau-vong_dep-2-150x150.png 150w, https:\/\/remcuanhuy.vn\/r\/wp-content\/uploads\/2019\/04\/rem-cau-vong_dep-2-300x300.png 300w, https:\/\/remcuanhuy.vn\/r\/wp-content\/uploads\/2019\/04\/rem-cau-vong_dep-2-154x154.png 154w\" sizes=\"(max-width: 330px) 100vw, 330px\" \/><\/a><\/p>\n","protected":false},"excerpt":{"rendered":"<p>R\u00e8m c\u1ea7u v\u1ed3ng m\u00e0u xanh ho\u00e0ng h\u00f4n nh\u01b0 l\u00e0m t\u00f4 th\u00eam v\u1ebb c\u1ed5 \u0111i\u1ec3n ghim v\u00e0o l\u00f2ng ng\u01b0\u1eddi c\u1ea3m gi\u00e1c c\u1ed5 k\u00ednh pha ch\u00fat g\u00ec \u0111\u00f3 m\u1edbi l\u1ea1. \u0110\u00e2y l\u00e0 m\u1eabu r\u1ea5t ph\u00f9 h\u1ee3p cho gia ch\u1ee7 y\u00eau th\u00edch s\u1ef1 y\u00ean t\u0129nh sau m\u1ed9t ng\u00e0y l\u00e0m vi\u1ec7c m\u1ec7t m\u1ecfi.<\/p>\n","protected":false},"featured_media":2170,"comment_status":"open","ping_status":"closed","template":"","meta":[],"product_cat":[91],"product_tag":[134],"_links":{"self":[{"href":"https:\/\/remcuanhuy.vn\/r\/wp-json\/wp\/v2\/product\/2169"}],"collection":[{"href":"https:\/\/remcuanhuy.vn\/r\/wp-json\/wp\/v2\/product"}],"about":[{"href":"https:\/\/remcuanhuy.vn\/r\/wp-json\/wp\/v2\/types\/product"}],"replies":[{"embeddable":true,"href":"https:\/\/remcuanhuy.vn\/r\/wp-json\/wp\/v2\/comments?post=2169"}],"wp:featuredmedia":[{"embeddable":true,"href":"https:\/\/remcuanhuy.vn\/r\/wp-json\/wp\/v2\/media\/2170"}],"wp:attachment":[{"href":"https:\/\/remcuanhuy.vn\/r\/wp-json\/wp\/v2\/media?parent=2169"}],"wp:term":[{"taxonomy":"product_cat","embeddable":true,"href":"https:\/\/remcuanhuy.vn\/r\/wp-json\/wp\/v2\/product_cat?post=2169"},{"taxonomy":"product_tag","embeddable":true,"href":"https:\/\/remcuanhuy.vn\/r\/wp-json\/wp\/v2\/product_tag?post=2169"}],"curies":[{"name":"wp","href":"https:\/\/api.w.org\/{rel}","templated":true}]}}