{"id":2200,"date":"2020-12-24T19:41:33","date_gmt":"2020-12-24T12:41:33","guid":{"rendered":"http:\/\/remcuanhuy.vn\/r\/?post_type=product&#038;p=2200"},"modified":"2026-02-26T03:18:48","modified_gmt":"2026-02-25T20:18:48","slug":"rem-cau-vong-rcv06","status":"publish","type":"product","link":"https:\/\/remcuanhuy.vn\/r\/mua\/rem-cau-vong-dep-tai-ha-noi\/rem-cau-vong-rcv06\/","title":{"rendered":"R\u00e8m C\u1ea7u V\u1ed3ng RCV06"},"content":{"rendered":"<p><a href=\"https:\/\/remcuanhuy.vn\/r\/wp-content\/uploads\/2019\/04\/rem-cau-vong-dep-4.jpg\"><img loading=\"lazy\" decoding=\"async\" class=\"alignnone size-full wp-image-2201\" src=\"https:\/\/remcuanhuy.vn\/r\/wp-content\/uploads\/2019\/04\/rem-cau-vong-dep-4.jpg\" alt=\"\" width=\"1280\" height=\"960\" srcset=\"https:\/\/remcuanhuy.vn\/r\/wp-content\/uploads\/2019\/04\/rem-cau-vong-dep-4.jpg 1280w, https:\/\/remcuanhuy.vn\/r\/wp-content\/uploads\/2019\/04\/rem-cau-vong-dep-4-600x450.jpg 600w, https:\/\/remcuanhuy.vn\/r\/wp-content\/uploads\/2019\/04\/rem-cau-vong-dep-4-64x48.jpg 64w, https:\/\/remcuanhuy.vn\/r\/wp-content\/uploads\/2019\/04\/rem-cau-vong-dep-4-300x225.jpg 300w, https:\/\/remcuanhuy.vn\/r\/wp-content\/uploads\/2019\/04\/rem-cau-vong-dep-4-768x576.jpg 768w, https:\/\/remcuanhuy.vn\/r\/wp-content\/uploads\/2019\/04\/rem-cau-vong-dep-4-1024x768.jpg 1024w, https:\/\/remcuanhuy.vn\/r\/wp-content\/uploads\/2019\/04\/rem-cau-vong-dep-4-205x154.jpg 205w, https:\/\/remcuanhuy.vn\/r\/wp-content\/uploads\/2019\/04\/rem-cau-vong-dep-4-1170x878.jpg 1170w\" sizes=\"(max-width: 1280px) 100vw, 1280px\" \/><\/a><\/p>\n","protected":false},"excerpt":{"rendered":"<p>M\u1ea7u x\u00e1m l\u00e0 m\u00e0u h\u1ee3p v\u1edbi c\u00e1c tone m\u00e0u ch\u00ecm, n\u00f3 th\u01b0\u1eddng t\u1ea1o \u0111i\u1ec3m nh\u1ea5n cho c\u0103n ph\u00f2ng tr\u1edf n\u00ean vu\u00f4ng v\u1eafn, s\u1eafc n\u00e9t h\u01a1n. \u0111\u1eb7c bi\u1ec7t ph\u00f9 h\u1ee3p v\u1edbi c\u00e1c kh\u00f4ng gian h\u1eb9p nh\u01b0 ph\u00f2ng ng\u1ee7, ph\u00f2ng l\u00e0m vi\u1ec7c ri\u00eang t\u01b0.<\/p>\n","protected":false},"featured_media":2201,"comment_status":"open","ping_status":"closed","template":"","meta":[],"product_cat":[91],"product_tag":[187],"_links":{"self":[{"href":"https:\/\/remcuanhuy.vn\/r\/wp-json\/wp\/v2\/product\/2200"}],"collection":[{"href":"https:\/\/remcuanhuy.vn\/r\/wp-json\/wp\/v2\/product"}],"about":[{"href":"https:\/\/remcuanhuy.vn\/r\/wp-json\/wp\/v2\/types\/product"}],"replies":[{"embeddable":true,"href":"https:\/\/remcuanhuy.vn\/r\/wp-json\/wp\/v2\/comments?post=2200"}],"wp:featuredmedia":[{"embeddable":true,"href":"https:\/\/remcuanhuy.vn\/r\/wp-json\/wp\/v2\/media\/2201"}],"wp:attachment":[{"href":"https:\/\/remcuanhuy.vn\/r\/wp-json\/wp\/v2\/media?parent=2200"}],"wp:term":[{"taxonomy":"product_cat","embeddable":true,"href":"https:\/\/remcuanhuy.vn\/r\/wp-json\/wp\/v2\/product_cat?post=2200"},{"taxonomy":"product_tag","embeddable":true,"href":"https:\/\/remcuanhuy.vn\/r\/wp-json\/wp\/v2\/product_tag?post=2200"}],"curies":[{"name":"wp","href":"https:\/\/api.w.org\/{rel}","templated":true}]}}