{"id":2279,"date":"2019-04-29T19:59:39","date_gmt":"2019-04-29T12:59:39","guid":{"rendered":"http:\/\/remcuanhuy.vn\/r\/?post_type=product&#038;p=2279"},"modified":"2026-04-14T19:50:26","modified_gmt":"2026-04-14T12:50:26","slug":"rem-vai-hoa-tiet-2-lop-mau-vang-kem-can-nang-rvht08","status":"publish","type":"product","link":"https:\/\/remcuanhuy.vn\/r\/mua\/rem-vai-hoa-tiet\/rem-vai-hoa-tiet-2-lop-mau-vang-kem-can-nang-rvht08\/","title":{"rendered":"R\u00e8m V\u1ea3i H\u1ecda Ti\u1ebft 2 L\u1edbp M\u00e0u V\u00e0ng Kem C\u1ea3n N\u1eafng RVHT08"},"content":{"rendered":"<p><a href=\"https:\/\/remcuanhuy.vn\/r\/wp-content\/uploads\/2019\/04\/rem-vai-hoa-tiet_dep-8.jpg\"><img loading=\"lazy\" decoding=\"async\" class=\"aligncenter size-full wp-image-2280\" src=\"https:\/\/remcuanhuy.vn\/r\/wp-content\/uploads\/2019\/04\/rem-vai-hoa-tiet_dep-8.jpg\" alt=\"\" width=\"1280\" height=\"960\" srcset=\"https:\/\/remcuanhuy.vn\/r\/wp-content\/uploads\/2019\/04\/rem-vai-hoa-tiet_dep-8.jpg 1280w, https:\/\/remcuanhuy.vn\/r\/wp-content\/uploads\/2019\/04\/rem-vai-hoa-tiet_dep-8-600x450.jpg 600w, https:\/\/remcuanhuy.vn\/r\/wp-content\/uploads\/2019\/04\/rem-vai-hoa-tiet_dep-8-64x48.jpg 64w, https:\/\/remcuanhuy.vn\/r\/wp-content\/uploads\/2019\/04\/rem-vai-hoa-tiet_dep-8-300x225.jpg 300w, https:\/\/remcuanhuy.vn\/r\/wp-content\/uploads\/2019\/04\/rem-vai-hoa-tiet_dep-8-768x576.jpg 768w, https:\/\/remcuanhuy.vn\/r\/wp-content\/uploads\/2019\/04\/rem-vai-hoa-tiet_dep-8-1024x768.jpg 1024w, https:\/\/remcuanhuy.vn\/r\/wp-content\/uploads\/2019\/04\/rem-vai-hoa-tiet_dep-8-205x154.jpg 205w, https:\/\/remcuanhuy.vn\/r\/wp-content\/uploads\/2019\/04\/rem-vai-hoa-tiet_dep-8-1170x878.jpg 1170w\" sizes=\"(max-width: 1280px) 100vw, 1280px\" \/><\/a><\/p>\n","protected":false},"excerpt":{"rendered":"<p>R\u00e8m v\u1ea3i h\u1ecda ti\u1ebft 2 l\u1edbp c\u1ea3n n\u1eafng tone m\u00e0u v\u00e0ng kem si\u00eau \u0111\u1eb9p. L\u00e0 thi\u1ebft k\u1ebf ho\u00e0n m\u0129 d\u00e0nh cho c\u00e1c \u00f4 c\u1eeda Chung C\u01b0, ho\u1eb7c cho c\u00e1c ph\u00f2ng ng\u1ee7 trong gia \u0111\u00ecnh. C\u00e1c \u0111\u01b0\u1eddng n\u00e9t hoa v\u0103n u\u1ed1n l\u1ef1a \u0111\u01b0\u1ee3c th\u00eau ch\u00ecm b\u00ean trong chi\u1ebfc r\u00e8m t\u1ea1o th\u00eam c\u1ea3m gi\u00e1c nh\u1eb9 nh\u00e0ng, m\u1ec1m m\u1ea1i cho chi\u1ebfc r\u00e8m.<\/p>\n<ul>\n<li>Gi\u00e1 th\u00e0nh: T\u00ednh tr\u00ean m\u00e9t ngang c\u1eeda \u0111\u00e3 bao g\u1ed3m c\u00f4ng l\u1eafp \u0111\u1eb7t<\/li>\n<li>Ch\u1ea5t li\u1ec7u: V\u1ea3i th\u00f4 c\u1ea3n n\u1eafng<\/li>\n<li>C\u00f4ng d\u1ee5ng: C\u1ea3n n\u1eafng, ch\u1eafn s\u00e1ng, ch\u1ed1ng \u1ed3n, trang tr\u00ed, l\u00e0m \u0111\u1eb9p, ri\u00eang t\u01b0.<\/li>\n<li>\u01afu \u0111i\u1ec3m: Kh\u00f4ng b\u1eaft b\u1ee5i, r\u1ec5 v\u1ec7 sinh, \u0111i\u1ec1u ti\u1ebft \u00e1nh s\u00e1ng c\u0103n ph\u00f2ng, \u0111i\u1ec1u ti\u1ebft c\u1ea3m x\u00fac<\/li>\n<\/ul>\n","protected":false},"featured_media":2280,"comment_status":"open","ping_status":"closed","template":"","meta":[],"product_cat":[79],"product_tag":[386,355,100,392,253],"_links":{"self":[{"href":"https:\/\/remcuanhuy.vn\/r\/wp-json\/wp\/v2\/product\/2279"}],"collection":[{"href":"https:\/\/remcuanhuy.vn\/r\/wp-json\/wp\/v2\/product"}],"about":[{"href":"https:\/\/remcuanhuy.vn\/r\/wp-json\/wp\/v2\/types\/product"}],"replies":[{"embeddable":true,"href":"https:\/\/remcuanhuy.vn\/r\/wp-json\/wp\/v2\/comments?post=2279"}],"wp:featuredmedia":[{"embeddable":true,"href":"https:\/\/remcuanhuy.vn\/r\/wp-json\/wp\/v2\/media\/2280"}],"wp:attachment":[{"href":"https:\/\/remcuanhuy.vn\/r\/wp-json\/wp\/v2\/media?parent=2279"}],"wp:term":[{"taxonomy":"product_cat","embeddable":true,"href":"https:\/\/remcuanhuy.vn\/r\/wp-json\/wp\/v2\/product_cat?post=2279"},{"taxonomy":"product_tag","embeddable":true,"href":"https:\/\/remcuanhuy.vn\/r\/wp-json\/wp\/v2\/product_tag?post=2279"}],"curies":[{"name":"wp","href":"https:\/\/api.w.org\/{rel}","templated":true}]}}