{"id":2304,"date":"2019-05-13T13:09:07","date_gmt":"2019-05-13T06:09:07","guid":{"rendered":"http:\/\/remcuanhuy.vn\/r\/?post_type=product&#038;p=2304"},"modified":"2026-01-21T01:05:53","modified_gmt":"2026-01-20T18:05:53","slug":"rem-nu-hoang-2-lop-can-nang-mau-xanh-ngoc-rnh002","status":"publish","type":"product","link":"https:\/\/remcuanhuy.vn\/r\/mua\/rem-vai-hoa-tiet\/rem-nu-hoang\/rem-nu-hoang-2-lop-can-nang-mau-xanh-ngoc-rnh002\/","title":{"rendered":"R\u00e8m N\u1eef Ho\u00e0ng 2 L\u1edbp C\u1ea3n N\u1eafng M\u00e0u Xanh Ng\u1ecdc RNH002"},"content":{"rendered":"<p>\u0110\u00e2y l\u00e0 m\u1eabu thi\u1ebft k\u1ebf r\u00e8m c\u1eeda theo phong c\u00e1ch t\u1ed1i gi\u1ea3n b\u1ecf b\u1edbt \u0111i m\u1ed9t ch\u00fat trong s\u1ef1 c\u1ea7u k\u1ef3 v\u1ed1n c\u00f3 c\u1ee7a b\u00e8o n\u1eef ho\u00e0ng. l\u00e0m cho c\u00e1c c\u0103n phong c\u00f3 thi\u1ebft k\u1ebf c\u00e1ch t\u00e2n m\u1edbi nh\u1ea5t hi\u1ec7n nay h\u00f2a h\u1ee3p v\u1edbi t\u1ea5m r\u00e8m h\u01a1n.<\/p>\n<p>R\u00e8m v\u1ea3i h\u1ecda ti\u1ebft, hay c\u00f2n g\u1ecdi l\u00e0 r\u00e8m n\u1eef ho\u00e0ng \u0111\u01b0\u1ee3c thi\u1ebft k\u1ebf c\u00f4ng phu t\u1ef7 m\u1ec9 ph\u00f9 h\u1ee3p v\u1edbi c\u00e1c ki\u1ebfn tr\u00fac c\u1ea7u k\u1ef3 ph\u1ee9c t\u1ea1p (t\u00e2n c\u1ed5 \u0111i\u1ec3n). \u0110\u00e2y l\u00e0 d\u00f2ng s\u1ea3n ph\u1ea9m k\u1ef3 c\u00f4ng nh\u1ea5t trong c\u00e1c lo\u1ea1i r\u00e8m hi\u1ec7n nay. Nh\u01b0ng b\u00f9 l\u1ea1i l\u00e0 n\u00e9t sang tr\u1ecdng \u0111\u1ed9c \u0111\u00e1o, l\u00e0 l\u1ef1a ch\u1ecdn r\u1ea5t t\u1ed1t t\u1ea1o \u0111i\u1ec3m nh\u1ea5n cho \u00f4 c\u1eeda s\u1ed5 nh\u00e0 qu\u00fd kh\u00e1ch h\u00e0ng.<\/p>\n<ul>\n<li>M\u1eabu m\u00e3: \u0111a d\u1ea1ng<\/li>\n<li>M\u00e0u s\u1eafc: \u0111a d\u1ea1ng<\/li>\n<li>Ch\u1ea5t li\u1ec7u: c\u1ea3n n\u1eafng, c\u1ea3n s\u00e1ng 100%<\/li>\n<li>\u1ee8ng d\u1ee5ng th\u00eam: c\u00e1ch nhi\u1ec7t<\/li>\n<li>Gi\u00e1 th\u00e0nh: h\u1ee3p l\u00fd so v\u1edbi c\u00e1c lo\u1ea1i r\u00e8m kh\u00e1c.<\/li>\n<\/ul>\n<p><a href=\"https:\/\/remcuanhuy.vn\/r\/wp-content\/uploads\/2019\/05\/rem-vai-hoa-tiet_dep-13.jpg\"><img loading=\"lazy\" decoding=\"async\" class=\"aligncenter size-full wp-image-2305\" src=\"https:\/\/remcuanhuy.vn\/r\/wp-content\/uploads\/2019\/05\/rem-vai-hoa-tiet_dep-13.jpg\" alt=\"\" width=\"1280\" height=\"960\" srcset=\"https:\/\/remcuanhuy.vn\/r\/wp-content\/uploads\/2019\/05\/rem-vai-hoa-tiet_dep-13.jpg 1280w, https:\/\/remcuanhuy.vn\/r\/wp-content\/uploads\/2019\/05\/rem-vai-hoa-tiet_dep-13-600x450.jpg 600w, https:\/\/remcuanhuy.vn\/r\/wp-content\/uploads\/2019\/05\/rem-vai-hoa-tiet_dep-13-64x48.jpg 64w, https:\/\/remcuanhuy.vn\/r\/wp-content\/uploads\/2019\/05\/rem-vai-hoa-tiet_dep-13-300x225.jpg 300w, https:\/\/remcuanhuy.vn\/r\/wp-content\/uploads\/2019\/05\/rem-vai-hoa-tiet_dep-13-768x576.jpg 768w, https:\/\/remcuanhuy.vn\/r\/wp-content\/uploads\/2019\/05\/rem-vai-hoa-tiet_dep-13-1024x768.jpg 1024w, https:\/\/remcuanhuy.vn\/r\/wp-content\/uploads\/2019\/05\/rem-vai-hoa-tiet_dep-13-205x154.jpg 205w, https:\/\/remcuanhuy.vn\/r\/wp-content\/uploads\/2019\/05\/rem-vai-hoa-tiet_dep-13-1170x878.jpg 1170w\" sizes=\"(max-width: 1280px) 100vw, 1280px\" \/><\/a><\/p>\n<p><a href=\"https:\/\/remcuanhuy.vn\/r\/wp-content\/uploads\/2019\/05\/rem-vai-hoa-tiet_dep-10-1.jpg\"><img loading=\"lazy\" decoding=\"async\" class=\"aligncenter wp-image-3719 size-full\" src=\"https:\/\/remcuanhuy.vn\/r\/wp-content\/uploads\/2019\/05\/rem-vai-hoa-tiet_dep-10-1.jpg\" alt=\"\" width=\"1280\" height=\"960\" srcset=\"https:\/\/remcuanhuy.vn\/r\/wp-content\/uploads\/2019\/05\/rem-vai-hoa-tiet_dep-10-1.jpg 1280w, https:\/\/remcuanhuy.vn\/r\/wp-content\/uploads\/2019\/05\/rem-vai-hoa-tiet_dep-10-1-600x450.jpg 600w, https:\/\/remcuanhuy.vn\/r\/wp-content\/uploads\/2019\/05\/rem-vai-hoa-tiet_dep-10-1-64x48.jpg 64w, https:\/\/remcuanhuy.vn\/r\/wp-content\/uploads\/2019\/05\/rem-vai-hoa-tiet_dep-10-1-533x400.jpg 533w, https:\/\/remcuanhuy.vn\/r\/wp-content\/uploads\/2019\/05\/rem-vai-hoa-tiet_dep-10-1-1067x800.jpg 1067w, https:\/\/remcuanhuy.vn\/r\/wp-content\/uploads\/2019\/05\/rem-vai-hoa-tiet_dep-10-1-768x576.jpg 768w, https:\/\/remcuanhuy.vn\/r\/wp-content\/uploads\/2019\/05\/rem-vai-hoa-tiet_dep-10-1-300x225.jpg 300w, https:\/\/remcuanhuy.vn\/r\/wp-content\/uploads\/2019\/05\/rem-vai-hoa-tiet_dep-10-1-1024x768.jpg 1024w\" sizes=\"(max-width: 1280px) 100vw, 1280px\" \/><\/a><\/p>\n<p>&nbsp;<\/p>\n","protected":false},"excerpt":{"rendered":"<p><strong>R\u00e8m n\u1eef ho\u00e0ng<\/strong> (hay c\u00f2n g\u1ecdi <strong>b\u00e8o con s\u00f2<\/strong>, <strong>b\u00e8o n\u1eef ho\u00e0ng<\/strong>) RNH002 m\u00e0u xanh ng\u1ecdc l\u00e0 thi\u1ebft k\u1ebf \u1ea5n t\u01b0\u1ee3ng trong n\u0103m 2020. N\u00e9t \u0111\u1eb9p \u1ea9n trong t\u1eebng chi ti\u1ebft nh\u1ecf m\u00e0 ng\u01b0\u1eddi xem ch\u1ec9 c\u1ea7n ng\u1eebng m\u1eaft l\u1ea1i 3 gi\u00e2y l\u00e0 c\u00f3 th\u1ec3 nh\u1eadn ra.<\/p>\n<ul>\n<li>Gi\u00e1 c\u1ea1nh tranh<\/li>\n<li>M\u1eabu thi\u1ebft k\u1ebf m\u1edbi nh\u1ea5t 2020<\/li>\n<li>M\u00e0u s\u1eafc: xanh ng\u1ecdc<\/li>\n<li>ho\u1ea1 ti\u1ebft: hoa v\u0103n n\u1ed5i<\/li>\n<\/ul>\n<p>&nbsp;<\/p>\n","protected":false},"featured_media":2305,"comment_status":"open","ping_status":"closed","template":"redux-templates_full_width","meta":[],"product_cat":[196,79],"product_tag":[255,254,364,100,253],"_links":{"self":[{"href":"https:\/\/remcuanhuy.vn\/r\/wp-json\/wp\/v2\/product\/2304"}],"collection":[{"href":"https:\/\/remcuanhuy.vn\/r\/wp-json\/wp\/v2\/product"}],"about":[{"href":"https:\/\/remcuanhuy.vn\/r\/wp-json\/wp\/v2\/types\/product"}],"replies":[{"embeddable":true,"href":"https:\/\/remcuanhuy.vn\/r\/wp-json\/wp\/v2\/comments?post=2304"}],"wp:featuredmedia":[{"embeddable":true,"href":"https:\/\/remcuanhuy.vn\/r\/wp-json\/wp\/v2\/media\/2305"}],"wp:attachment":[{"href":"https:\/\/remcuanhuy.vn\/r\/wp-json\/wp\/v2\/media?parent=2304"}],"wp:term":[{"taxonomy":"product_cat","embeddable":true,"href":"https:\/\/remcuanhuy.vn\/r\/wp-json\/wp\/v2\/product_cat?post=2304"},{"taxonomy":"product_tag","embeddable":true,"href":"https:\/\/remcuanhuy.vn\/r\/wp-json\/wp\/v2\/product_tag?post=2304"}],"curies":[{"name":"wp","href":"https:\/\/api.w.org\/{rel}","templated":true}]}}