{"id":2335,"date":"2019-05-17T09:50:09","date_gmt":"2019-05-17T02:50:09","guid":{"rendered":"http:\/\/remcuanhuy.vn\/r\/?post_type=product&#038;p=2335"},"modified":"2024-08-12T01:05:23","modified_gmt":"2024-08-11T18:05:23","slug":"rem-vai-hoa-tiet-2-lop-can-nang-mau-long-dao-rvht21","status":"publish","type":"product","link":"https:\/\/remcuanhuy.vn\/r\/mua\/rem-vai-hoa-tiet\/rem-vai-hoa-tiet-2-lop-can-nang-mau-long-dao-rvht21\/","title":{"rendered":"R\u00e8m V\u1ea3i H\u1ecda Ti\u1ebft 2 L\u1edbp C\u1ea3n N\u1eafng- M\u00e0u L\u00f2ng \u0110\u00e0o RVHT21"},"content":{"rendered":"<figure id=\"attachment_2336\" aria-describedby=\"caption-attachment-2336\" style=\"width: 1280px\" class=\"wp-caption aligncenter\"><a href=\"https:\/\/remcuanhuy.vn\/r\/wp-content\/uploads\/2019\/05\/rem-vai-hoa-tiet_dep-22.jpg\"><img loading=\"lazy\" decoding=\"async\" class=\"wp-image-2336 size-full\" src=\"https:\/\/remcuanhuy.vn\/r\/wp-content\/uploads\/2019\/05\/rem-vai-hoa-tiet_dep-22.jpg\" alt=\"r\u00e8m v\u1ea3i h\u1ecda ti\u1ebft \u0111\u1eb9p\" width=\"1280\" height=\"960\" srcset=\"https:\/\/remcuanhuy.vn\/r\/wp-content\/uploads\/2019\/05\/rem-vai-hoa-tiet_dep-22.jpg 1280w, https:\/\/remcuanhuy.vn\/r\/wp-content\/uploads\/2019\/05\/rem-vai-hoa-tiet_dep-22-600x450.jpg 600w, https:\/\/remcuanhuy.vn\/r\/wp-content\/uploads\/2019\/05\/rem-vai-hoa-tiet_dep-22-64x48.jpg 64w, https:\/\/remcuanhuy.vn\/r\/wp-content\/uploads\/2019\/05\/rem-vai-hoa-tiet_dep-22-300x225.jpg 300w, https:\/\/remcuanhuy.vn\/r\/wp-content\/uploads\/2019\/05\/rem-vai-hoa-tiet_dep-22-768x576.jpg 768w, https:\/\/remcuanhuy.vn\/r\/wp-content\/uploads\/2019\/05\/rem-vai-hoa-tiet_dep-22-1024x768.jpg 1024w, https:\/\/remcuanhuy.vn\/r\/wp-content\/uploads\/2019\/05\/rem-vai-hoa-tiet_dep-22-205x154.jpg 205w, https:\/\/remcuanhuy.vn\/r\/wp-content\/uploads\/2019\/05\/rem-vai-hoa-tiet_dep-22-1170x878.jpg 1170w\" sizes=\"(max-width: 1280px) 100vw, 1280px\" \/><\/a><figcaption id=\"caption-attachment-2336\" class=\"wp-caption-text\">M\u1eabu r\u00e8m v\u1ea3i \u0111\u1eb9p 2021 h\u00ecnh th\u00eau n\u1ed5i c\u00e2y l\u00e1 m\u00f9a thu<\/figcaption><\/figure>\n","protected":false},"excerpt":{"rendered":"<p><a href=\"https:\/\/remcuanhuy.vn\/r\/mua\/rem-vai-hoa-tiet\/rem-vai-hoa-tiet-2-lop-can-nang-mau-long-dao-rvht21\/\"><strong>R\u00e8m v\u1ea3i h\u1ecda ti\u1ebft 2 l\u1edbp<\/strong><\/a>, tone m\u00e0u l\u00f2ng \u0111\u00e0o (m\u00e0u v\u00e0ng \u00e1nh h\u1ed3ng) \u0111\u01b0\u1ee3c x\u01b0\u1edfng may gia c\u00f4ng r\u1ea5t t\u1ec9 m\u1ec9. \u0110\u1ed9 d\u00e0y cao, tr\u00ean b\u1ec1 m\u1eb7t r\u00e8m v\u1ea3i c\u00f3 th\u00eau c\u00e1c h\u1ecda ti\u1ebft hoa v\u0103n n\u1ed5i. Khi \u0111\u01b0a tay qu\u1ec7t nh\u1eb9 l\u00ean chi\u1ebfc r\u00e8m c\u1ea3m nh\u1eadn \u0111\u1ea7u ti\u00ean \u0111\u00f3 l\u00e0 s\u1ef1 m\u1ec1m m\u1ea1i, uy\u1ec3n chuy\u1ec3n. N\u1ebfu d\u00f9ng 2 ng\u00f3n tay ch\u00e0 s\u00e1p s\u1ebd th\u1ea5y ch\u00fang h\u01a1i th\u00f4, c\u00f3 \u0111\u1ed9 ma s\u00e1t cao. \u0110\u00e2y l\u00e0 m\u1ed9t trong c\u00e1c \u0111\u1eb7c t\u00ednh d\u00f9ng \u0111\u1ec3 nh\u1eadn d\u1ea1ng v\u1ea3i coton chu\u1ea9n 100%, kh\u00f4ng pha t\u1ea1p ch\u1ea5t.<\/p>\n<ul>\n<li>Ch\u1ee9c n\u0103ng: c\u1ea3n s\u00e1ng, ch\u1ed1ng n\u1eafng, l\u00e0m \u0111\u1eb9p kh\u00f4ng gian<\/li>\n<li>\u01afu \u0111i\u1ec3m: t\u00ednh th\u1ea9m m\u0129 cao, M\u1ec1m m\u1ea1i, \u0111\u1ed9 b\u1ec1n 10 n\u0103m \u00edt ph\u1ea3i b\u1ea3o tr\u00ec.<\/li>\n<li>Gi\u00e1 th\u00e0nh: Gi\u00e1 tr\u00ean t\u00ednh theo 1 m\u00e9t ngang c\u1eeda<\/li>\n<li>Th\u1eddi gian thi c\u00f4ng: trong v\u00f2ng 24h<\/li>\n<\/ul>\n","protected":false},"featured_media":2336,"comment_status":"open","ping_status":"closed","template":"","meta":[],"product_cat":[79],"product_tag":[358,359,357,100],"_links":{"self":[{"href":"https:\/\/remcuanhuy.vn\/r\/wp-json\/wp\/v2\/product\/2335"}],"collection":[{"href":"https:\/\/remcuanhuy.vn\/r\/wp-json\/wp\/v2\/product"}],"about":[{"href":"https:\/\/remcuanhuy.vn\/r\/wp-json\/wp\/v2\/types\/product"}],"replies":[{"embeddable":true,"href":"https:\/\/remcuanhuy.vn\/r\/wp-json\/wp\/v2\/comments?post=2335"}],"wp:featuredmedia":[{"embeddable":true,"href":"https:\/\/remcuanhuy.vn\/r\/wp-json\/wp\/v2\/media\/2336"}],"wp:attachment":[{"href":"https:\/\/remcuanhuy.vn\/r\/wp-json\/wp\/v2\/media?parent=2335"}],"wp:term":[{"taxonomy":"product_cat","embeddable":true,"href":"https:\/\/remcuanhuy.vn\/r\/wp-json\/wp\/v2\/product_cat?post=2335"},{"taxonomy":"product_tag","embeddable":true,"href":"https:\/\/remcuanhuy.vn\/r\/wp-json\/wp\/v2\/product_tag?post=2335"}],"curies":[{"name":"wp","href":"https:\/\/api.w.org\/{rel}","templated":true}]}}