{"id":2350,"date":"2019-05-17T10:20:16","date_gmt":"2019-05-17T03:20:16","guid":{"rendered":"http:\/\/remcuanhuy.vn\/r\/?post_type=product&#038;p=2350"},"modified":"2026-01-21T01:07:08","modified_gmt":"2026-01-20T18:07:08","slug":"rem-vai-hoa-tiet-2-lop-can-nang-rem-dun-pencil-pleat-mau-nau-den-rvht26","status":"publish","type":"product","link":"https:\/\/remcuanhuy.vn\/r\/mua\/rem-vai-hoa-tiet\/rem-vai-hoa-tiet-2-lop-can-nang-rem-dun-pencil-pleat-mau-nau-den-rvht26\/","title":{"rendered":"R\u00e8m V\u1ea3i H\u1ecda Ti\u1ebft 2 L\u1edbp C\u1ea3n N\u1eafng, R\u00e8m Dun (Pencil pleat) M\u00e0u N\u00e2u \u0110en RVHT26"},"content":{"rendered":"<p><a href=\"https:\/\/remcuanhuy.vn\/r\/wp-content\/uploads\/2019\/05\/rem-vai-hoa-tiet_dep-33.jpg\"><img loading=\"lazy\" decoding=\"async\" class=\"aligncenter wp-image-2351\" src=\"https:\/\/remcuanhuy.vn\/r\/wp-content\/uploads\/2019\/05\/rem-vai-hoa-tiet_dep-33.jpg\" alt=\"\" width=\"715\" height=\"537\" srcset=\"https:\/\/remcuanhuy.vn\/r\/wp-content\/uploads\/2019\/05\/rem-vai-hoa-tiet_dep-33.jpg 960w, https:\/\/remcuanhuy.vn\/r\/wp-content\/uploads\/2019\/05\/rem-vai-hoa-tiet_dep-33-600x450.jpg 600w, https:\/\/remcuanhuy.vn\/r\/wp-content\/uploads\/2019\/05\/rem-vai-hoa-tiet_dep-33-64x48.jpg 64w, https:\/\/remcuanhuy.vn\/r\/wp-content\/uploads\/2019\/05\/rem-vai-hoa-tiet_dep-33-300x225.jpg 300w, https:\/\/remcuanhuy.vn\/r\/wp-content\/uploads\/2019\/05\/rem-vai-hoa-tiet_dep-33-768x576.jpg 768w, https:\/\/remcuanhuy.vn\/r\/wp-content\/uploads\/2019\/05\/rem-vai-hoa-tiet_dep-33-205x154.jpg 205w\" sizes=\"(max-width: 715px) 100vw, 715px\" \/><\/a> <a href=\"https:\/\/remcuanhuy.vn\/r\/wp-content\/uploads\/2019\/05\/rem-vai-hoa-tiet_dep-34.jpg\"><img loading=\"lazy\" decoding=\"async\" class=\"aligncenter wp-image-2352\" src=\"https:\/\/remcuanhuy.vn\/r\/wp-content\/uploads\/2019\/05\/rem-vai-hoa-tiet_dep-34.jpg\" alt=\"\" width=\"713\" height=\"535\" srcset=\"https:\/\/remcuanhuy.vn\/r\/wp-content\/uploads\/2019\/05\/rem-vai-hoa-tiet_dep-34.jpg 960w, https:\/\/remcuanhuy.vn\/r\/wp-content\/uploads\/2019\/05\/rem-vai-hoa-tiet_dep-34-600x450.jpg 600w, https:\/\/remcuanhuy.vn\/r\/wp-content\/uploads\/2019\/05\/rem-vai-hoa-tiet_dep-34-64x48.jpg 64w, https:\/\/remcuanhuy.vn\/r\/wp-content\/uploads\/2019\/05\/rem-vai-hoa-tiet_dep-34-300x225.jpg 300w, https:\/\/remcuanhuy.vn\/r\/wp-content\/uploads\/2019\/05\/rem-vai-hoa-tiet_dep-34-768x576.jpg 768w, https:\/\/remcuanhuy.vn\/r\/wp-content\/uploads\/2019\/05\/rem-vai-hoa-tiet_dep-34-205x154.jpg 205w\" sizes=\"(max-width: 713px) 100vw, 713px\" \/><\/a><\/p>\n","protected":false},"excerpt":{"rendered":"<p>R\u00e8m v\u1ea3i h\u1ecda ti\u1ebft 2 l\u1edbp, tone m\u00e0u n\u00e2u \u0111en c\u1ea3n n\u1eafng 100%. Thi\u1ebft k\u1ebf \u1ea5n t\u01b0\u1ee3ng theo phong c\u00e1ch r\u00e8m dun (<b>Pencil pleat)<\/b>. Ph\u1ea7n \u0111\u1ea7u c\u1ee7a r\u00e8m dun \u0111\u01b0\u1ee3c t\u1ea1o th\u00e0nh b\u1edfi c\u00e1c ly nh\u1ecf x\u1ebfp li\u1ec1n nhau. Lo\u1ea1i r\u00e8m n\u00e0y th\u01b0\u1eddng \u0111\u01b0\u1ee3c s\u1eed d\u1ee5ng ph\u00eda trong h\u1ed9p r\u00e8m (pelmet) ho\u1eb7c h\u1ed9c r\u00e8m \u00e2m tr\u1ea7n. Tuy nhi\u00ean trong m\u1ed9t s\u1ed1 tr\u01b0\u1eddng h\u1ee3p, r\u00e8m ly v\u1eabn c\u00f3 nhi\u1ec1u l\u1ef1a ch\u1ecdn h\u1ee3p l\u00fd.<\/p>\n<p>&nbsp;<\/p>\n<div class=\"separator\"><\/div>\n","protected":false},"featured_media":2352,"comment_status":"open","ping_status":"closed","template":"","meta":[],"product_cat":[79],"product_tag":[133,367,361,355,368,100,253],"_links":{"self":[{"href":"https:\/\/remcuanhuy.vn\/r\/wp-json\/wp\/v2\/product\/2350"}],"collection":[{"href":"https:\/\/remcuanhuy.vn\/r\/wp-json\/wp\/v2\/product"}],"about":[{"href":"https:\/\/remcuanhuy.vn\/r\/wp-json\/wp\/v2\/types\/product"}],"replies":[{"embeddable":true,"href":"https:\/\/remcuanhuy.vn\/r\/wp-json\/wp\/v2\/comments?post=2350"}],"wp:featuredmedia":[{"embeddable":true,"href":"https:\/\/remcuanhuy.vn\/r\/wp-json\/wp\/v2\/media\/2352"}],"wp:attachment":[{"href":"https:\/\/remcuanhuy.vn\/r\/wp-json\/wp\/v2\/media?parent=2350"}],"wp:term":[{"taxonomy":"product_cat","embeddable":true,"href":"https:\/\/remcuanhuy.vn\/r\/wp-json\/wp\/v2\/product_cat?post=2350"},{"taxonomy":"product_tag","embeddable":true,"href":"https:\/\/remcuanhuy.vn\/r\/wp-json\/wp\/v2\/product_tag?post=2350"}],"curies":[{"name":"wp","href":"https:\/\/api.w.org\/{rel}","templated":true}]}}