{"id":2368,"date":"2019-05-17T10:29:33","date_gmt":"2019-05-17T03:29:33","guid":{"rendered":"http:\/\/remcuanhuy.vn\/r\/?post_type=product&#038;p=2368"},"modified":"2026-01-21T01:06:27","modified_gmt":"2026-01-20T18:06:27","slug":"rem-vai-hoa-tiet-1-lop-mau-long-dao-rvht31","status":"publish","type":"product","link":"https:\/\/remcuanhuy.vn\/r\/mua\/rem-vai-hoa-tiet\/rem-vai-hoa-tiet-1-lop-mau-long-dao-rvht31\/","title":{"rendered":"R\u00e8m V\u1ea3i H\u1ecda Ti\u1ebft, 1 L\u1edbp M\u00e0u L\u00f2ng \u0110\u00e0o RVHT31"},"content":{"rendered":"<p><a href=\"https:\/\/remcuanhuy.vn\/r\/wp-content\/uploads\/2019\/05\/rem-vai-hoa-tiet_dep-45.jpg\"><img loading=\"lazy\" decoding=\"async\" class=\"aligncenter  wp-image-2369\" src=\"https:\/\/remcuanhuy.vn\/r\/wp-content\/uploads\/2019\/05\/rem-vai-hoa-tiet_dep-45.jpg\" alt=\"\" width=\"854\" height=\"641\" srcset=\"https:\/\/remcuanhuy.vn\/r\/wp-content\/uploads\/2019\/05\/rem-vai-hoa-tiet_dep-45.jpg 2048w, https:\/\/remcuanhuy.vn\/r\/wp-content\/uploads\/2019\/05\/rem-vai-hoa-tiet_dep-45-600x450.jpg 600w, https:\/\/remcuanhuy.vn\/r\/wp-content\/uploads\/2019\/05\/rem-vai-hoa-tiet_dep-45-64x48.jpg 64w, https:\/\/remcuanhuy.vn\/r\/wp-content\/uploads\/2019\/05\/rem-vai-hoa-tiet_dep-45-300x225.jpg 300w, https:\/\/remcuanhuy.vn\/r\/wp-content\/uploads\/2019\/05\/rem-vai-hoa-tiet_dep-45-768x576.jpg 768w, https:\/\/remcuanhuy.vn\/r\/wp-content\/uploads\/2019\/05\/rem-vai-hoa-tiet_dep-45-1024x768.jpg 1024w, https:\/\/remcuanhuy.vn\/r\/wp-content\/uploads\/2019\/05\/rem-vai-hoa-tiet_dep-45-205x154.jpg 205w, https:\/\/remcuanhuy.vn\/r\/wp-content\/uploads\/2019\/05\/rem-vai-hoa-tiet_dep-45-1170x878.jpg 1170w\" sizes=\"(max-width: 854px) 100vw, 854px\" \/><\/a><\/p>\n","protected":false},"excerpt":{"rendered":"","protected":false},"featured_media":2369,"comment_status":"open","ping_status":"closed","template":"","meta":[],"product_cat":[79],"product_tag":[357,361,100,354],"_links":{"self":[{"href":"https:\/\/remcuanhuy.vn\/r\/wp-json\/wp\/v2\/product\/2368"}],"collection":[{"href":"https:\/\/remcuanhuy.vn\/r\/wp-json\/wp\/v2\/product"}],"about":[{"href":"https:\/\/remcuanhuy.vn\/r\/wp-json\/wp\/v2\/types\/product"}],"replies":[{"embeddable":true,"href":"https:\/\/remcuanhuy.vn\/r\/wp-json\/wp\/v2\/comments?post=2368"}],"wp:featuredmedia":[{"embeddable":true,"href":"https:\/\/remcuanhuy.vn\/r\/wp-json\/wp\/v2\/media\/2369"}],"wp:attachment":[{"href":"https:\/\/remcuanhuy.vn\/r\/wp-json\/wp\/v2\/media?parent=2368"}],"wp:term":[{"taxonomy":"product_cat","embeddable":true,"href":"https:\/\/remcuanhuy.vn\/r\/wp-json\/wp\/v2\/product_cat?post=2368"},{"taxonomy":"product_tag","embeddable":true,"href":"https:\/\/remcuanhuy.vn\/r\/wp-json\/wp\/v2\/product_tag?post=2368"}],"curies":[{"name":"wp","href":"https:\/\/api.w.org\/{rel}","templated":true}]}}