{"id":2376,"date":"2019-05-17T10:39:17","date_gmt":"2019-05-17T03:39:17","guid":{"rendered":"http:\/\/remcuanhuy.vn\/r\/?post_type=product&#038;p=2376"},"modified":"2025-11-03T12:30:21","modified_gmt":"2025-11-03T05:30:21","slug":"rem-vai-2-lop-mau-hong-hoa-tiet-kiti-rvht34","status":"publish","type":"product","link":"https:\/\/remcuanhuy.vn\/r\/mua\/rem-vai-hoa-tiet\/rem-vai-2-lop-mau-hong-hoa-tiet-kiti-rvht34\/","title":{"rendered":"R\u00e8m V\u1ea3i 2 L\u1edbp M\u00e0u H\u1ed3ng H\u1ecda Ti\u1ebft Kiti RVHT34"},"content":{"rendered":"<p><a href=\"https:\/\/remcuanhuy.vn\/r\/wp-content\/uploads\/2019\/05\/rem-vai-hoa-tiet_dep-51.jpg\"><img loading=\"lazy\" decoding=\"async\" class=\"aligncenter size-full wp-image-2378\" src=\"https:\/\/remcuanhuy.vn\/r\/wp-content\/uploads\/2019\/05\/rem-vai-hoa-tiet_dep-51.jpg\" alt=\"\" width=\"720\" height=\"960\" srcset=\"https:\/\/remcuanhuy.vn\/r\/wp-content\/uploads\/2019\/05\/rem-vai-hoa-tiet_dep-51.jpg 720w, https:\/\/remcuanhuy.vn\/r\/wp-content\/uploads\/2019\/05\/rem-vai-hoa-tiet_dep-51-262x349.jpg 262w, https:\/\/remcuanhuy.vn\/r\/wp-content\/uploads\/2019\/05\/rem-vai-hoa-tiet_dep-51-600x800.jpg 600w, https:\/\/remcuanhuy.vn\/r\/wp-content\/uploads\/2019\/05\/rem-vai-hoa-tiet_dep-51-64x85.jpg 64w, https:\/\/remcuanhuy.vn\/r\/wp-content\/uploads\/2019\/05\/rem-vai-hoa-tiet_dep-51-225x300.jpg 225w, https:\/\/remcuanhuy.vn\/r\/wp-content\/uploads\/2019\/05\/rem-vai-hoa-tiet_dep-51-116x154.jpg 116w\" sizes=\"(max-width: 720px) 100vw, 720px\" \/><\/a><\/p>\n","protected":false},"excerpt":{"rendered":"<p>M\u1eabu <strong>r\u00e8m v\u1ea3i<\/strong> 2 l\u1edbp <strong>h\u1ecda ti\u1ebft<\/strong> m\u00e0u h\u1ed3ng \u0111\u1ea5t c\u00f3 th\u00eau h\u00ecnh m\u00e8o kiti \u0111\u00e1ng y\u00eau l\u00e0 m\u1eabu r\u00e8m d\u1ec5 h\u00f2a h\u1ee3p v\u1edbi m\u00e0u kh\u00f4ng gian n\u1ed9i th\u1ea5t. C\u00f9ng t\u00f4ng m\u00e0u n\u00e0y c\u00f3 nhi\u1ec1u lo\u1ea1i <strong>r\u00e8m v\u1ea3i<\/strong> c\u00f3 h\u1ecda ti\u1ebft kh\u00e1c ph\u00f9 h\u1ee3p v\u1edbi t\u1eebng s\u1edf th\u00edch c\u1ee7a qu\u00fd kh\u00e1ch h\u00e0ng.<\/p>\n<ul>\n<li>\u01afu \u0111i\u1ec3m: \u0111\u1eb9p, d\u1ec5 ph\u1ed1i m\u00e0u<\/li>\n<li>Ch\u1ee9c n\u0103ng: c\u1ea3n n\u1eafng, ch\u1eafn s\u00e1ng 80%<\/li>\n<li>Phong c\u00e1ch: Hi\u1ec7n \u0111\u1ea1i, \u0111\u01a1n gi\u1ea3n h\u00f3a chi ti\u1ebft, t\u1ed1i gi\u1ea3n t\u1eeb r\u00e8m n\u1eef ho\u00e0ng lo\u1ea1i r\u00e8m \u0111\u01b0\u1ee3c cho l\u00e0 c\u1ea7u k\u1ef3 ph\u1ee9c t\u1ea1p h\u01a1n.<\/li>\n<li>Gi\u00e1 m\u1eabu <a href=\"https:\/\/remcuanhuy.vn\/r\/danh-muc-san-pham\/rem-vai-hoa-tiet\/\"><strong>r\u00e8m v\u1ea3i h\u1ecda ti\u1ebft<\/strong><\/a> n\u00e0y n\u1ebfu kh\u00f4ng c\u00f3 l\u1edbp b\u00e8o ph\u00eda b\u00ean tr\u00ean l\u00e0: <strong>750.000 <sup>\u0111g<\/sup><\/strong><\/li>\n<li>Gi\u00e1 t\u00ednh tr\u00ean 1 m\u00e9t ngang c\u1ee7a r\u00e8m. kh\u00f4ng t\u00ednh chi\u1ec1u cao, mi\u1ec5n ph\u00ed chi\u1ec1u cao t\u1eeb 2m8 \u0111\u1ed5 l\u1ea1i.<\/li>\n<\/ul>\n<p>&nbsp;<\/p>\n<p>&nbsp;<\/p>\n","protected":false},"featured_media":2378,"comment_status":"open","ping_status":"closed","template":"","meta":[],"product_cat":[79],"product_tag":[258,257,256,253],"_links":{"self":[{"href":"https:\/\/remcuanhuy.vn\/r\/wp-json\/wp\/v2\/product\/2376"}],"collection":[{"href":"https:\/\/remcuanhuy.vn\/r\/wp-json\/wp\/v2\/product"}],"about":[{"href":"https:\/\/remcuanhuy.vn\/r\/wp-json\/wp\/v2\/types\/product"}],"replies":[{"embeddable":true,"href":"https:\/\/remcuanhuy.vn\/r\/wp-json\/wp\/v2\/comments?post=2376"}],"wp:featuredmedia":[{"embeddable":true,"href":"https:\/\/remcuanhuy.vn\/r\/wp-json\/wp\/v2\/media\/2378"}],"wp:attachment":[{"href":"https:\/\/remcuanhuy.vn\/r\/wp-json\/wp\/v2\/media?parent=2376"}],"wp:term":[{"taxonomy":"product_cat","embeddable":true,"href":"https:\/\/remcuanhuy.vn\/r\/wp-json\/wp\/v2\/product_cat?post=2376"},{"taxonomy":"product_tag","embeddable":true,"href":"https:\/\/remcuanhuy.vn\/r\/wp-json\/wp\/v2\/product_tag?post=2376"}],"curies":[{"name":"wp","href":"https:\/\/api.w.org\/{rel}","templated":true}]}}