{"id":2383,"date":"2019-05-17T10:43:13","date_gmt":"2019-05-17T03:43:13","guid":{"rendered":"http:\/\/remcuanhuy.vn\/r\/?post_type=product&#038;p=2383"},"modified":"2022-12-30T12:46:46","modified_gmt":"2022-12-30T05:46:46","slug":"rem-vai-mot-mau-mau-xam-rvmm02","status":"publish","type":"product","link":"https:\/\/remcuanhuy.vn\/r\/mua\/rem-vai-mot-mau\/rem-vai-mot-mau-mau-xam-rvmm02\/","title":{"rendered":"R\u00e8m V\u1ea3i M\u1ed9t M\u00e0u, M\u00e0u X\u00e1m RVMM02"},"content":{"rendered":"<p><a href=\"https:\/\/remcuanhuy.vn\/r\/wp-content\/uploads\/2019\/05\/rem-vai-mot-mau_dep-2.jpg\"><img loading=\"lazy\" decoding=\"async\" class=\"aligncenter size-full wp-image-2384\" src=\"https:\/\/remcuanhuy.vn\/r\/wp-content\/uploads\/2019\/05\/rem-vai-mot-mau_dep-2.jpg\" alt=\"\" width=\"1280\" height=\"960\" srcset=\"https:\/\/remcuanhuy.vn\/r\/wp-content\/uploads\/2019\/05\/rem-vai-mot-mau_dep-2.jpg 1280w, https:\/\/remcuanhuy.vn\/r\/wp-content\/uploads\/2019\/05\/rem-vai-mot-mau_dep-2-600x450.jpg 600w, https:\/\/remcuanhuy.vn\/r\/wp-content\/uploads\/2019\/05\/rem-vai-mot-mau_dep-2-64x48.jpg 64w, https:\/\/remcuanhuy.vn\/r\/wp-content\/uploads\/2019\/05\/rem-vai-mot-mau_dep-2-300x225.jpg 300w, https:\/\/remcuanhuy.vn\/r\/wp-content\/uploads\/2019\/05\/rem-vai-mot-mau_dep-2-768x576.jpg 768w, https:\/\/remcuanhuy.vn\/r\/wp-content\/uploads\/2019\/05\/rem-vai-mot-mau_dep-2-1024x768.jpg 1024w, https:\/\/remcuanhuy.vn\/r\/wp-content\/uploads\/2019\/05\/rem-vai-mot-mau_dep-2-205x154.jpg 205w, https:\/\/remcuanhuy.vn\/r\/wp-content\/uploads\/2019\/05\/rem-vai-mot-mau_dep-2-1170x878.jpg 1170w\" sizes=\"(max-width: 1280px) 100vw, 1280px\" \/><\/a><\/p>\n","protected":false},"excerpt":{"rendered":"<p>R\u00e8m v\u1ea3i m\u1ed9t m\u00e0u, tone m\u00e0u x\u00e1m thi\u1ebft k\u1ebf theo phong c\u00e1ch ore. Th\u01b0\u1eddng \u0111\u01b0\u1ee3c s\u1eed d\u1ee5ng cho c\u00e1c \u00f4 c\u1eeda s\u1ed5 chung c\u01b0 ho\u1eb7c d\u00f9ng l\u00e0m r\u00e8m gia \u0111\u00ecnh r\u1ea5t ph\u00f9 h\u1ee3p b\u1edfi t\u00ednh \u0111\u01a1n gi\u1ea3n nh\u01b0ng l\u1ecbch s\u1ef1 \u1ee9ng d\u1ee5ng \u0111a ch\u1ee9c n\u0103ng.<\/p>\n<ul>\n<li>\u01afu \u0111i\u1ec3m: \u0111\u01a1n gi\u1ea3n, kh\u00f4ng c\u1ea7u k\u1ef3, l\u1ecbch s\u1ef1, d\u1ec5 ph\u1ed1i m\u00e0u, kh\u00f4ng b\u1eaft b\u1ee5i<\/li>\n<li>C\u00f4ng d\u1ee5ng 4.0: C\u1ea3n n\u1eafng, ch\u1eafn s\u00e1ng, \u0111i\u1ec1u ti\u1ebft c\u1ea3m x\u00fac, trang tri l\u00e0m \u0111\u1eb9p<\/li>\n<li>Gi\u00e1 th\u00e0nh: gi\u00e1 tr\u00ean t\u00ednh theo 1 m\u00e9t ngang c\u1eeda \u0111\u00e3 ho\u00e0n thi\u1ec7n.<\/li>\n<li>Ch\u1ebf \u0111\u1ed9 b\u1ea3o h\u00e0nh, b\u1ea3o tr\u00ec: b\u1ea3o h\u00e0nh 24 th\u00e1ng, b\u1ea3o tr\u00ec tr\u1ecdn \u0111\u1eddi s\u1ea3n ph\u1ea9m<\/li>\n<\/ul>\n","protected":false},"featured_media":2384,"comment_status":"open","ping_status":"closed","template":"","meta":[],"product_cat":[86],"product_tag":[187,355,100,354],"_links":{"self":[{"href":"https:\/\/remcuanhuy.vn\/r\/wp-json\/wp\/v2\/product\/2383"}],"collection":[{"href":"https:\/\/remcuanhuy.vn\/r\/wp-json\/wp\/v2\/product"}],"about":[{"href":"https:\/\/remcuanhuy.vn\/r\/wp-json\/wp\/v2\/types\/product"}],"replies":[{"embeddable":true,"href":"https:\/\/remcuanhuy.vn\/r\/wp-json\/wp\/v2\/comments?post=2383"}],"wp:featuredmedia":[{"embeddable":true,"href":"https:\/\/remcuanhuy.vn\/r\/wp-json\/wp\/v2\/media\/2384"}],"wp:attachment":[{"href":"https:\/\/remcuanhuy.vn\/r\/wp-json\/wp\/v2\/media?parent=2383"}],"wp:term":[{"taxonomy":"product_cat","embeddable":true,"href":"https:\/\/remcuanhuy.vn\/r\/wp-json\/wp\/v2\/product_cat?post=2383"},{"taxonomy":"product_tag","embeddable":true,"href":"https:\/\/remcuanhuy.vn\/r\/wp-json\/wp\/v2\/product_tag?post=2383"}],"curies":[{"name":"wp","href":"https:\/\/api.w.org\/{rel}","templated":true}]}}