{"id":2433,"date":"2019-05-17T11:13:08","date_gmt":"2019-05-17T04:13:08","guid":{"rendered":"http:\/\/remcuanhuy.vn\/r\/?post_type=product&#038;p=2433"},"modified":"2020-11-14T14:59:16","modified_gmt":"2020-11-14T07:59:16","slug":"rem-vai-mot-mau-2-lop-tong-mau-xam-rvmm27","status":"publish","type":"product","link":"https:\/\/remcuanhuy.vn\/r\/mua\/rem-vai-mot-mau\/rem-vai-mot-mau-2-lop-tong-mau-xam-rvmm27\/","title":{"rendered":"R\u00e8m V\u1ea3i M\u1ed9t M\u00e0u 2 L\u1edbp &#8211; T\u00f4ng M\u00e0u X\u00e1m RVMM27"},"content":{"rendered":"<p>R\u00e8m v\u1ea3i m\u1ed9t m\u00e0u 2 l\u1edbp t\u00f4ng m\u00e0u x\u00e1m. L\u1edbp voan b\u00ean trong th\u00eau h\u00ecnh nh\u1eefng b\u00f4ng hoa sen t\u1ea1o c\u1ea3m gi\u00e1c thi\u00ean nhi\u00ean thanh tao, tao nh\u00e3 \u0111ang \u00f9a v\u00e0o ph\u00f2ng.<\/p>\n<p><a href=\"https:\/\/remcuanhuy.vn\/r\/wp-content\/uploads\/2019\/05\/rem-vai-mot-mau_dep-27.jpg\"><img loading=\"lazy\" decoding=\"async\" class=\"aligncenter size-full wp-image-2434\" src=\"https:\/\/remcuanhuy.vn\/r\/wp-content\/uploads\/2019\/05\/rem-vai-mot-mau_dep-27.jpg\" alt=\"\" width=\"960\" height=\"1280\" srcset=\"https:\/\/remcuanhuy.vn\/r\/wp-content\/uploads\/2019\/05\/rem-vai-mot-mau_dep-27.jpg 960w, https:\/\/remcuanhuy.vn\/r\/wp-content\/uploads\/2019\/05\/rem-vai-mot-mau_dep-27-262x349.jpg 262w, https:\/\/remcuanhuy.vn\/r\/wp-content\/uploads\/2019\/05\/rem-vai-mot-mau_dep-27-600x800.jpg 600w, https:\/\/remcuanhuy.vn\/r\/wp-content\/uploads\/2019\/05\/rem-vai-mot-mau_dep-27-64x85.jpg 64w, https:\/\/remcuanhuy.vn\/r\/wp-content\/uploads\/2019\/05\/rem-vai-mot-mau_dep-27-225x300.jpg 225w, https:\/\/remcuanhuy.vn\/r\/wp-content\/uploads\/2019\/05\/rem-vai-mot-mau_dep-27-768x1024.jpg 768w, https:\/\/remcuanhuy.vn\/r\/wp-content\/uploads\/2019\/05\/rem-vai-mot-mau_dep-27-116x154.jpg 116w\" sizes=\"(max-width: 960px) 100vw, 960px\" \/><\/a><\/p>\n","protected":false},"excerpt":{"rendered":"<p>R\u00e8m v\u1ea3i m\u1ed9t m\u00e0u 2 l\u1edbp v\u1edbi t\u00f4ng m\u00e0u x\u00e1m phong c\u00e1ch hi\u1ec7n \u0111\u1ea1i, ph\u00f9 h\u1ee3p v\u1edbi c\u00e1c kh\u00f4ng gian nh\u01b0 ph\u00f2ng ng\u1ee7, ph\u00f2ng kh\u00e1ch.<\/p>\n<ul>\n<li>\u01afu \u0111i\u1ec3m: c\u1ea3n n\u1eafng, ch\u1eafn s\u00e1ng 80%, \u0111i\u1ec1u ti\u1ebft c\u1ea3m x\u00fac. Gi\u00e1 r\u1ebb h\u01a1n so v\u1edbi c\u00e1c lo\u1ea1i r\u00e8m v\u1ea3i 2 l\u1edbp c\u1ea3n n\u1eafng 100%. T\u00ednh th\u1ea9m m\u1ef9 cao kh\u00f4ng b\u1ecb \u1ea3nh h\u01b0\u1edfng b\u1edfi gi\u00e1 th\u00e0nh.<\/li>\n<li>Ch\u1ea5t li\u1ec7u: V\u1ea3i th\u00f4 m\u1ed9t m\u00e0u t\u00f4ng m\u00e0u x\u00e1m, Voan t\u00f4ng m\u00e0u tr\u1eafng th\u00eau h\u1ecda ti\u1ebft \u0111\u1ea7m hoa sen<\/li>\n<li>Linh ph\u1ee5 ki\u1ec7n cao c\u1ea5p, thanh nh\u00f4m ch\u1ed1ng x\u00edt gi\u00fap r\u00e8m ho\u1ea1t \u0111\u1ed9ng l\u00e2u d\u00e0i lu\u00f4n tr\u01a1n tru m\u01b0\u1ee3t m\u00e0.<\/li>\n<\/ul>\n","protected":false},"featured_media":2434,"comment_status":"open","ping_status":"closed","template":"","meta":[],"product_cat":[86],"product_tag":[259,187,253],"_links":{"self":[{"href":"https:\/\/remcuanhuy.vn\/r\/wp-json\/wp\/v2\/product\/2433"}],"collection":[{"href":"https:\/\/remcuanhuy.vn\/r\/wp-json\/wp\/v2\/product"}],"about":[{"href":"https:\/\/remcuanhuy.vn\/r\/wp-json\/wp\/v2\/types\/product"}],"replies":[{"embeddable":true,"href":"https:\/\/remcuanhuy.vn\/r\/wp-json\/wp\/v2\/comments?post=2433"}],"wp:featuredmedia":[{"embeddable":true,"href":"https:\/\/remcuanhuy.vn\/r\/wp-json\/wp\/v2\/media\/2434"}],"wp:attachment":[{"href":"https:\/\/remcuanhuy.vn\/r\/wp-json\/wp\/v2\/media?parent=2433"}],"wp:term":[{"taxonomy":"product_cat","embeddable":true,"href":"https:\/\/remcuanhuy.vn\/r\/wp-json\/wp\/v2\/product_cat?post=2433"},{"taxonomy":"product_tag","embeddable":true,"href":"https:\/\/remcuanhuy.vn\/r\/wp-json\/wp\/v2\/product_tag?post=2433"}],"curies":[{"name":"wp","href":"https:\/\/api.w.org\/{rel}","templated":true}]}}