{"id":2519,"date":"2019-05-17T18:58:11","date_gmt":"2019-05-17T11:58:11","guid":{"rendered":"http:\/\/remcuanhuy.vn\/r\/?post_type=product&#038;p=2519"},"modified":"2019-05-17T18:58:11","modified_gmt":"2019-05-17T11:58:11","slug":"rem-sao-nhom-ngang-rsn01","status":"publish","type":"product","link":"https:\/\/remcuanhuy.vn\/r\/mua\/rem-sao-ngang\/rem-sao-nhom-ngang-rsn01\/","title":{"rendered":"R\u00e8m S\u00e1o Nh\u00f4m (Ngang) RSN01"},"content":{"rendered":"<p><a href=\"https:\/\/remcuanhuy.vn\/r\/wp-content\/uploads\/2019\/05\/man_rem-sao-nhom_sao-ngang_dep-1.jpg\"><img loading=\"lazy\" decoding=\"async\" class=\"aligncenter size-full wp-image-2520\" src=\"https:\/\/remcuanhuy.vn\/r\/wp-content\/uploads\/2019\/05\/man_rem-sao-nhom_sao-ngang_dep-1.jpg\" alt=\"\" width=\"1536\" height=\"2048\" srcset=\"https:\/\/remcuanhuy.vn\/r\/wp-content\/uploads\/2019\/05\/man_rem-sao-nhom_sao-ngang_dep-1.jpg 1536w, https:\/\/remcuanhuy.vn\/r\/wp-content\/uploads\/2019\/05\/man_rem-sao-nhom_sao-ngang_dep-1-262x349.jpg 262w, https:\/\/remcuanhuy.vn\/r\/wp-content\/uploads\/2019\/05\/man_rem-sao-nhom_sao-ngang_dep-1-600x800.jpg 600w, https:\/\/remcuanhuy.vn\/r\/wp-content\/uploads\/2019\/05\/man_rem-sao-nhom_sao-ngang_dep-1-64x85.jpg 64w, https:\/\/remcuanhuy.vn\/r\/wp-content\/uploads\/2019\/05\/man_rem-sao-nhom_sao-ngang_dep-1-225x300.jpg 225w, https:\/\/remcuanhuy.vn\/r\/wp-content\/uploads\/2019\/05\/man_rem-sao-nhom_sao-ngang_dep-1-768x1024.jpg 768w, https:\/\/remcuanhuy.vn\/r\/wp-content\/uploads\/2019\/05\/man_rem-sao-nhom_sao-ngang_dep-1-116x154.jpg 116w, https:\/\/remcuanhuy.vn\/r\/wp-content\/uploads\/2019\/05\/man_rem-sao-nhom_sao-ngang_dep-1-1170x1560.jpg 1170w\" sizes=\"(max-width: 1536px) 100vw, 1536px\" \/><\/a><\/p>\n","protected":false},"excerpt":{"rendered":"","protected":false},"featured_media":2520,"comment_status":"open","ping_status":"closed","template":"","meta":[],"product_cat":[89],"product_tag":[],"_links":{"self":[{"href":"https:\/\/remcuanhuy.vn\/r\/wp-json\/wp\/v2\/product\/2519"}],"collection":[{"href":"https:\/\/remcuanhuy.vn\/r\/wp-json\/wp\/v2\/product"}],"about":[{"href":"https:\/\/remcuanhuy.vn\/r\/wp-json\/wp\/v2\/types\/product"}],"replies":[{"embeddable":true,"href":"https:\/\/remcuanhuy.vn\/r\/wp-json\/wp\/v2\/comments?post=2519"}],"wp:featuredmedia":[{"embeddable":true,"href":"https:\/\/remcuanhuy.vn\/r\/wp-json\/wp\/v2\/media\/2520"}],"wp:attachment":[{"href":"https:\/\/remcuanhuy.vn\/r\/wp-json\/wp\/v2\/media?parent=2519"}],"wp:term":[{"taxonomy":"product_cat","embeddable":true,"href":"https:\/\/remcuanhuy.vn\/r\/wp-json\/wp\/v2\/product_cat?post=2519"},{"taxonomy":"product_tag","embeddable":true,"href":"https:\/\/remcuanhuy.vn\/r\/wp-json\/wp\/v2\/product_tag?post=2519"}],"curies":[{"name":"wp","href":"https:\/\/api.w.org\/{rel}","templated":true}]}}