{"id":2524,"date":"2019-05-17T19:00:01","date_gmt":"2019-05-17T12:00:01","guid":{"rendered":"http:\/\/remcuanhuy.vn\/r\/?post_type=product&#038;p=2524"},"modified":"2019-05-17T19:00:01","modified_gmt":"2019-05-17T12:00:01","slug":"rem-sao-nhom-ngang-rsn03","status":"publish","type":"product","link":"https:\/\/remcuanhuy.vn\/r\/mua\/rem-sao-ngang\/rem-sao-nhom-ngang-rsn03\/","title":{"rendered":"R\u00e8m S\u00e1o Nh\u00f4m (Ngang) RSN03"},"content":{"rendered":"<p><a href=\"https:\/\/remcuanhuy.vn\/r\/wp-content\/uploads\/2019\/05\/man_rem-sao-nhom_sao-ngang_dep-3.jpg\"><img loading=\"lazy\" decoding=\"async\" class=\"aligncenter size-full wp-image-2525\" src=\"https:\/\/remcuanhuy.vn\/r\/wp-content\/uploads\/2019\/05\/man_rem-sao-nhom_sao-ngang_dep-3.jpg\" alt=\"\" width=\"700\" height=\"800\" srcset=\"https:\/\/remcuanhuy.vn\/r\/wp-content\/uploads\/2019\/05\/man_rem-sao-nhom_sao-ngang_dep-3.jpg 700w, https:\/\/remcuanhuy.vn\/r\/wp-content\/uploads\/2019\/05\/man_rem-sao-nhom_sao-ngang_dep-3-600x686.jpg 600w, https:\/\/remcuanhuy.vn\/r\/wp-content\/uploads\/2019\/05\/man_rem-sao-nhom_sao-ngang_dep-3-64x73.jpg 64w, https:\/\/remcuanhuy.vn\/r\/wp-content\/uploads\/2019\/05\/man_rem-sao-nhom_sao-ngang_dep-3-263x300.jpg 263w, https:\/\/remcuanhuy.vn\/r\/wp-content\/uploads\/2019\/05\/man_rem-sao-nhom_sao-ngang_dep-3-135x154.jpg 135w\" sizes=\"(max-width: 700px) 100vw, 700px\" \/><\/a><\/p>\n","protected":false},"excerpt":{"rendered":"","protected":false},"featured_media":2525,"comment_status":"open","ping_status":"closed","template":"","meta":[],"product_cat":[89],"product_tag":[],"_links":{"self":[{"href":"https:\/\/remcuanhuy.vn\/r\/wp-json\/wp\/v2\/product\/2524"}],"collection":[{"href":"https:\/\/remcuanhuy.vn\/r\/wp-json\/wp\/v2\/product"}],"about":[{"href":"https:\/\/remcuanhuy.vn\/r\/wp-json\/wp\/v2\/types\/product"}],"replies":[{"embeddable":true,"href":"https:\/\/remcuanhuy.vn\/r\/wp-json\/wp\/v2\/comments?post=2524"}],"wp:featuredmedia":[{"embeddable":true,"href":"https:\/\/remcuanhuy.vn\/r\/wp-json\/wp\/v2\/media\/2525"}],"wp:attachment":[{"href":"https:\/\/remcuanhuy.vn\/r\/wp-json\/wp\/v2\/media?parent=2524"}],"wp:term":[{"taxonomy":"product_cat","embeddable":true,"href":"https:\/\/remcuanhuy.vn\/r\/wp-json\/wp\/v2\/product_cat?post=2524"},{"taxonomy":"product_tag","embeddable":true,"href":"https:\/\/remcuanhuy.vn\/r\/wp-json\/wp\/v2\/product_tag?post=2524"}],"curies":[{"name":"wp","href":"https:\/\/api.w.org\/{rel}","templated":true}]}}