{"id":2526,"date":"2019-05-17T19:02:34","date_gmt":"2019-05-17T12:02:34","guid":{"rendered":"http:\/\/remcuanhuy.vn\/r\/?post_type=product&#038;p=2526"},"modified":"2019-05-17T19:02:34","modified_gmt":"2019-05-17T12:02:34","slug":"rem-sao-nhom-ngang-rsn04","status":"publish","type":"product","link":"https:\/\/remcuanhuy.vn\/r\/mua\/rem-sao-ngang\/rem-sao-nhom-ngang-rsn04\/","title":{"rendered":"R\u00e8m S\u00e1o Nh\u00f4m (Ngang) RSN04"},"content":{"rendered":"<p><a href=\"https:\/\/remcuanhuy.vn\/r\/wp-content\/uploads\/2019\/05\/man_rem-sao-nhom_sao-ngang_dep-4.jpg\"><img loading=\"lazy\" decoding=\"async\" class=\"aligncenter size-full wp-image-2527\" src=\"https:\/\/remcuanhuy.vn\/r\/wp-content\/uploads\/2019\/05\/man_rem-sao-nhom_sao-ngang_dep-4.jpg\" alt=\"\" width=\"700\" height=\"800\" srcset=\"https:\/\/remcuanhuy.vn\/r\/wp-content\/uploads\/2019\/05\/man_rem-sao-nhom_sao-ngang_dep-4.jpg 700w, https:\/\/remcuanhuy.vn\/r\/wp-content\/uploads\/2019\/05\/man_rem-sao-nhom_sao-ngang_dep-4-600x686.jpg 600w, https:\/\/remcuanhuy.vn\/r\/wp-content\/uploads\/2019\/05\/man_rem-sao-nhom_sao-ngang_dep-4-64x73.jpg 64w, https:\/\/remcuanhuy.vn\/r\/wp-content\/uploads\/2019\/05\/man_rem-sao-nhom_sao-ngang_dep-4-263x300.jpg 263w, https:\/\/remcuanhuy.vn\/r\/wp-content\/uploads\/2019\/05\/man_rem-sao-nhom_sao-ngang_dep-4-135x154.jpg 135w\" sizes=\"(max-width: 700px) 100vw, 700px\" \/><\/a><\/p>\n","protected":false},"excerpt":{"rendered":"","protected":false},"featured_media":2527,"comment_status":"open","ping_status":"closed","template":"","meta":[],"product_cat":[89],"product_tag":[],"_links":{"self":[{"href":"https:\/\/remcuanhuy.vn\/r\/wp-json\/wp\/v2\/product\/2526"}],"collection":[{"href":"https:\/\/remcuanhuy.vn\/r\/wp-json\/wp\/v2\/product"}],"about":[{"href":"https:\/\/remcuanhuy.vn\/r\/wp-json\/wp\/v2\/types\/product"}],"replies":[{"embeddable":true,"href":"https:\/\/remcuanhuy.vn\/r\/wp-json\/wp\/v2\/comments?post=2526"}],"wp:featuredmedia":[{"embeddable":true,"href":"https:\/\/remcuanhuy.vn\/r\/wp-json\/wp\/v2\/media\/2527"}],"wp:attachment":[{"href":"https:\/\/remcuanhuy.vn\/r\/wp-json\/wp\/v2\/media?parent=2526"}],"wp:term":[{"taxonomy":"product_cat","embeddable":true,"href":"https:\/\/remcuanhuy.vn\/r\/wp-json\/wp\/v2\/product_cat?post=2526"},{"taxonomy":"product_tag","embeddable":true,"href":"https:\/\/remcuanhuy.vn\/r\/wp-json\/wp\/v2\/product_tag?post=2526"}],"curies":[{"name":"wp","href":"https:\/\/api.w.org\/{rel}","templated":true}]}}