{"id":2530,"date":"2019-05-17T19:04:48","date_gmt":"2019-05-17T12:04:48","guid":{"rendered":"http:\/\/remcuanhuy.vn\/r\/?post_type=product&#038;p=2530"},"modified":"2019-05-17T19:04:48","modified_gmt":"2019-05-17T12:04:48","slug":"rem-sao-nhom-ngang-rsn06","status":"publish","type":"product","link":"https:\/\/remcuanhuy.vn\/r\/mua\/rem-sao-ngang\/rem-sao-nhom-ngang-rsn06\/","title":{"rendered":"R\u00e8m S\u00e1o Nh\u00f4m (Ngang) RSN06"},"content":{"rendered":"<p><a href=\"https:\/\/remcuanhuy.vn\/r\/wp-content\/uploads\/2019\/05\/man_rem-sao-nhom_sao-ngang_dep-6.jpg\"><img loading=\"lazy\" decoding=\"async\" class=\"aligncenter size-full wp-image-2531\" src=\"https:\/\/remcuanhuy.vn\/r\/wp-content\/uploads\/2019\/05\/man_rem-sao-nhom_sao-ngang_dep-6.jpg\" alt=\"\" width=\"700\" height=\"800\" srcset=\"https:\/\/remcuanhuy.vn\/r\/wp-content\/uploads\/2019\/05\/man_rem-sao-nhom_sao-ngang_dep-6.jpg 700w, https:\/\/remcuanhuy.vn\/r\/wp-content\/uploads\/2019\/05\/man_rem-sao-nhom_sao-ngang_dep-6-600x686.jpg 600w, https:\/\/remcuanhuy.vn\/r\/wp-content\/uploads\/2019\/05\/man_rem-sao-nhom_sao-ngang_dep-6-64x73.jpg 64w, https:\/\/remcuanhuy.vn\/r\/wp-content\/uploads\/2019\/05\/man_rem-sao-nhom_sao-ngang_dep-6-263x300.jpg 263w, https:\/\/remcuanhuy.vn\/r\/wp-content\/uploads\/2019\/05\/man_rem-sao-nhom_sao-ngang_dep-6-135x154.jpg 135w\" sizes=\"(max-width: 700px) 100vw, 700px\" \/><\/a><\/p>\n","protected":false},"excerpt":{"rendered":"","protected":false},"featured_media":2531,"comment_status":"open","ping_status":"closed","template":"","meta":[],"product_cat":[89],"product_tag":[],"_links":{"self":[{"href":"https:\/\/remcuanhuy.vn\/r\/wp-json\/wp\/v2\/product\/2530"}],"collection":[{"href":"https:\/\/remcuanhuy.vn\/r\/wp-json\/wp\/v2\/product"}],"about":[{"href":"https:\/\/remcuanhuy.vn\/r\/wp-json\/wp\/v2\/types\/product"}],"replies":[{"embeddable":true,"href":"https:\/\/remcuanhuy.vn\/r\/wp-json\/wp\/v2\/comments?post=2530"}],"wp:featuredmedia":[{"embeddable":true,"href":"https:\/\/remcuanhuy.vn\/r\/wp-json\/wp\/v2\/media\/2531"}],"wp:attachment":[{"href":"https:\/\/remcuanhuy.vn\/r\/wp-json\/wp\/v2\/media?parent=2530"}],"wp:term":[{"taxonomy":"product_cat","embeddable":true,"href":"https:\/\/remcuanhuy.vn\/r\/wp-json\/wp\/v2\/product_cat?post=2530"},{"taxonomy":"product_tag","embeddable":true,"href":"https:\/\/remcuanhuy.vn\/r\/wp-json\/wp\/v2\/product_tag?post=2530"}],"curies":[{"name":"wp","href":"https:\/\/api.w.org\/{rel}","templated":true}]}}