{"id":2674,"date":"2019-05-18T17:15:50","date_gmt":"2019-05-18T10:15:50","guid":{"rendered":"http:\/\/remcuanhuy.vn\/r\/?post_type=product&#038;p=2674"},"modified":"2019-05-18T17:15:50","modified_gmt":"2019-05-18T10:15:50","slug":"rem-day-rem-soi-rd01","status":"publish","type":"product","link":"https:\/\/remcuanhuy.vn\/r\/mua\/rem-day-rem-soi\/rem-day-rem-soi-rd01\/","title":{"rendered":"R\u00e8m D\u00e2y &#8211; R\u00e8m S\u1ee3i RD01"},"content":{"rendered":"<p><a href=\"https:\/\/remcuanhuy.vn\/r\/wp-content\/uploads\/2019\/05\/rem-day_dep-1.jpg\"><img loading=\"lazy\" decoding=\"async\" class=\"aligncenter size-full wp-image-2675\" src=\"https:\/\/remcuanhuy.vn\/r\/wp-content\/uploads\/2019\/05\/rem-day_dep-1.jpg\" alt=\"\" width=\"720\" height=\"960\" srcset=\"https:\/\/remcuanhuy.vn\/r\/wp-content\/uploads\/2019\/05\/rem-day_dep-1.jpg 720w, https:\/\/remcuanhuy.vn\/r\/wp-content\/uploads\/2019\/05\/rem-day_dep-1-262x349.jpg 262w, https:\/\/remcuanhuy.vn\/r\/wp-content\/uploads\/2019\/05\/rem-day_dep-1-600x800.jpg 600w, https:\/\/remcuanhuy.vn\/r\/wp-content\/uploads\/2019\/05\/rem-day_dep-1-64x85.jpg 64w, https:\/\/remcuanhuy.vn\/r\/wp-content\/uploads\/2019\/05\/rem-day_dep-1-225x300.jpg 225w, https:\/\/remcuanhuy.vn\/r\/wp-content\/uploads\/2019\/05\/rem-day_dep-1-116x154.jpg 116w\" sizes=\"(max-width: 720px) 100vw, 720px\" \/><\/a>R\u00e8m Day<\/p>\n","protected":false},"excerpt":{"rendered":"<p>R\u00e8m Day<\/p>\n","protected":false},"featured_media":2675,"comment_status":"open","ping_status":"closed","template":"","meta":[],"product_cat":[95],"product_tag":[],"_links":{"self":[{"href":"https:\/\/remcuanhuy.vn\/r\/wp-json\/wp\/v2\/product\/2674"}],"collection":[{"href":"https:\/\/remcuanhuy.vn\/r\/wp-json\/wp\/v2\/product"}],"about":[{"href":"https:\/\/remcuanhuy.vn\/r\/wp-json\/wp\/v2\/types\/product"}],"replies":[{"embeddable":true,"href":"https:\/\/remcuanhuy.vn\/r\/wp-json\/wp\/v2\/comments?post=2674"}],"wp:featuredmedia":[{"embeddable":true,"href":"https:\/\/remcuanhuy.vn\/r\/wp-json\/wp\/v2\/media\/2675"}],"wp:attachment":[{"href":"https:\/\/remcuanhuy.vn\/r\/wp-json\/wp\/v2\/media?parent=2674"}],"wp:term":[{"taxonomy":"product_cat","embeddable":true,"href":"https:\/\/remcuanhuy.vn\/r\/wp-json\/wp\/v2\/product_cat?post=2674"},{"taxonomy":"product_tag","embeddable":true,"href":"https:\/\/remcuanhuy.vn\/r\/wp-json\/wp\/v2\/product_tag?post=2674"}],"curies":[{"name":"wp","href":"https:\/\/api.w.org\/{rel}","templated":true}]}}