{"id":2680,"date":"2019-05-18T17:18:00","date_gmt":"2019-05-18T10:18:00","guid":{"rendered":"http:\/\/remcuanhuy.vn\/r\/?post_type=product&#038;p=2680"},"modified":"2024-07-10T02:41:19","modified_gmt":"2024-07-09T19:41:19","slug":"rem-day-rem-soi-rd04","status":"publish","type":"product","link":"https:\/\/remcuanhuy.vn\/r\/mua\/rem-day-rem-soi\/rem-day-rem-soi-rd04\/","title":{"rendered":"R\u00e8m D\u00e2y &#8211; R\u00e8m S\u1ee3i RD04"},"content":{"rendered":"<p><a href=\"https:\/\/remcuanhuy.vn\/r\/wp-content\/uploads\/2019\/05\/rem-day_dep-4.jpg\"><img loading=\"lazy\" decoding=\"async\" class=\"aligncenter size-full wp-image-2681\" src=\"https:\/\/remcuanhuy.vn\/r\/wp-content\/uploads\/2019\/05\/rem-day_dep-4.jpg\" alt=\"\" width=\"960\" height=\"960\" srcset=\"https:\/\/remcuanhuy.vn\/r\/wp-content\/uploads\/2019\/05\/rem-day_dep-4.jpg 960w, https:\/\/remcuanhuy.vn\/r\/wp-content\/uploads\/2019\/05\/rem-day_dep-4-100x100.jpg 100w, https:\/\/remcuanhuy.vn\/r\/wp-content\/uploads\/2019\/05\/rem-day_dep-4-600x600.jpg 600w, https:\/\/remcuanhuy.vn\/r\/wp-content\/uploads\/2019\/05\/rem-day_dep-4-64x64.jpg 64w, https:\/\/remcuanhuy.vn\/r\/wp-content\/uploads\/2019\/05\/rem-day_dep-4-150x150.jpg 150w, https:\/\/remcuanhuy.vn\/r\/wp-content\/uploads\/2019\/05\/rem-day_dep-4-300x300.jpg 300w, https:\/\/remcuanhuy.vn\/r\/wp-content\/uploads\/2019\/05\/rem-day_dep-4-768x768.jpg 768w, https:\/\/remcuanhuy.vn\/r\/wp-content\/uploads\/2019\/05\/rem-day_dep-4-154x154.jpg 154w\" sizes=\"(max-width: 960px) 100vw, 960px\" \/><\/a><\/p>\n","protected":false},"excerpt":{"rendered":"","protected":false},"featured_media":2681,"comment_status":"open","ping_status":"closed","template":"","meta":[],"product_cat":[95],"product_tag":[],"_links":{"self":[{"href":"https:\/\/remcuanhuy.vn\/r\/wp-json\/wp\/v2\/product\/2680"}],"collection":[{"href":"https:\/\/remcuanhuy.vn\/r\/wp-json\/wp\/v2\/product"}],"about":[{"href":"https:\/\/remcuanhuy.vn\/r\/wp-json\/wp\/v2\/types\/product"}],"replies":[{"embeddable":true,"href":"https:\/\/remcuanhuy.vn\/r\/wp-json\/wp\/v2\/comments?post=2680"}],"wp:featuredmedia":[{"embeddable":true,"href":"https:\/\/remcuanhuy.vn\/r\/wp-json\/wp\/v2\/media\/2681"}],"wp:attachment":[{"href":"https:\/\/remcuanhuy.vn\/r\/wp-json\/wp\/v2\/media?parent=2680"}],"wp:term":[{"taxonomy":"product_cat","embeddable":true,"href":"https:\/\/remcuanhuy.vn\/r\/wp-json\/wp\/v2\/product_cat?post=2680"},{"taxonomy":"product_tag","embeddable":true,"href":"https:\/\/remcuanhuy.vn\/r\/wp-json\/wp\/v2\/product_tag?post=2680"}],"curies":[{"name":"wp","href":"https:\/\/api.w.org\/{rel}","templated":true}]}}