{"id":2682,"date":"2019-05-18T17:18:48","date_gmt":"2019-05-18T10:18:48","guid":{"rendered":"http:\/\/remcuanhuy.vn\/r\/?post_type=product&#038;p=2682"},"modified":"2019-05-18T17:18:48","modified_gmt":"2019-05-18T10:18:48","slug":"rem-day-rem-soi-rd05","status":"publish","type":"product","link":"https:\/\/remcuanhuy.vn\/r\/mua\/rem-day-rem-soi\/rem-day-rem-soi-rd05\/","title":{"rendered":"R\u00e8m D\u00e2y &#8211; R\u00e8m S\u1ee3i RD05"},"content":{"rendered":"<p><a href=\"https:\/\/remcuanhuy.vn\/r\/wp-content\/uploads\/2019\/05\/rem-day_dep-5.jpg\"><img loading=\"lazy\" decoding=\"async\" class=\"aligncenter size-full wp-image-2683\" src=\"https:\/\/remcuanhuy.vn\/r\/wp-content\/uploads\/2019\/05\/rem-day_dep-5.jpg\" alt=\"\" width=\"960\" height=\"717\" srcset=\"https:\/\/remcuanhuy.vn\/r\/wp-content\/uploads\/2019\/05\/rem-day_dep-5.jpg 960w, https:\/\/remcuanhuy.vn\/r\/wp-content\/uploads\/2019\/05\/rem-day_dep-5-600x448.jpg 600w, https:\/\/remcuanhuy.vn\/r\/wp-content\/uploads\/2019\/05\/rem-day_dep-5-64x48.jpg 64w, https:\/\/remcuanhuy.vn\/r\/wp-content\/uploads\/2019\/05\/rem-day_dep-5-300x224.jpg 300w, https:\/\/remcuanhuy.vn\/r\/wp-content\/uploads\/2019\/05\/rem-day_dep-5-768x574.jpg 768w, https:\/\/remcuanhuy.vn\/r\/wp-content\/uploads\/2019\/05\/rem-day_dep-5-206x154.jpg 206w\" sizes=\"(max-width: 960px) 100vw, 960px\" \/><\/a><\/p>\n","protected":false},"excerpt":{"rendered":"","protected":false},"featured_media":2683,"comment_status":"open","ping_status":"closed","template":"","meta":[],"product_cat":[95],"product_tag":[],"_links":{"self":[{"href":"https:\/\/remcuanhuy.vn\/r\/wp-json\/wp\/v2\/product\/2682"}],"collection":[{"href":"https:\/\/remcuanhuy.vn\/r\/wp-json\/wp\/v2\/product"}],"about":[{"href":"https:\/\/remcuanhuy.vn\/r\/wp-json\/wp\/v2\/types\/product"}],"replies":[{"embeddable":true,"href":"https:\/\/remcuanhuy.vn\/r\/wp-json\/wp\/v2\/comments?post=2682"}],"wp:featuredmedia":[{"embeddable":true,"href":"https:\/\/remcuanhuy.vn\/r\/wp-json\/wp\/v2\/media\/2683"}],"wp:attachment":[{"href":"https:\/\/remcuanhuy.vn\/r\/wp-json\/wp\/v2\/media?parent=2682"}],"wp:term":[{"taxonomy":"product_cat","embeddable":true,"href":"https:\/\/remcuanhuy.vn\/r\/wp-json\/wp\/v2\/product_cat?post=2682"},{"taxonomy":"product_tag","embeddable":true,"href":"https:\/\/remcuanhuy.vn\/r\/wp-json\/wp\/v2\/product_tag?post=2682"}],"curies":[{"name":"wp","href":"https:\/\/api.w.org\/{rel}","templated":true}]}}