{"id":2684,"date":"2019-05-18T17:20:42","date_gmt":"2019-05-18T10:20:42","guid":{"rendered":"http:\/\/remcuanhuy.vn\/r\/?post_type=product&#038;p=2684"},"modified":"2019-05-18T17:20:43","modified_gmt":"2019-05-18T10:20:43","slug":"rem-day-rem-soi-rd06","status":"publish","type":"product","link":"https:\/\/remcuanhuy.vn\/r\/mua\/rem-day-rem-soi\/rem-day-rem-soi-rd06\/","title":{"rendered":"R\u00e8m D\u00e2y &#8211; R\u00e8m S\u1ee3i RD06"},"content":{"rendered":"<p><a href=\"https:\/\/remcuanhuy.vn\/r\/wp-content\/uploads\/2019\/05\/rem-day_dep-6.jpg\"><img loading=\"lazy\" decoding=\"async\" class=\"aligncenter size-full wp-image-2685\" src=\"https:\/\/remcuanhuy.vn\/r\/wp-content\/uploads\/2019\/05\/rem-day_dep-6.jpg\" alt=\"\" width=\"960\" height=\"960\" srcset=\"https:\/\/remcuanhuy.vn\/r\/wp-content\/uploads\/2019\/05\/rem-day_dep-6.jpg 960w, https:\/\/remcuanhuy.vn\/r\/wp-content\/uploads\/2019\/05\/rem-day_dep-6-100x100.jpg 100w, https:\/\/remcuanhuy.vn\/r\/wp-content\/uploads\/2019\/05\/rem-day_dep-6-600x600.jpg 600w, https:\/\/remcuanhuy.vn\/r\/wp-content\/uploads\/2019\/05\/rem-day_dep-6-64x64.jpg 64w, https:\/\/remcuanhuy.vn\/r\/wp-content\/uploads\/2019\/05\/rem-day_dep-6-150x150.jpg 150w, https:\/\/remcuanhuy.vn\/r\/wp-content\/uploads\/2019\/05\/rem-day_dep-6-300x300.jpg 300w, https:\/\/remcuanhuy.vn\/r\/wp-content\/uploads\/2019\/05\/rem-day_dep-6-768x768.jpg 768w, https:\/\/remcuanhuy.vn\/r\/wp-content\/uploads\/2019\/05\/rem-day_dep-6-154x154.jpg 154w\" sizes=\"(max-width: 960px) 100vw, 960px\" \/><\/a><\/p>\n","protected":false},"excerpt":{"rendered":"","protected":false},"featured_media":2685,"comment_status":"open","ping_status":"closed","template":"","meta":[],"product_cat":[95],"product_tag":[],"_links":{"self":[{"href":"https:\/\/remcuanhuy.vn\/r\/wp-json\/wp\/v2\/product\/2684"}],"collection":[{"href":"https:\/\/remcuanhuy.vn\/r\/wp-json\/wp\/v2\/product"}],"about":[{"href":"https:\/\/remcuanhuy.vn\/r\/wp-json\/wp\/v2\/types\/product"}],"replies":[{"embeddable":true,"href":"https:\/\/remcuanhuy.vn\/r\/wp-json\/wp\/v2\/comments?post=2684"}],"wp:featuredmedia":[{"embeddable":true,"href":"https:\/\/remcuanhuy.vn\/r\/wp-json\/wp\/v2\/media\/2685"}],"wp:attachment":[{"href":"https:\/\/remcuanhuy.vn\/r\/wp-json\/wp\/v2\/media?parent=2684"}],"wp:term":[{"taxonomy":"product_cat","embeddable":true,"href":"https:\/\/remcuanhuy.vn\/r\/wp-json\/wp\/v2\/product_cat?post=2684"},{"taxonomy":"product_tag","embeddable":true,"href":"https:\/\/remcuanhuy.vn\/r\/wp-json\/wp\/v2\/product_tag?post=2684"}],"curies":[{"name":"wp","href":"https:\/\/api.w.org\/{rel}","templated":true}]}}