{"id":2696,"date":"2019-05-18T17:24:20","date_gmt":"2019-05-18T10:24:20","guid":{"rendered":"http:\/\/remcuanhuy.vn\/r\/?post_type=product&#038;p=2696"},"modified":"2019-05-18T17:24:20","modified_gmt":"2019-05-18T10:24:20","slug":"rem-day-rem-soi-rd12","status":"publish","type":"product","link":"https:\/\/remcuanhuy.vn\/r\/mua\/rem-day-rem-soi\/rem-day-rem-soi-rd12\/","title":{"rendered":"R\u00e8m D\u00e2y &#8211; R\u00e8m S\u1ee3i RD12"},"content":{"rendered":"<p><a href=\"https:\/\/remcuanhuy.vn\/r\/wp-content\/uploads\/2019\/05\/rem-day_dep-12.jpg\"><img loading=\"lazy\" decoding=\"async\" class=\"aligncenter size-full wp-image-2697\" src=\"https:\/\/remcuanhuy.vn\/r\/wp-content\/uploads\/2019\/05\/rem-day_dep-12.jpg\" alt=\"\" width=\"450\" height=\"450\" srcset=\"https:\/\/remcuanhuy.vn\/r\/wp-content\/uploads\/2019\/05\/rem-day_dep-12.jpg 450w, https:\/\/remcuanhuy.vn\/r\/wp-content\/uploads\/2019\/05\/rem-day_dep-12-100x100.jpg 100w, https:\/\/remcuanhuy.vn\/r\/wp-content\/uploads\/2019\/05\/rem-day_dep-12-64x64.jpg 64w, https:\/\/remcuanhuy.vn\/r\/wp-content\/uploads\/2019\/05\/rem-day_dep-12-150x150.jpg 150w, https:\/\/remcuanhuy.vn\/r\/wp-content\/uploads\/2019\/05\/rem-day_dep-12-300x300.jpg 300w, https:\/\/remcuanhuy.vn\/r\/wp-content\/uploads\/2019\/05\/rem-day_dep-12-154x154.jpg 154w\" sizes=\"(max-width: 450px) 100vw, 450px\" \/><\/a><\/p>\n","protected":false},"excerpt":{"rendered":"","protected":false},"featured_media":2697,"comment_status":"open","ping_status":"closed","template":"","meta":[],"product_cat":[95],"product_tag":[],"_links":{"self":[{"href":"https:\/\/remcuanhuy.vn\/r\/wp-json\/wp\/v2\/product\/2696"}],"collection":[{"href":"https:\/\/remcuanhuy.vn\/r\/wp-json\/wp\/v2\/product"}],"about":[{"href":"https:\/\/remcuanhuy.vn\/r\/wp-json\/wp\/v2\/types\/product"}],"replies":[{"embeddable":true,"href":"https:\/\/remcuanhuy.vn\/r\/wp-json\/wp\/v2\/comments?post=2696"}],"wp:featuredmedia":[{"embeddable":true,"href":"https:\/\/remcuanhuy.vn\/r\/wp-json\/wp\/v2\/media\/2697"}],"wp:attachment":[{"href":"https:\/\/remcuanhuy.vn\/r\/wp-json\/wp\/v2\/media?parent=2696"}],"wp:term":[{"taxonomy":"product_cat","embeddable":true,"href":"https:\/\/remcuanhuy.vn\/r\/wp-json\/wp\/v2\/product_cat?post=2696"},{"taxonomy":"product_tag","embeddable":true,"href":"https:\/\/remcuanhuy.vn\/r\/wp-json\/wp\/v2\/product_tag?post=2696"}],"curies":[{"name":"wp","href":"https:\/\/api.w.org\/{rel}","templated":true}]}}