{"id":3514,"date":"2020-11-10T19:08:46","date_gmt":"2020-11-10T12:08:46","guid":{"rendered":"http:\/\/remcuanhuy.vn\/r\/?post_type=product&#038;p=3514"},"modified":"2026-03-03T11:12:51","modified_gmt":"2026-03-03T04:12:51","slug":"rem-vai-hoa-tiet-2-lop-can-nang-100-mau-kaki-dep","status":"publish","type":"product","link":"https:\/\/remcuanhuy.vn\/r\/mua\/rem-vai-hoa-tiet\/rem-vai-hoa-tiet-2-lop-can-nang-100-mau-kaki-dep\/","title":{"rendered":"R\u00e8m V\u1ea3i H\u1ecda Ti\u1ebft 2 L\u1edbp C\u1ea3n N\u1eafng 100% M\u00e0u Kaki"},"content":{"rendered":"<figure id=\"attachment_3516\" aria-describedby=\"caption-attachment-3516\" style=\"width: 960px\" class=\"wp-caption aligncenter\"><a href=\"https:\/\/remcuanhuy.vn\/r\/wp-content\/uploads\/2020\/11\/rem-vai-hoa-tiet_mau-kaki_dep-2.jpg\"><img loading=\"lazy\" decoding=\"async\" class=\"wp-image-3516\" src=\"https:\/\/remcuanhuy.vn\/r\/wp-content\/uploads\/2020\/11\/rem-vai-hoa-tiet_mau-kaki_dep-2.jpg\" alt=\"\" width=\"960\" height=\"720\" srcset=\"https:\/\/remcuanhuy.vn\/r\/wp-content\/uploads\/2020\/11\/rem-vai-hoa-tiet_mau-kaki_dep-2.jpg 1280w, https:\/\/remcuanhuy.vn\/r\/wp-content\/uploads\/2020\/11\/rem-vai-hoa-tiet_mau-kaki_dep-2-600x450.jpg 600w, https:\/\/remcuanhuy.vn\/r\/wp-content\/uploads\/2020\/11\/rem-vai-hoa-tiet_mau-kaki_dep-2-64x48.jpg 64w, https:\/\/remcuanhuy.vn\/r\/wp-content\/uploads\/2020\/11\/rem-vai-hoa-tiet_mau-kaki_dep-2-533x400.jpg 533w, https:\/\/remcuanhuy.vn\/r\/wp-content\/uploads\/2020\/11\/rem-vai-hoa-tiet_mau-kaki_dep-2-1067x800.jpg 1067w, https:\/\/remcuanhuy.vn\/r\/wp-content\/uploads\/2020\/11\/rem-vai-hoa-tiet_mau-kaki_dep-2-768x576.jpg 768w, https:\/\/remcuanhuy.vn\/r\/wp-content\/uploads\/2020\/11\/rem-vai-hoa-tiet_mau-kaki_dep-2-300x225.jpg 300w, https:\/\/remcuanhuy.vn\/r\/wp-content\/uploads\/2020\/11\/rem-vai-hoa-tiet_mau-kaki_dep-2-1024x768.jpg 1024w\" sizes=\"(max-width: 960px) 100vw, 960px\" \/><\/a><figcaption id=\"caption-attachment-3516\" class=\"wp-caption-text\">L\u1eafp \u0111\u1eb7t thi c\u00f4ng <a href=\"https:\/\/remcuanhuy.vn\/r\/tu-khoa-san-pham\/rem-gia-dinh\/\"><strong>r\u00e8m gia \u0111\u00ecnh<\/strong><\/a>, r\u00e8m v\u1ea3i chung c\u01b0, r\u00e8m v\u1ea3i c\u1eeda h\u00e0ng<\/figcaption><\/figure>\n<figure id=\"attachment_3518\" aria-describedby=\"caption-attachment-3518\" style=\"width: 960px\" class=\"wp-caption aligncenter\"><a href=\"https:\/\/remcuanhuy.vn\/r\/wp-content\/uploads\/2020\/11\/rem-vai-hoa-tiet_mau-kaki_dep-4.jpg\"><img loading=\"lazy\" decoding=\"async\" class=\"wp-image-3518 size-full\" src=\"https:\/\/remcuanhuy.vn\/r\/wp-content\/uploads\/2020\/11\/rem-vai-hoa-tiet_mau-kaki_dep-4.jpg\" alt=\"\" width=\"960\" height=\"1280\" srcset=\"https:\/\/remcuanhuy.vn\/r\/wp-content\/uploads\/2020\/11\/rem-vai-hoa-tiet_mau-kaki_dep-4.jpg 960w, https:\/\/remcuanhuy.vn\/r\/wp-content\/uploads\/2020\/11\/rem-vai-hoa-tiet_mau-kaki_dep-4-262x349.jpg 262w, https:\/\/remcuanhuy.vn\/r\/wp-content\/uploads\/2020\/11\/rem-vai-hoa-tiet_mau-kaki_dep-4-600x800.jpg 600w, https:\/\/remcuanhuy.vn\/r\/wp-content\/uploads\/2020\/11\/rem-vai-hoa-tiet_mau-kaki_dep-4-64x85.jpg 64w, https:\/\/remcuanhuy.vn\/r\/wp-content\/uploads\/2020\/11\/rem-vai-hoa-tiet_mau-kaki_dep-4-300x400.jpg 300w, https:\/\/remcuanhuy.vn\/r\/wp-content\/uploads\/2020\/11\/rem-vai-hoa-tiet_mau-kaki_dep-4-768x1024.jpg 768w, https:\/\/remcuanhuy.vn\/r\/wp-content\/uploads\/2020\/11\/rem-vai-hoa-tiet_mau-kaki_dep-4-225x300.jpg 225w\" sizes=\"(max-width: 960px) 100vw, 960px\" \/><\/a><figcaption id=\"caption-attachment-3518\" class=\"wp-caption-text\">Nh\u00e2n vi\u00ean R\u00e8m C\u1eeda Nh\u01b0 \u00dd &#8211; \u0110ang thi c\u00f4ng r\u00e8m v\u1ea3i ore 2 l\u1edbp c\u1ea3n n\u1eafng 100%<\/figcaption><\/figure>\n<p><a href=\"https:\/\/remcuanhuy.vn\/r\/wp-content\/uploads\/2020\/11\/rem-vai-hoa-tiet_mau-kaki_dep-1.jpg\"><img loading=\"lazy\" decoding=\"async\" class=\"aligncenter wp-image-3515\" src=\"https:\/\/remcuanhuy.vn\/r\/wp-content\/uploads\/2020\/11\/rem-vai-hoa-tiet_mau-kaki_dep-1.jpg\" alt=\"\" width=\"960\" height=\"720\" srcset=\"https:\/\/remcuanhuy.vn\/r\/wp-content\/uploads\/2020\/11\/rem-vai-hoa-tiet_mau-kaki_dep-1.jpg 1280w, https:\/\/remcuanhuy.vn\/r\/wp-content\/uploads\/2020\/11\/rem-vai-hoa-tiet_mau-kaki_dep-1-600x450.jpg 600w, https:\/\/remcuanhuy.vn\/r\/wp-content\/uploads\/2020\/11\/rem-vai-hoa-tiet_mau-kaki_dep-1-64x48.jpg 64w, https:\/\/remcuanhuy.vn\/r\/wp-content\/uploads\/2020\/11\/rem-vai-hoa-tiet_mau-kaki_dep-1-533x400.jpg 533w, https:\/\/remcuanhuy.vn\/r\/wp-content\/uploads\/2020\/11\/rem-vai-hoa-tiet_mau-kaki_dep-1-1067x800.jpg 1067w, https:\/\/remcuanhuy.vn\/r\/wp-content\/uploads\/2020\/11\/rem-vai-hoa-tiet_mau-kaki_dep-1-768x576.jpg 768w, https:\/\/remcuanhuy.vn\/r\/wp-content\/uploads\/2020\/11\/rem-vai-hoa-tiet_mau-kaki_dep-1-300x225.jpg 300w, https:\/\/remcuanhuy.vn\/r\/wp-content\/uploads\/2020\/11\/rem-vai-hoa-tiet_mau-kaki_dep-1-1024x768.jpg 1024w\" sizes=\"(max-width: 960px) 100vw, 960px\" \/><\/a> <a href=\"https:\/\/remcuanhuy.vn\/r\/wp-content\/uploads\/2020\/11\/rem-vai-hoa-tiet_mau-kaki_dep-3.jpg\"><img loading=\"lazy\" decoding=\"async\" class=\"aligncenter wp-image-3517\" src=\"https:\/\/remcuanhuy.vn\/r\/wp-content\/uploads\/2020\/11\/rem-vai-hoa-tiet_mau-kaki_dep-3.jpg\" alt=\"\" width=\"960\" height=\"720\" srcset=\"https:\/\/remcuanhuy.vn\/r\/wp-content\/uploads\/2020\/11\/rem-vai-hoa-tiet_mau-kaki_dep-3.jpg 1280w, https:\/\/remcuanhuy.vn\/r\/wp-content\/uploads\/2020\/11\/rem-vai-hoa-tiet_mau-kaki_dep-3-600x450.jpg 600w, https:\/\/remcuanhuy.vn\/r\/wp-content\/uploads\/2020\/11\/rem-vai-hoa-tiet_mau-kaki_dep-3-64x48.jpg 64w, https:\/\/remcuanhuy.vn\/r\/wp-content\/uploads\/2020\/11\/rem-vai-hoa-tiet_mau-kaki_dep-3-533x400.jpg 533w, https:\/\/remcuanhuy.vn\/r\/wp-content\/uploads\/2020\/11\/rem-vai-hoa-tiet_mau-kaki_dep-3-1067x800.jpg 1067w, https:\/\/remcuanhuy.vn\/r\/wp-content\/uploads\/2020\/11\/rem-vai-hoa-tiet_mau-kaki_dep-3-768x576.jpg 768w, https:\/\/remcuanhuy.vn\/r\/wp-content\/uploads\/2020\/11\/rem-vai-hoa-tiet_mau-kaki_dep-3-300x225.jpg 300w, https:\/\/remcuanhuy.vn\/r\/wp-content\/uploads\/2020\/11\/rem-vai-hoa-tiet_mau-kaki_dep-3-1024x768.jpg 1024w\" sizes=\"(max-width: 960px) 100vw, 960px\" \/><\/a> <a href=\"https:\/\/remcuanhuy.vn\/r\/wp-content\/uploads\/2020\/11\/rem-vai-hoa-tiet_mau-kaki_dep-5.jpg\"><img loading=\"lazy\" decoding=\"async\" class=\"aligncenter wp-image-3519\" src=\"https:\/\/remcuanhuy.vn\/r\/wp-content\/uploads\/2020\/11\/rem-vai-hoa-tiet_mau-kaki_dep-5.jpg\" alt=\"\" width=\"960\" height=\"720\" srcset=\"https:\/\/remcuanhuy.vn\/r\/wp-content\/uploads\/2020\/11\/rem-vai-hoa-tiet_mau-kaki_dep-5.jpg 1280w, https:\/\/remcuanhuy.vn\/r\/wp-content\/uploads\/2020\/11\/rem-vai-hoa-tiet_mau-kaki_dep-5-600x450.jpg 600w, https:\/\/remcuanhuy.vn\/r\/wp-content\/uploads\/2020\/11\/rem-vai-hoa-tiet_mau-kaki_dep-5-64x48.jpg 64w, https:\/\/remcuanhuy.vn\/r\/wp-content\/uploads\/2020\/11\/rem-vai-hoa-tiet_mau-kaki_dep-5-533x400.jpg 533w, https:\/\/remcuanhuy.vn\/r\/wp-content\/uploads\/2020\/11\/rem-vai-hoa-tiet_mau-kaki_dep-5-1067x800.jpg 1067w, https:\/\/remcuanhuy.vn\/r\/wp-content\/uploads\/2020\/11\/rem-vai-hoa-tiet_mau-kaki_dep-5-768x576.jpg 768w, https:\/\/remcuanhuy.vn\/r\/wp-content\/uploads\/2020\/11\/rem-vai-hoa-tiet_mau-kaki_dep-5-300x225.jpg 300w, https:\/\/remcuanhuy.vn\/r\/wp-content\/uploads\/2020\/11\/rem-vai-hoa-tiet_mau-kaki_dep-5-1024x768.jpg 1024w\" sizes=\"(max-width: 960px) 100vw, 960px\" \/><\/a> <a href=\"https:\/\/remcuanhuy.vn\/r\/wp-content\/uploads\/2020\/11\/rem-vai-hoa-tiet_mau-kaki_dep-6.jpg\"><img loading=\"lazy\" decoding=\"async\" class=\"aligncenter wp-image-3520\" src=\"https:\/\/remcuanhuy.vn\/r\/wp-content\/uploads\/2020\/11\/rem-vai-hoa-tiet_mau-kaki_dep-6.jpg\" alt=\"\" width=\"960\" height=\"720\" srcset=\"https:\/\/remcuanhuy.vn\/r\/wp-content\/uploads\/2020\/11\/rem-vai-hoa-tiet_mau-kaki_dep-6.jpg 1280w, https:\/\/remcuanhuy.vn\/r\/wp-content\/uploads\/2020\/11\/rem-vai-hoa-tiet_mau-kaki_dep-6-600x450.jpg 600w, https:\/\/remcuanhuy.vn\/r\/wp-content\/uploads\/2020\/11\/rem-vai-hoa-tiet_mau-kaki_dep-6-64x48.jpg 64w, https:\/\/remcuanhuy.vn\/r\/wp-content\/uploads\/2020\/11\/rem-vai-hoa-tiet_mau-kaki_dep-6-533x400.jpg 533w, https:\/\/remcuanhuy.vn\/r\/wp-content\/uploads\/2020\/11\/rem-vai-hoa-tiet_mau-kaki_dep-6-1067x800.jpg 1067w, https:\/\/remcuanhuy.vn\/r\/wp-content\/uploads\/2020\/11\/rem-vai-hoa-tiet_mau-kaki_dep-6-768x576.jpg 768w, https:\/\/remcuanhuy.vn\/r\/wp-content\/uploads\/2020\/11\/rem-vai-hoa-tiet_mau-kaki_dep-6-300x225.jpg 300w, https:\/\/remcuanhuy.vn\/r\/wp-content\/uploads\/2020\/11\/rem-vai-hoa-tiet_mau-kaki_dep-6-1024x768.jpg 1024w\" sizes=\"(max-width: 960px) 100vw, 960px\" \/><\/a><\/p>\n","protected":false},"excerpt":{"rendered":"<ul>\n<li><a href=\"https:\/\/remcuanhuy.vn\/r\/mua\/rem-vai-hoa-tiet\/rem-vai-hoa-tiet-2-lop-can-nang-100-mau-kaki-dep\/\"><strong>R\u00e8m v\u1ea3i h\u1ecda ti\u1ebft <\/strong><\/a>2 l\u1edbp phong c\u00e1ch thi\u1ebft k\u1ebf \u1ea5n t\u01b0\u1ee3ng m\u1edbi nh\u1ea5t \u0111\u1ec3 \u0111\u00f3n ch\u00e0o n\u0103m m\u1edbi 2021<\/li>\n<li>Ch\u1ea5t li\u1ec7u v\u1ea3i\u00a0 l\u1edbp ngo\u00e0i: Th\u00f4 c\u1ea3n n\u1eafng tuy\u1ec7t \u0111\u1ed1i 100%<\/li>\n<li>Ch\u1ea5t li\u1ec7u v\u1ea3i l\u1edbp trong: Voan tr\u1eafng tinh khi\u1ebft<\/li>\n<li>H\u1ecda ti\u1ebft: r\u00e8m v\u1ea3i mang t\u00f4ng m\u00e0u kaki in h\u00ecnh nh\u1eefng b\u00f4ng hoa h\u1ed3ng (in tr\u00ecm), t\u1ea5m r\u00e8m \u1edf gi\u1eefa l\u00e0 nh\u1eefng d\u00e2y hoa leo \u0111\u01b0\u1ee3c b\u1ec7n c\u00f9ng nhau m\u1ed9t c\u00e1ch kh\u00e9o l\u00e9o h\u00e0i h\u00f2a.<\/li>\n<li>Ch\u1ee9c n\u0103ng ch\u00ednh: C\u1ea3n n\u1eafng, ch\u1eafn s\u00e1ng, ch\u1ed1ng \u1ed3n, \u0111i\u1ec1u ti\u1ebft c\u1ea3m x\u00fac gia ch\u1ee7, l\u00e0m \u0111\u1eb9p \u00f4 c\u1eeda s\u1ed5<\/li>\n<li>Gi\u00e1 g\u1ed1c <strong><del>1.200.000<\/del><\/strong><del><sup>\u0111g<\/sup><\/del><del>\/m<\/del>\u00a0th\u00e1ng \u0111\u1ea7u ra m\u1eaft gi\u00e1 \u01b0u \u0111\u00e3i <strong>1.100.000<\/strong><sup>\u0111g<\/sup>\/m<\/li>\n<li>H\u1ebft 40 ng\u00e0y ra m\u1eaft s\u1ea3n ph\u1ea9m <strong><del>1.100.000<\/del><\/strong><del><sup>\u0111g<\/sup><\/del><del>\/m<\/del>=&gt; <strong>1.200.000<\/strong><sup>\u0111g<\/sup>\/m<\/li>\n<\/ul>\n<p>&nbsp;<\/p>\n","protected":false},"featured_media":3518,"comment_status":"open","ping_status":"closed","template":"","meta":[],"product_cat":[79],"product_tag":[338,337,364,100,253],"_links":{"self":[{"href":"https:\/\/remcuanhuy.vn\/r\/wp-json\/wp\/v2\/product\/3514"}],"collection":[{"href":"https:\/\/remcuanhuy.vn\/r\/wp-json\/wp\/v2\/product"}],"about":[{"href":"https:\/\/remcuanhuy.vn\/r\/wp-json\/wp\/v2\/types\/product"}],"replies":[{"embeddable":true,"href":"https:\/\/remcuanhuy.vn\/r\/wp-json\/wp\/v2\/comments?post=3514"}],"wp:featuredmedia":[{"embeddable":true,"href":"https:\/\/remcuanhuy.vn\/r\/wp-json\/wp\/v2\/media\/3518"}],"wp:attachment":[{"href":"https:\/\/remcuanhuy.vn\/r\/wp-json\/wp\/v2\/media?parent=3514"}],"wp:term":[{"taxonomy":"product_cat","embeddable":true,"href":"https:\/\/remcuanhuy.vn\/r\/wp-json\/wp\/v2\/product_cat?post=3514"},{"taxonomy":"product_tag","embeddable":true,"href":"https:\/\/remcuanhuy.vn\/r\/wp-json\/wp\/v2\/product_tag?post=3514"}],"curies":[{"name":"wp","href":"https:\/\/api.w.org\/{rel}","templated":true}]}}