{"id":3593,"date":"2020-11-28T16:51:29","date_gmt":"2020-11-28T09:51:29","guid":{"rendered":"http:\/\/remcuanhuy.vn\/r\/?post_type=product&#038;p=3593"},"modified":"2026-01-21T01:09:37","modified_gmt":"2026-01-20T18:09:37","slug":"mau-rem-chung-cu-dep-rem-vai-mot-mau-mau-kaki-1-lop","status":"publish","type":"product","link":"https:\/\/remcuanhuy.vn\/r\/mua\/rem-vai-mot-mau\/mau-rem-chung-cu-dep-rem-vai-mot-mau-mau-kaki-1-lop\/","title":{"rendered":"M\u1eabu r\u00e8m chung c\u01b0 \u0111\u1eb9p &#8211; r\u00e8m v\u1ea3i m\u1ed9t m\u00e0u, m\u00e0u kaki, 1 l\u1edbp"},"content":{"rendered":"<p><a href=\"https:\/\/remcuanhuy.vn\/r\/wp-content\/uploads\/2020\/11\/rem-vai-mot-mau-1.jpg\"><img loading=\"lazy\" decoding=\"async\" class=\"aligncenter wp-image-3594 size-full\" src=\"https:\/\/remcuanhuy.vn\/r\/wp-content\/uploads\/2020\/11\/rem-vai-mot-mau-1.jpg\" alt=\"\" width=\"960\" height=\"1280\" srcset=\"https:\/\/remcuanhuy.vn\/r\/wp-content\/uploads\/2020\/11\/rem-vai-mot-mau-1.jpg 960w, https:\/\/remcuanhuy.vn\/r\/wp-content\/uploads\/2020\/11\/rem-vai-mot-mau-1-262x349.jpg 262w, https:\/\/remcuanhuy.vn\/r\/wp-content\/uploads\/2020\/11\/rem-vai-mot-mau-1-600x800.jpg 600w, https:\/\/remcuanhuy.vn\/r\/wp-content\/uploads\/2020\/11\/rem-vai-mot-mau-1-64x85.jpg 64w, https:\/\/remcuanhuy.vn\/r\/wp-content\/uploads\/2020\/11\/rem-vai-mot-mau-1-300x400.jpg 300w, https:\/\/remcuanhuy.vn\/r\/wp-content\/uploads\/2020\/11\/rem-vai-mot-mau-1-768x1024.jpg 768w, https:\/\/remcuanhuy.vn\/r\/wp-content\/uploads\/2020\/11\/rem-vai-mot-mau-1-225x300.jpg 225w\" sizes=\"(max-width: 960px) 100vw, 960px\" \/><\/a> <a href=\"https:\/\/remcuanhuy.vn\/r\/wp-content\/uploads\/2020\/11\/rem-vai-mot-mau-2.jpg\"><img loading=\"lazy\" decoding=\"async\" class=\"aligncenter wp-image-3595 size-full\" src=\"https:\/\/remcuanhuy.vn\/r\/wp-content\/uploads\/2020\/11\/rem-vai-mot-mau-2.jpg\" alt=\"\" width=\"960\" height=\"1280\" srcset=\"https:\/\/remcuanhuy.vn\/r\/wp-content\/uploads\/2020\/11\/rem-vai-mot-mau-2.jpg 960w, https:\/\/remcuanhuy.vn\/r\/wp-content\/uploads\/2020\/11\/rem-vai-mot-mau-2-262x349.jpg 262w, https:\/\/remcuanhuy.vn\/r\/wp-content\/uploads\/2020\/11\/rem-vai-mot-mau-2-600x800.jpg 600w, https:\/\/remcuanhuy.vn\/r\/wp-content\/uploads\/2020\/11\/rem-vai-mot-mau-2-64x85.jpg 64w, https:\/\/remcuanhuy.vn\/r\/wp-content\/uploads\/2020\/11\/rem-vai-mot-mau-2-300x400.jpg 300w, https:\/\/remcuanhuy.vn\/r\/wp-content\/uploads\/2020\/11\/rem-vai-mot-mau-2-768x1024.jpg 768w, https:\/\/remcuanhuy.vn\/r\/wp-content\/uploads\/2020\/11\/rem-vai-mot-mau-2-225x300.jpg 225w\" sizes=\"(max-width: 960px) 100vw, 960px\" \/><\/a> <a href=\"https:\/\/remcuanhuy.vn\/r\/wp-content\/uploads\/2020\/11\/rem-vai-mot-mau-3.jpg\"><img loading=\"lazy\" decoding=\"async\" class=\"aligncenter wp-image-3596 size-full\" src=\"https:\/\/remcuanhuy.vn\/r\/wp-content\/uploads\/2020\/11\/rem-vai-mot-mau-3.jpg\" alt=\"\" width=\"960\" height=\"1280\" srcset=\"https:\/\/remcuanhuy.vn\/r\/wp-content\/uploads\/2020\/11\/rem-vai-mot-mau-3.jpg 960w, https:\/\/remcuanhuy.vn\/r\/wp-content\/uploads\/2020\/11\/rem-vai-mot-mau-3-262x349.jpg 262w, https:\/\/remcuanhuy.vn\/r\/wp-content\/uploads\/2020\/11\/rem-vai-mot-mau-3-600x800.jpg 600w, https:\/\/remcuanhuy.vn\/r\/wp-content\/uploads\/2020\/11\/rem-vai-mot-mau-3-64x85.jpg 64w, https:\/\/remcuanhuy.vn\/r\/wp-content\/uploads\/2020\/11\/rem-vai-mot-mau-3-300x400.jpg 300w, https:\/\/remcuanhuy.vn\/r\/wp-content\/uploads\/2020\/11\/rem-vai-mot-mau-3-768x1024.jpg 768w, https:\/\/remcuanhuy.vn\/r\/wp-content\/uploads\/2020\/11\/rem-vai-mot-mau-3-225x300.jpg 225w\" sizes=\"(max-width: 960px) 100vw, 960px\" \/><\/a><\/p>\n","protected":false},"excerpt":{"rendered":"<p>r\u00e8m v\u1ea3i m\u1ed9t m\u00e0u, m\u1ed9t l\u1edbp c\u1ea3n n\u1eafng ch\u1eafn s\u00e1ng 90%. <strong><a href=\"https:\/\/remcuanhuy.vn\/r\/mua\/rem-vai-mot-mau\/mau-rem-chung-cu-dep-rem-vai-mot-mau-kaki-1-lop\/\">M\u1eabu r\u00e8m chung c\u01b0 \u0111\u1eb9p<\/a><\/strong> thi\u1ebft k\u1ebf d\u00e0nh cho kh\u00f4ng gian ph\u00f2ng kh\u00e1ch, ph\u00f2ng ng\u1ee7<\/p>\n<ul>\n<li>m\u00e0u s\u1eafc: kaki<\/li>\n<li>gi\u00e1 t\u00ednh tr\u00ean 1m ngang<\/li>\n<li>tr\u1ea1ng th\u00e1i: \u0111\u00e3 ho\u00e0n thi\u1ec7n<\/li>\n<li>\u01b0u \u0111i\u1ec3m: kh\u00f4ng b\u1eaft b\u1ee5i, c\u1ea3n n\u1eafng, ch\u1eafn s\u00e1ng t\u1ed1t<\/li>\n<\/ul>\n","protected":false},"featured_media":3596,"comment_status":"open","ping_status":"closed","template":"","meta":[],"product_cat":[86],"product_tag":[337,355,354],"_links":{"self":[{"href":"https:\/\/remcuanhuy.vn\/r\/wp-json\/wp\/v2\/product\/3593"}],"collection":[{"href":"https:\/\/remcuanhuy.vn\/r\/wp-json\/wp\/v2\/product"}],"about":[{"href":"https:\/\/remcuanhuy.vn\/r\/wp-json\/wp\/v2\/types\/product"}],"replies":[{"embeddable":true,"href":"https:\/\/remcuanhuy.vn\/r\/wp-json\/wp\/v2\/comments?post=3593"}],"wp:featuredmedia":[{"embeddable":true,"href":"https:\/\/remcuanhuy.vn\/r\/wp-json\/wp\/v2\/media\/3596"}],"wp:attachment":[{"href":"https:\/\/remcuanhuy.vn\/r\/wp-json\/wp\/v2\/media?parent=3593"}],"wp:term":[{"taxonomy":"product_cat","embeddable":true,"href":"https:\/\/remcuanhuy.vn\/r\/wp-json\/wp\/v2\/product_cat?post=3593"},{"taxonomy":"product_tag","embeddable":true,"href":"https:\/\/remcuanhuy.vn\/r\/wp-json\/wp\/v2\/product_tag?post=3593"}],"curies":[{"name":"wp","href":"https:\/\/api.w.org\/{rel}","templated":true}]}}