{"id":3642,"date":"2020-12-01T11:30:01","date_gmt":"2020-12-01T04:30:01","guid":{"rendered":"http:\/\/remcuanhuy.vn\/r\/?post_type=product&#038;p=3642"},"modified":"2026-03-21T09:20:25","modified_gmt":"2026-03-21T02:20:25","slug":"rem-vai-1-mau-dep-mau-xanh-co-ban-cho-chung-cu","status":"publish","type":"product","link":"https:\/\/remcuanhuy.vn\/r\/mua\/rem-vai-mot-mau\/rem-vai-1-mau-dep-mau-xanh-co-ban-cho-chung-cu\/","title":{"rendered":"R\u00e8m V\u1ea3i 1 M\u00e0u \u0110\u1eb9p, M\u00e0u Xanh C\u00f4 Ban Cho Chung C\u01b0"},"content":{"rendered":"<p><a href=\"https:\/\/remcuanhuy.vn\/r\/wp-content\/uploads\/2020\/12\/rem-vai-mot-mau_rem-cua-nhu-y_01.jpg\"><img loading=\"lazy\" decoding=\"async\" class=\"aligncenter wp-image-3643 \" src=\"https:\/\/remcuanhuy.vn\/r\/wp-content\/uploads\/2020\/12\/rem-vai-mot-mau_rem-cua-nhu-y_01.jpg\" alt=\"\" width=\"960\" height=\"720\" srcset=\"https:\/\/remcuanhuy.vn\/r\/wp-content\/uploads\/2020\/12\/rem-vai-mot-mau_rem-cua-nhu-y_01.jpg 1280w, https:\/\/remcuanhuy.vn\/r\/wp-content\/uploads\/2020\/12\/rem-vai-mot-mau_rem-cua-nhu-y_01-600x450.jpg 600w, https:\/\/remcuanhuy.vn\/r\/wp-content\/uploads\/2020\/12\/rem-vai-mot-mau_rem-cua-nhu-y_01-64x48.jpg 64w, https:\/\/remcuanhuy.vn\/r\/wp-content\/uploads\/2020\/12\/rem-vai-mot-mau_rem-cua-nhu-y_01-533x400.jpg 533w, https:\/\/remcuanhuy.vn\/r\/wp-content\/uploads\/2020\/12\/rem-vai-mot-mau_rem-cua-nhu-y_01-1067x800.jpg 1067w, https:\/\/remcuanhuy.vn\/r\/wp-content\/uploads\/2020\/12\/rem-vai-mot-mau_rem-cua-nhu-y_01-768x576.jpg 768w, https:\/\/remcuanhuy.vn\/r\/wp-content\/uploads\/2020\/12\/rem-vai-mot-mau_rem-cua-nhu-y_01-300x225.jpg 300w, https:\/\/remcuanhuy.vn\/r\/wp-content\/uploads\/2020\/12\/rem-vai-mot-mau_rem-cua-nhu-y_01-1024x768.jpg 1024w\" sizes=\"(max-width: 960px) 100vw, 960px\" \/><\/a> <a href=\"https:\/\/remcuanhuy.vn\/r\/wp-content\/uploads\/2020\/12\/rem-vai-mot-mau_rem-cua-nhu-y_03.jpg\"><img loading=\"lazy\" decoding=\"async\" class=\"aligncenter wp-image-3645 \" src=\"https:\/\/remcuanhuy.vn\/r\/wp-content\/uploads\/2020\/12\/rem-vai-mot-mau_rem-cua-nhu-y_03.jpg\" alt=\"\" width=\"960\" height=\"720\" srcset=\"https:\/\/remcuanhuy.vn\/r\/wp-content\/uploads\/2020\/12\/rem-vai-mot-mau_rem-cua-nhu-y_03.jpg 1280w, https:\/\/remcuanhuy.vn\/r\/wp-content\/uploads\/2020\/12\/rem-vai-mot-mau_rem-cua-nhu-y_03-600x450.jpg 600w, https:\/\/remcuanhuy.vn\/r\/wp-content\/uploads\/2020\/12\/rem-vai-mot-mau_rem-cua-nhu-y_03-64x48.jpg 64w, https:\/\/remcuanhuy.vn\/r\/wp-content\/uploads\/2020\/12\/rem-vai-mot-mau_rem-cua-nhu-y_03-533x400.jpg 533w, https:\/\/remcuanhuy.vn\/r\/wp-content\/uploads\/2020\/12\/rem-vai-mot-mau_rem-cua-nhu-y_03-1067x800.jpg 1067w, https:\/\/remcuanhuy.vn\/r\/wp-content\/uploads\/2020\/12\/rem-vai-mot-mau_rem-cua-nhu-y_03-768x576.jpg 768w, https:\/\/remcuanhuy.vn\/r\/wp-content\/uploads\/2020\/12\/rem-vai-mot-mau_rem-cua-nhu-y_03-300x225.jpg 300w, https:\/\/remcuanhuy.vn\/r\/wp-content\/uploads\/2020\/12\/rem-vai-mot-mau_rem-cua-nhu-y_03-1024x768.jpg 1024w\" sizes=\"(max-width: 960px) 100vw, 960px\" \/><\/a><a href=\"https:\/\/remcuanhuy.vn\/r\/wp-content\/uploads\/2020\/12\/rem-vai-mot-mau_rem-cua-nhu-y_02.jpg\"><img loading=\"lazy\" decoding=\"async\" class=\"aligncenter wp-image-3644 size-full\" src=\"https:\/\/remcuanhuy.vn\/r\/wp-content\/uploads\/2020\/12\/rem-vai-mot-mau_rem-cua-nhu-y_02.jpg\" alt=\"\" width=\"960\" height=\"1280\" srcset=\"https:\/\/remcuanhuy.vn\/r\/wp-content\/uploads\/2020\/12\/rem-vai-mot-mau_rem-cua-nhu-y_02.jpg 960w, https:\/\/remcuanhuy.vn\/r\/wp-content\/uploads\/2020\/12\/rem-vai-mot-mau_rem-cua-nhu-y_02-262x349.jpg 262w, https:\/\/remcuanhuy.vn\/r\/wp-content\/uploads\/2020\/12\/rem-vai-mot-mau_rem-cua-nhu-y_02-600x800.jpg 600w, https:\/\/remcuanhuy.vn\/r\/wp-content\/uploads\/2020\/12\/rem-vai-mot-mau_rem-cua-nhu-y_02-64x85.jpg 64w, https:\/\/remcuanhuy.vn\/r\/wp-content\/uploads\/2020\/12\/rem-vai-mot-mau_rem-cua-nhu-y_02-300x400.jpg 300w, https:\/\/remcuanhuy.vn\/r\/wp-content\/uploads\/2020\/12\/rem-vai-mot-mau_rem-cua-nhu-y_02-768x1024.jpg 768w, https:\/\/remcuanhuy.vn\/r\/wp-content\/uploads\/2020\/12\/rem-vai-mot-mau_rem-cua-nhu-y_02-225x300.jpg 225w\" sizes=\"(max-width: 960px) 100vw, 960px\" \/><\/a><\/p>\n","protected":false},"excerpt":{"rendered":"<p>R\u00e8m v\u1ea3i m\u1ed9t m\u00e0u tone m\u00e0u xanh c\u00f4 ban, l\u00e0 thi\u1ebft k\u1ebf n\u1ed5i b\u1eadt tr\u00ean r\u1ea5t nhi\u1ec1u \u00f4 c\u1eeda chung c\u01b0 hi\u1ec7n nay. Xu h\u01b0\u1edbng ch\u1ecdn <a href=\"https:\/\/remcuanhuy.vn\/r\/mua\/rem-vai-mot-mau\/rem-vai-1-mau-dep-mau-xanh-co-ban-cho-chung-cu\/\"><strong>r\u00e8m v\u1ea3i m\u1ed9t m\u00e0u \u0111\u1eb9p<\/strong><\/a> ng\u00e0y c\u00e0ng nhi\u1ec1u b\u1edfi t\u00ednh \u0111\u01a1n gi\u1ea3n nh\u01b0ng sang tr\u1ecdng, l\u1ecbch s\u1ef1 c\u1ee7a n\u00f3. H\u01a1n n\u1eefa l\u1ef1a ch\u1ecdn m\u00e0u s\u1eafc h\u1ee3p tu\u1ed5i, h\u1ee3p phong th\u1ee7y c\u0169ng l\u00e0 m\u1ed9t \u0111i\u1ec3m nh\u1ea5n kh\u00f4ng th\u1ec3 thi\u1ebfu cho lo\u1ea1i r\u00e8m v\u1ea3i n\u00e0y.<\/p>\n<ul>\n<li>Ch\u1ee9c n\u0103ng: c\u1ea3n n\u1eafng, ch\u1eafn s\u00e1ng 90%, ch\u1ed1ng \u1ed3n<\/li>\n<li>\u01afu \u0111i\u1ec3m: kh\u00f4ng b\u1eaft b\u1ee5i, d\u1ec5 v\u1ec7 sinh, \u0111\u01a1n gi\u1ea3n nh\u01b0ng l\u1ecbch s\u1ef1<\/li>\n<li>Tr\u1ea1ng th\u00e1i: \u0111\u00e3 ho\u00e0n th\u00e0nh<\/li>\n<li>Gi\u00e1: t\u00ednh tr\u00ean m\u00e9t ngang c\u1eeda<\/li>\n<\/ul>\n<p>&nbsp;<\/p>\n","protected":false},"featured_media":3643,"comment_status":"open","ping_status":"closed","template":"","meta":[],"product_cat":[86],"product_tag":[338,355,356],"_links":{"self":[{"href":"https:\/\/remcuanhuy.vn\/r\/wp-json\/wp\/v2\/product\/3642"}],"collection":[{"href":"https:\/\/remcuanhuy.vn\/r\/wp-json\/wp\/v2\/product"}],"about":[{"href":"https:\/\/remcuanhuy.vn\/r\/wp-json\/wp\/v2\/types\/product"}],"replies":[{"embeddable":true,"href":"https:\/\/remcuanhuy.vn\/r\/wp-json\/wp\/v2\/comments?post=3642"}],"wp:featuredmedia":[{"embeddable":true,"href":"https:\/\/remcuanhuy.vn\/r\/wp-json\/wp\/v2\/media\/3643"}],"wp:attachment":[{"href":"https:\/\/remcuanhuy.vn\/r\/wp-json\/wp\/v2\/media?parent=3642"}],"wp:term":[{"taxonomy":"product_cat","embeddable":true,"href":"https:\/\/remcuanhuy.vn\/r\/wp-json\/wp\/v2\/product_cat?post=3642"},{"taxonomy":"product_tag","embeddable":true,"href":"https:\/\/remcuanhuy.vn\/r\/wp-json\/wp\/v2\/product_tag?post=3642"}],"curies":[{"name":"wp","href":"https:\/\/api.w.org\/{rel}","templated":true}]}}